{"id":1503,"date":"2020-05-06T12:59:42","date_gmt":"2020-05-06T12:59:42","guid":{"rendered":"https:\/\/oxytronic.fr\/?page_id=1503"},"modified":"2023-06-20T13:21:32","modified_gmt":"2023-06-20T13:21:32","slug":"ican-picopop-carrier","status":"publish","type":"page","link":"https:\/\/oxytronic.fr\/en\/products\/boards-and-equipment\/ican-picopop-carrier\/","title":{"rendered":"iCan PicoPop\u00ae Carrier"},"content":{"rendered":"\n<p>iCan PicoPop\u00ae Carrier est une carte d&#8217;accueil au format PCIe permettant de tirer pleinement parti de toute la puissance de la carte <strong>iCan PicoPop\u00ae SOM<\/strong>.<\/p>\n\n\n\n<div class=\"wp-block-buttons is-layout-flex wp-block-buttons-is-layout-flex\">\n<div class=\"wp-block-button picto-download\"><a class=\"wp-block-button__link wp-element-button\">Download Product Sheet<\/a><\/div>\n<\/div>\n\n\n\n<p><\/p>\n","protected":false},"excerpt":{"rendered":"<p>iCan PicoPop\u00ae Carrier est une carte d&#8217;accueil pour notre module SOM iCan PicoPop\u00ae<\/p>\n","protected":false},"author":1,"featured_media":1144,"parent":827,"menu_order":26,"comment_status":"closed","ping_status":"closed","template":"templates\/single-product.php","meta":{"_acf_changed":false,"footnotes":""},"class_list":["post-1503","page","type-page","status-publish","has-post-thumbnail","hentry"],"acf":[],"yoast_head":"<!-- This site is optimized with the Yoast SEO plugin v27.2 - https:\/\/yoast.com\/product\/yoast-seo-wordpress\/ -->\n<title>iCan PicoPop\u00ae Carrier | Oxytronic<\/title>\n<meta name=\"robots\" content=\"index, follow, max-snippet:-1, max-image-preview:large, max-video-preview:-1\" \/>\n<link rel=\"canonical\" href=\"https:\/\/oxytronic.fr\/en\/products\/boards-and-equipment\/ican-picopop-carrier\/\" \/>\n<meta property=\"og:locale\" content=\"en_US\" \/>\n<meta property=\"og:type\" content=\"article\" \/>\n<meta property=\"og:title\" content=\"iCan PicoPop\u00ae Carrier | Oxytronic\" \/>\n<meta property=\"og:description\" content=\"iCan PicoPop\u00ae Carrier est une carte d&#039;accueil pour notre module SOM iCan PicoPop\u00ae\" \/>\n<meta property=\"og:url\" content=\"https:\/\/oxytronic.fr\/en\/products\/boards-and-equipment\/ican-picopop-carrier\/\" \/>\n<meta property=\"og:site_name\" content=\"Oxytronic\" \/>\n<meta property=\"article:modified_time\" content=\"2023-06-20T13:21:32+00:00\" \/>\n<meta property=\"og:image\" content=\"https:\/\/oxytronic.fr\/assets\/uploads\/2020\/05\/ican-picopop-carrier.jpg\" \/>\n\t<meta property=\"og:image:width\" content=\"1312\" \/>\n\t<meta property=\"og:image:height\" content=\"898\" \/>\n\t<meta property=\"og:image:type\" content=\"image\/jpeg\" \/>\n<meta name=\"twitter:card\" content=\"summary_large_image\" \/>\n<meta name=\"twitter:label1\" content=\"Est. reading time\" \/>\n\t<meta name=\"twitter:data1\" content=\"1 minute\" \/>\n<script type=\"application\/ld+json\" class=\"yoast-schema-graph\">{\"@context\":\"https:\/\/schema.org\",\"@graph\":[{\"@type\":\"WebPage\",\"@id\":\"https:\/\/oxytronic.fr\/en\/products\/boards-and-equipment\/ican-picopop-carrier\/\",\"url\":\"https:\/\/oxytronic.fr\/en\/products\/boards-and-equipment\/ican-picopop-carrier\/\",\"name\":\"iCan PicoPop\u00ae Carrier | Oxytronic\",\"isPartOf\":{\"@id\":\"https:\/\/oxytronic.fr\/#website\"},\"primaryImageOfPage\":{\"@id\":\"https:\/\/oxytronic.fr\/en\/products\/boards-and-equipment\/ican-picopop-carrier\/#primaryimage\"},\"image\":{\"@id\":\"https:\/\/oxytronic.fr\/en\/products\/boards-and-equipment\/ican-picopop-carrier\/#primaryimage\"},\"thumbnailUrl\":\"https:\/\/oxytronic.fr\/assets\/uploads\/2020\/05\/ican-picopop-carrier.jpg\",\"datePublished\":\"2020-05-06T12:59:42+00:00\",\"dateModified\":\"2023-06-20T13:21:32+00:00\",\"breadcrumb\":{\"@id\":\"https:\/\/oxytronic.fr\/en\/products\/boards-and-equipment\/ican-picopop-carrier\/#breadcrumb\"},\"inLanguage\":\"en-US\",\"potentialAction\":[{\"@type\":\"ReadAction\",\"target\":[\"https:\/\/oxytronic.fr\/en\/products\/boards-and-equipment\/ican-picopop-carrier\/\"]}]},{\"@type\":\"ImageObject\",\"inLanguage\":\"en-US\",\"@id\":\"https:\/\/oxytronic.fr\/en\/products\/boards-and-equipment\/ican-picopop-carrier\/#primaryimage\",\"url\":\"https:\/\/oxytronic.fr\/assets\/uploads\/2020\/05\/ican-picopop-carrier.jpg\",\"contentUrl\":\"https:\/\/oxytronic.fr\/assets\/uploads\/2020\/05\/ican-picopop-carrier.jpg\",\"width\":1312,\"height\":898},{\"@type\":\"BreadcrumbList\",\"@id\":\"https:\/\/oxytronic.fr\/en\/products\/boards-and-equipment\/ican-picopop-carrier\/#breadcrumb\",\"itemListElement\":[{\"@type\":\"ListItem\",\"position\":1,\"name\":\"Accueil\",\"item\":\"https:\/\/oxytronic.fr\/en\/accueil\/\"},{\"@type\":\"ListItem\",\"position\":2,\"name\":\"Products\",\"item\":\"https:\/\/oxytronic.fr\/produits\/\"},{\"@type\":\"ListItem\",\"position\":3,\"name\":\"Boards and Equipment\",\"item\":\"https:\/\/oxytronic.fr\/produits\/cartes-electroniques-logiciels-embarques\/\"},{\"@type\":\"ListItem\",\"position\":4,\"name\":\"iCan PicoPop\u00ae Carrier\"}]},{\"@type\":\"WebSite\",\"@id\":\"https:\/\/oxytronic.fr\/#website\",\"url\":\"https:\/\/oxytronic.fr\/\",\"name\":\"Oxytronic\",\"description\":\"Entreprise sp\u00e9cialis\u00e9e dans les \u00e9quipements \u00e9lectroniques.\",\"publisher\":{\"@id\":\"https:\/\/oxytronic.fr\/#organization\"},\"potentialAction\":[{\"@type\":\"SearchAction\",\"target\":{\"@type\":\"EntryPoint\",\"urlTemplate\":\"https:\/\/oxytronic.fr\/?s={search_term_string}\"},\"query-input\":{\"@type\":\"PropertyValueSpecification\",\"valueRequired\":true,\"valueName\":\"search_term_string\"}}],\"inLanguage\":\"en-US\"},{\"@type\":\"Organization\",\"@id\":\"https:\/\/oxytronic.fr\/#organization\",\"name\":\"Oxytronic\",\"url\":\"https:\/\/oxytronic.fr\/\",\"logo\":{\"@type\":\"ImageObject\",\"inLanguage\":\"en-US\",\"@id\":\"https:\/\/oxytronic.fr\/#\/schema\/logo\/image\/\",\"url\":\"https:\/\/oxytronic.fr\/assets\/uploads\/2020\/04\/oxytronic.svg\",\"contentUrl\":\"https:\/\/oxytronic.fr\/assets\/uploads\/2020\/04\/oxytronic.svg\",\"width\":1697,\"height\":250,\"caption\":\"Oxytronic\"},\"image\":{\"@id\":\"https:\/\/oxytronic.fr\/#\/schema\/logo\/image\/\"},\"sameAs\":[\"https:\/\/www.linkedin.com\/company\/oxytronic\/\",\"https:\/\/www.youtube.com\/channel\/UCzMjeiwK0ZJRcP4GqX72Ocg\"]}]}<\/script>\n<!-- \/ Yoast SEO plugin. -->","yoast_head_json":{"title":"iCan PicoPop\u00ae Carrier | Oxytronic","robots":{"index":"index","follow":"follow","max-snippet":"max-snippet:-1","max-image-preview":"max-image-preview:large","max-video-preview":"max-video-preview:-1"},"canonical":"https:\/\/oxytronic.fr\/en\/products\/boards-and-equipment\/ican-picopop-carrier\/","og_locale":"en_US","og_type":"article","og_title":"iCan PicoPop\u00ae Carrier | Oxytronic","og_description":"iCan PicoPop\u00ae Carrier est une carte d'accueil pour notre module SOM iCan PicoPop\u00ae","og_url":"https:\/\/oxytronic.fr\/en\/products\/boards-and-equipment\/ican-picopop-carrier\/","og_site_name":"Oxytronic","article_modified_time":"2023-06-20T13:21:32+00:00","og_image":[{"width":1312,"height":898,"url":"https:\/\/oxytronic.fr\/assets\/uploads\/2020\/05\/ican-picopop-carrier.jpg","type":"image\/jpeg"}],"twitter_card":"summary_large_image","twitter_misc":{"Est. reading time":"1 minute"},"schema":{"@context":"https:\/\/schema.org","@graph":[{"@type":"WebPage","@id":"https:\/\/oxytronic.fr\/en\/products\/boards-and-equipment\/ican-picopop-carrier\/","url":"https:\/\/oxytronic.fr\/en\/products\/boards-and-equipment\/ican-picopop-carrier\/","name":"iCan PicoPop\u00ae Carrier | Oxytronic","isPartOf":{"@id":"https:\/\/oxytronic.fr\/#website"},"primaryImageOfPage":{"@id":"https:\/\/oxytronic.fr\/en\/products\/boards-and-equipment\/ican-picopop-carrier\/#primaryimage"},"image":{"@id":"https:\/\/oxytronic.fr\/en\/products\/boards-and-equipment\/ican-picopop-carrier\/#primaryimage"},"thumbnailUrl":"https:\/\/oxytronic.fr\/assets\/uploads\/2020\/05\/ican-picopop-carrier.jpg","datePublished":"2020-05-06T12:59:42+00:00","dateModified":"2023-06-20T13:21:32+00:00","breadcrumb":{"@id":"https:\/\/oxytronic.fr\/en\/products\/boards-and-equipment\/ican-picopop-carrier\/#breadcrumb"},"inLanguage":"en-US","potentialAction":[{"@type":"ReadAction","target":["https:\/\/oxytronic.fr\/en\/products\/boards-and-equipment\/ican-picopop-carrier\/"]}]},{"@type":"ImageObject","inLanguage":"en-US","@id":"https:\/\/oxytronic.fr\/en\/products\/boards-and-equipment\/ican-picopop-carrier\/#primaryimage","url":"https:\/\/oxytronic.fr\/assets\/uploads\/2020\/05\/ican-picopop-carrier.jpg","contentUrl":"https:\/\/oxytronic.fr\/assets\/uploads\/2020\/05\/ican-picopop-carrier.jpg","width":1312,"height":898},{"@type":"BreadcrumbList","@id":"https:\/\/oxytronic.fr\/en\/products\/boards-and-equipment\/ican-picopop-carrier\/#breadcrumb","itemListElement":[{"@type":"ListItem","position":1,"name":"Accueil","item":"https:\/\/oxytronic.fr\/en\/accueil\/"},{"@type":"ListItem","position":2,"name":"Products","item":"https:\/\/oxytronic.fr\/produits\/"},{"@type":"ListItem","position":3,"name":"Boards and Equipment","item":"https:\/\/oxytronic.fr\/produits\/cartes-electroniques-logiciels-embarques\/"},{"@type":"ListItem","position":4,"name":"iCan PicoPop\u00ae Carrier"}]},{"@type":"WebSite","@id":"https:\/\/oxytronic.fr\/#website","url":"https:\/\/oxytronic.fr\/","name":"Oxytronic","description":"Entreprise sp\u00e9cialis\u00e9e dans les \u00e9quipements \u00e9lectroniques.","publisher":{"@id":"https:\/\/oxytronic.fr\/#organization"},"potentialAction":[{"@type":"SearchAction","target":{"@type":"EntryPoint","urlTemplate":"https:\/\/oxytronic.fr\/?s={search_term_string}"},"query-input":{"@type":"PropertyValueSpecification","valueRequired":true,"valueName":"search_term_string"}}],"inLanguage":"en-US"},{"@type":"Organization","@id":"https:\/\/oxytronic.fr\/#organization","name":"Oxytronic","url":"https:\/\/oxytronic.fr\/","logo":{"@type":"ImageObject","inLanguage":"en-US","@id":"https:\/\/oxytronic.fr\/#\/schema\/logo\/image\/","url":"https:\/\/oxytronic.fr\/assets\/uploads\/2020\/04\/oxytronic.svg","contentUrl":"https:\/\/oxytronic.fr\/assets\/uploads\/2020\/04\/oxytronic.svg","width":1697,"height":250,"caption":"Oxytronic"},"image":{"@id":"https:\/\/oxytronic.fr\/#\/schema\/logo\/image\/"},"sameAs":["https:\/\/www.linkedin.com\/company\/oxytronic\/","https:\/\/www.youtube.com\/channel\/UCzMjeiwK0ZJRcP4GqX72Ocg"]}]}},"_links":{"self":[{"href":"https:\/\/oxytronic.fr\/en\/wp-json\/wp\/v2\/pages\/1503","targetHints":{"allow":["GET"]}}],"collection":[{"href":"https:\/\/oxytronic.fr\/en\/wp-json\/wp\/v2\/pages"}],"about":[{"href":"https:\/\/oxytronic.fr\/en\/wp-json\/wp\/v2\/types\/page"}],"author":[{"embeddable":true,"href":"https:\/\/oxytronic.fr\/en\/wp-json\/wp\/v2\/users\/1"}],"replies":[{"embeddable":true,"href":"https:\/\/oxytronic.fr\/en\/wp-json\/wp\/v2\/comments?post=1503"}],"version-history":[{"count":3,"href":"https:\/\/oxytronic.fr\/en\/wp-json\/wp\/v2\/pages\/1503\/revisions"}],"predecessor-version":[{"id":2393,"href":"https:\/\/oxytronic.fr\/en\/wp-json\/wp\/v2\/pages\/1503\/revisions\/2393"}],"up":[{"embeddable":true,"href":"https:\/\/oxytronic.fr\/en\/wp-json\/wp\/v2\/pages\/827"}],"wp:featuredmedia":[{"embeddable":true,"href":"https:\/\/oxytronic.fr\/en\/wp-json\/wp\/v2\/media\/1144"}],"wp:attachment":[{"href":"https:\/\/oxytronic.fr\/en\/wp-json\/wp\/v2\/media?parent=1503"}],"curies":[{"name":"wp","href":"https:\/\/api.w.org\/{rel}","templated":true}]}}