{"id":818,"date":"2020-04-14T09:54:10","date_gmt":"2020-04-14T09:54:10","guid":{"rendered":"https:\/\/oxytronic.fr\/ecrans\/"},"modified":"2020-06-11T08:44:20","modified_gmt":"2020-06-11T08:44:20","slug":"displays","status":"publish","type":"page","link":"https:\/\/oxytronic.fr\/en\/products\/displays\/","title":{"rendered":"Displays"},"content":{"rendered":"\n<p>We offer a wide range of rugged displays for cockpit and cabin aerospace applications. All products can be customizable to fit your own requirements.<\/p>\n","protected":false},"excerpt":{"rendered":"<p>A range of rugged customizable avionics displays for cockpits and cabins.<\/p>\n","protected":false},"author":1,"featured_media":1663,"parent":839,"menu_order":13,"comment_status":"closed","ping_status":"closed","template":"templates\/list-products.php","meta":{"_acf_changed":false,"footnotes":""},"class_list":["post-818","page","type-page","status-publish","has-post-thumbnail","hentry"],"acf":[],"yoast_head":"<!-- This site is optimized with the Yoast SEO plugin v27.2 - https:\/\/yoast.com\/product\/yoast-seo-wordpress\/ -->\n<title>Displays | Oxytronic<\/title>\n<meta name=\"robots\" content=\"index, follow, max-snippet:-1, max-image-preview:large, max-video-preview:-1\" \/>\n<link rel=\"canonical\" href=\"https:\/\/oxytronic.fr\/produits\/ecran\/\" \/>\n<meta property=\"og:locale\" content=\"en_US\" \/>\n<meta property=\"og:type\" content=\"article\" \/>\n<meta property=\"og:title\" content=\"Displays | Oxytronic\" \/>\n<meta property=\"og:description\" content=\"A range of rugged customizable avionics displays for cockpits and cabins.\" \/>\n<meta property=\"og:url\" content=\"https:\/\/oxytronic.fr\/produits\/ecran\/\" \/>\n<meta property=\"og:site_name\" content=\"Oxytronic\" \/>\n<meta property=\"article:modified_time\" content=\"2020-06-11T08:44:20+00:00\" \/>\n<meta property=\"og:image\" content=\"https:\/\/oxytronic.fr\/assets\/uploads\/2020\/06\/Nos-produits-Ecrans.jpg\" \/>\n\t<meta property=\"og:image:width\" content=\"2560\" \/>\n\t<meta property=\"og:image:height\" content=\"1350\" \/>\n\t<meta property=\"og:image:type\" content=\"image\/jpeg\" \/>\n<meta name=\"twitter:card\" content=\"summary_large_image\" \/>\n<script type=\"application\/ld+json\" class=\"yoast-schema-graph\">{\"@context\":\"https:\/\/schema.org\",\"@graph\":[{\"@type\":\"WebPage\",\"@id\":\"https:\/\/oxytronic.fr\/produits\/ecran\/\",\"url\":\"https:\/\/oxytronic.fr\/produits\/ecran\/\",\"name\":\"Displays | Oxytronic\",\"isPartOf\":{\"@id\":\"https:\/\/oxytronic.fr\/#website\"},\"primaryImageOfPage\":{\"@id\":\"https:\/\/oxytronic.fr\/produits\/ecran\/#primaryimage\"},\"image\":{\"@id\":\"https:\/\/oxytronic.fr\/produits\/ecran\/#primaryimage\"},\"thumbnailUrl\":\"https:\/\/oxytronic.fr\/assets\/uploads\/2020\/06\/Nos-produits-Ecrans.jpg\",\"datePublished\":\"2020-04-14T09:54:10+00:00\",\"dateModified\":\"2020-06-11T08:44:20+00:00\",\"breadcrumb\":{\"@id\":\"https:\/\/oxytronic.fr\/produits\/ecran\/#breadcrumb\"},\"inLanguage\":\"en-US\",\"potentialAction\":[{\"@type\":\"ReadAction\",\"target\":[\"https:\/\/oxytronic.fr\/produits\/ecran\/\"]}]},{\"@type\":\"ImageObject\",\"inLanguage\":\"en-US\",\"@id\":\"https:\/\/oxytronic.fr\/produits\/ecran\/#primaryimage\",\"url\":\"https:\/\/oxytronic.fr\/assets\/uploads\/2020\/06\/Nos-produits-Ecrans.jpg\",\"contentUrl\":\"https:\/\/oxytronic.fr\/assets\/uploads\/2020\/06\/Nos-produits-Ecrans.jpg\",\"width\":2560,\"height\":1350},{\"@type\":\"BreadcrumbList\",\"@id\":\"https:\/\/oxytronic.fr\/produits\/ecran\/#breadcrumb\",\"itemListElement\":[{\"@type\":\"ListItem\",\"position\":1,\"name\":\"Accueil\",\"item\":\"https:\/\/oxytronic.fr\/en\/accueil\/\"},{\"@type\":\"ListItem\",\"position\":2,\"name\":\"Products\",\"item\":\"https:\/\/oxytronic.fr\/produits\/\"},{\"@type\":\"ListItem\",\"position\":3,\"name\":\"Displays\"}]},{\"@type\":\"WebSite\",\"@id\":\"https:\/\/oxytronic.fr\/#website\",\"url\":\"https:\/\/oxytronic.fr\/\",\"name\":\"Oxytronic\",\"description\":\"Entreprise sp\u00e9cialis\u00e9e dans les \u00e9quipements \u00e9lectroniques.\",\"publisher\":{\"@id\":\"https:\/\/oxytronic.fr\/#organization\"},\"potentialAction\":[{\"@type\":\"SearchAction\",\"target\":{\"@type\":\"EntryPoint\",\"urlTemplate\":\"https:\/\/oxytronic.fr\/?s={search_term_string}\"},\"query-input\":{\"@type\":\"PropertyValueSpecification\",\"valueRequired\":true,\"valueName\":\"search_term_string\"}}],\"inLanguage\":\"en-US\"},{\"@type\":\"Organization\",\"@id\":\"https:\/\/oxytronic.fr\/#organization\",\"name\":\"Oxytronic\",\"url\":\"https:\/\/oxytronic.fr\/\",\"logo\":{\"@type\":\"ImageObject\",\"inLanguage\":\"en-US\",\"@id\":\"https:\/\/oxytronic.fr\/#\/schema\/logo\/image\/\",\"url\":\"https:\/\/oxytronic.fr\/assets\/uploads\/2020\/04\/oxytronic.svg\",\"contentUrl\":\"https:\/\/oxytronic.fr\/assets\/uploads\/2020\/04\/oxytronic.svg\",\"width\":1697,\"height\":250,\"caption\":\"Oxytronic\"},\"image\":{\"@id\":\"https:\/\/oxytronic.fr\/#\/schema\/logo\/image\/\"},\"sameAs\":[\"https:\/\/www.linkedin.com\/company\/oxytronic\/\",\"https:\/\/www.youtube.com\/channel\/UCzMjeiwK0ZJRcP4GqX72Ocg\"]}]}<\/script>\n<!-- \/ Yoast SEO plugin. -->","yoast_head_json":{"title":"Displays | Oxytronic","robots":{"index":"index","follow":"follow","max-snippet":"max-snippet:-1","max-image-preview":"max-image-preview:large","max-video-preview":"max-video-preview:-1"},"canonical":"https:\/\/oxytronic.fr\/produits\/ecran\/","og_locale":"en_US","og_type":"article","og_title":"Displays | Oxytronic","og_description":"A range of rugged customizable avionics displays for cockpits and cabins.","og_url":"https:\/\/oxytronic.fr\/produits\/ecran\/","og_site_name":"Oxytronic","article_modified_time":"2020-06-11T08:44:20+00:00","og_image":[{"width":2560,"height":1350,"url":"https:\/\/oxytronic.fr\/assets\/uploads\/2020\/06\/Nos-produits-Ecrans.jpg","type":"image\/jpeg"}],"twitter_card":"summary_large_image","schema":{"@context":"https:\/\/schema.org","@graph":[{"@type":"WebPage","@id":"https:\/\/oxytronic.fr\/produits\/ecran\/","url":"https:\/\/oxytronic.fr\/produits\/ecran\/","name":"Displays | Oxytronic","isPartOf":{"@id":"https:\/\/oxytronic.fr\/#website"},"primaryImageOfPage":{"@id":"https:\/\/oxytronic.fr\/produits\/ecran\/#primaryimage"},"image":{"@id":"https:\/\/oxytronic.fr\/produits\/ecran\/#primaryimage"},"thumbnailUrl":"https:\/\/oxytronic.fr\/assets\/uploads\/2020\/06\/Nos-produits-Ecrans.jpg","datePublished":"2020-04-14T09:54:10+00:00","dateModified":"2020-06-11T08:44:20+00:00","breadcrumb":{"@id":"https:\/\/oxytronic.fr\/produits\/ecran\/#breadcrumb"},"inLanguage":"en-US","potentialAction":[{"@type":"ReadAction","target":["https:\/\/oxytronic.fr\/produits\/ecran\/"]}]},{"@type":"ImageObject","inLanguage":"en-US","@id":"https:\/\/oxytronic.fr\/produits\/ecran\/#primaryimage","url":"https:\/\/oxytronic.fr\/assets\/uploads\/2020\/06\/Nos-produits-Ecrans.jpg","contentUrl":"https:\/\/oxytronic.fr\/assets\/uploads\/2020\/06\/Nos-produits-Ecrans.jpg","width":2560,"height":1350},{"@type":"BreadcrumbList","@id":"https:\/\/oxytronic.fr\/produits\/ecran\/#breadcrumb","itemListElement":[{"@type":"ListItem","position":1,"name":"Accueil","item":"https:\/\/oxytronic.fr\/en\/accueil\/"},{"@type":"ListItem","position":2,"name":"Products","item":"https:\/\/oxytronic.fr\/produits\/"},{"@type":"ListItem","position":3,"name":"Displays"}]},{"@type":"WebSite","@id":"https:\/\/oxytronic.fr\/#website","url":"https:\/\/oxytronic.fr\/","name":"Oxytronic","description":"Entreprise sp\u00e9cialis\u00e9e dans les \u00e9quipements \u00e9lectroniques.","publisher":{"@id":"https:\/\/oxytronic.fr\/#organization"},"potentialAction":[{"@type":"SearchAction","target":{"@type":"EntryPoint","urlTemplate":"https:\/\/oxytronic.fr\/?s={search_term_string}"},"query-input":{"@type":"PropertyValueSpecification","valueRequired":true,"valueName":"search_term_string"}}],"inLanguage":"en-US"},{"@type":"Organization","@id":"https:\/\/oxytronic.fr\/#organization","name":"Oxytronic","url":"https:\/\/oxytronic.fr\/","logo":{"@type":"ImageObject","inLanguage":"en-US","@id":"https:\/\/oxytronic.fr\/#\/schema\/logo\/image\/","url":"https:\/\/oxytronic.fr\/assets\/uploads\/2020\/04\/oxytronic.svg","contentUrl":"https:\/\/oxytronic.fr\/assets\/uploads\/2020\/04\/oxytronic.svg","width":1697,"height":250,"caption":"Oxytronic"},"image":{"@id":"https:\/\/oxytronic.fr\/#\/schema\/logo\/image\/"},"sameAs":["https:\/\/www.linkedin.com\/company\/oxytronic\/","https:\/\/www.youtube.com\/channel\/UCzMjeiwK0ZJRcP4GqX72Ocg"]}]}},"_links":{"self":[{"href":"https:\/\/oxytronic.fr\/en\/wp-json\/wp\/v2\/pages\/818","targetHints":{"allow":["GET"]}}],"collection":[{"href":"https:\/\/oxytronic.fr\/en\/wp-json\/wp\/v2\/pages"}],"about":[{"href":"https:\/\/oxytronic.fr\/en\/wp-json\/wp\/v2\/types\/page"}],"author":[{"embeddable":true,"href":"https:\/\/oxytronic.fr\/en\/wp-json\/wp\/v2\/users\/1"}],"replies":[{"embeddable":true,"href":"https:\/\/oxytronic.fr\/en\/wp-json\/wp\/v2\/comments?post=818"}],"version-history":[{"count":0,"href":"https:\/\/oxytronic.fr\/en\/wp-json\/wp\/v2\/pages\/818\/revisions"}],"up":[{"embeddable":true,"href":"https:\/\/oxytronic.fr\/en\/wp-json\/wp\/v2\/pages\/839"}],"wp:featuredmedia":[{"embeddable":true,"href":"https:\/\/oxytronic.fr\/en\/wp-json\/wp\/v2\/media\/1663"}],"wp:attachment":[{"href":"https:\/\/oxytronic.fr\/en\/wp-json\/wp\/v2\/media?parent=818"}],"curies":[{"name":"wp","href":"https:\/\/api.w.org\/{rel}","templated":true}]}}