{"id":823,"date":"2020-04-14T10:01:11","date_gmt":"2020-04-14T10:01:11","guid":{"rendered":"https:\/\/oxytronic.fr\/casques-telephones-sans-fil\/"},"modified":"2020-06-18T11:53:53","modified_gmt":"2020-06-18T11:53:53","slug":"wireless-headsets-and-handsets","status":"publish","type":"page","link":"https:\/\/oxytronic.fr\/en\/products\/wireless-headsets-and-handsets\/","title":{"rendered":"Wireless Headsets and Handsets"},"content":{"rendered":"\n<p>Enjoy our wireless audio solutions with Active Noise Cancellation for a unique passenger experience.<\/p>\n","protected":false},"excerpt":{"rendered":"<p>High quality wireless avionics solutions for onboard audio.<\/p>\n","protected":false},"author":1,"featured_media":2134,"parent":839,"menu_order":19,"comment_status":"closed","ping_status":"closed","template":"templates\/list-products.php","meta":{"_acf_changed":false,"footnotes":""},"class_list":["post-823","page","type-page","status-publish","has-post-thumbnail","hentry"],"acf":[],"yoast_head":"<!-- This site is optimized with the Yoast SEO plugin v27.2 - https:\/\/yoast.com\/product\/yoast-seo-wordpress\/ -->\n<title>Wireless Headsets and Handsets | Oxytronic<\/title>\n<meta name=\"robots\" content=\"index, follow, max-snippet:-1, max-image-preview:large, max-video-preview:-1\" \/>\n<link rel=\"canonical\" href=\"https:\/\/oxytronic.fr\/produits\/casques-telephones\/\" \/>\n<meta property=\"og:locale\" content=\"en_US\" \/>\n<meta property=\"og:type\" content=\"article\" \/>\n<meta property=\"og:title\" content=\"Wireless Headsets and Handsets | Oxytronic\" \/>\n<meta property=\"og:description\" content=\"High quality wireless avionics solutions for onboard audio.\" \/>\n<meta property=\"og:url\" content=\"https:\/\/oxytronic.fr\/produits\/casques-telephones\/\" \/>\n<meta property=\"og:site_name\" content=\"Oxytronic\" \/>\n<meta property=\"article:modified_time\" content=\"2020-06-18T11:53:53+00:00\" \/>\n<meta property=\"og:image\" content=\"https:\/\/oxytronic.fr\/assets\/uploads\/2020\/06\/casques-telephones-sans-fil.jpg\" \/>\n\t<meta property=\"og:image:width\" content=\"1840\" \/>\n\t<meta property=\"og:image:height\" content=\"1160\" \/>\n\t<meta property=\"og:image:type\" content=\"image\/jpeg\" \/>\n<meta name=\"twitter:card\" content=\"summary_large_image\" \/>\n<script type=\"application\/ld+json\" class=\"yoast-schema-graph\">{\"@context\":\"https:\/\/schema.org\",\"@graph\":[{\"@type\":\"WebPage\",\"@id\":\"https:\/\/oxytronic.fr\/produits\/casques-telephones\/\",\"url\":\"https:\/\/oxytronic.fr\/produits\/casques-telephones\/\",\"name\":\"Wireless Headsets and Handsets | Oxytronic\",\"isPartOf\":{\"@id\":\"https:\/\/oxytronic.fr\/#website\"},\"primaryImageOfPage\":{\"@id\":\"https:\/\/oxytronic.fr\/produits\/casques-telephones\/#primaryimage\"},\"image\":{\"@id\":\"https:\/\/oxytronic.fr\/produits\/casques-telephones\/#primaryimage\"},\"thumbnailUrl\":\"https:\/\/oxytronic.fr\/assets\/uploads\/2020\/06\/casques-telephones-sans-fil.jpg\",\"datePublished\":\"2020-04-14T10:01:11+00:00\",\"dateModified\":\"2020-06-18T11:53:53+00:00\",\"breadcrumb\":{\"@id\":\"https:\/\/oxytronic.fr\/produits\/casques-telephones\/#breadcrumb\"},\"inLanguage\":\"en-US\",\"potentialAction\":[{\"@type\":\"ReadAction\",\"target\":[\"https:\/\/oxytronic.fr\/produits\/casques-telephones\/\"]}]},{\"@type\":\"ImageObject\",\"inLanguage\":\"en-US\",\"@id\":\"https:\/\/oxytronic.fr\/produits\/casques-telephones\/#primaryimage\",\"url\":\"https:\/\/oxytronic.fr\/assets\/uploads\/2020\/06\/casques-telephones-sans-fil.jpg\",\"contentUrl\":\"https:\/\/oxytronic.fr\/assets\/uploads\/2020\/06\/casques-telephones-sans-fil.jpg\",\"width\":1840,\"height\":1160},{\"@type\":\"BreadcrumbList\",\"@id\":\"https:\/\/oxytronic.fr\/produits\/casques-telephones\/#breadcrumb\",\"itemListElement\":[{\"@type\":\"ListItem\",\"position\":1,\"name\":\"Accueil\",\"item\":\"https:\/\/oxytronic.fr\/en\/accueil\/\"},{\"@type\":\"ListItem\",\"position\":2,\"name\":\"Products\",\"item\":\"https:\/\/oxytronic.fr\/produits\/\"},{\"@type\":\"ListItem\",\"position\":3,\"name\":\"Wireless Headsets and Handsets\"}]},{\"@type\":\"WebSite\",\"@id\":\"https:\/\/oxytronic.fr\/#website\",\"url\":\"https:\/\/oxytronic.fr\/\",\"name\":\"Oxytronic\",\"description\":\"Entreprise sp\u00e9cialis\u00e9e dans les \u00e9quipements \u00e9lectroniques.\",\"publisher\":{\"@id\":\"https:\/\/oxytronic.fr\/#organization\"},\"potentialAction\":[{\"@type\":\"SearchAction\",\"target\":{\"@type\":\"EntryPoint\",\"urlTemplate\":\"https:\/\/oxytronic.fr\/?s={search_term_string}\"},\"query-input\":{\"@type\":\"PropertyValueSpecification\",\"valueRequired\":true,\"valueName\":\"search_term_string\"}}],\"inLanguage\":\"en-US\"},{\"@type\":\"Organization\",\"@id\":\"https:\/\/oxytronic.fr\/#organization\",\"name\":\"Oxytronic\",\"url\":\"https:\/\/oxytronic.fr\/\",\"logo\":{\"@type\":\"ImageObject\",\"inLanguage\":\"en-US\",\"@id\":\"https:\/\/oxytronic.fr\/#\/schema\/logo\/image\/\",\"url\":\"https:\/\/oxytronic.fr\/assets\/uploads\/2020\/04\/oxytronic.svg\",\"contentUrl\":\"https:\/\/oxytronic.fr\/assets\/uploads\/2020\/04\/oxytronic.svg\",\"width\":1697,\"height\":250,\"caption\":\"Oxytronic\"},\"image\":{\"@id\":\"https:\/\/oxytronic.fr\/#\/schema\/logo\/image\/\"},\"sameAs\":[\"https:\/\/www.linkedin.com\/company\/oxytronic\/\",\"https:\/\/www.youtube.com\/channel\/UCzMjeiwK0ZJRcP4GqX72Ocg\"]}]}<\/script>\n<!-- \/ Yoast SEO plugin. -->","yoast_head_json":{"title":"Wireless Headsets and Handsets | Oxytronic","robots":{"index":"index","follow":"follow","max-snippet":"max-snippet:-1","max-image-preview":"max-image-preview:large","max-video-preview":"max-video-preview:-1"},"canonical":"https:\/\/oxytronic.fr\/produits\/casques-telephones\/","og_locale":"en_US","og_type":"article","og_title":"Wireless Headsets and Handsets | Oxytronic","og_description":"High quality wireless avionics solutions for onboard audio.","og_url":"https:\/\/oxytronic.fr\/produits\/casques-telephones\/","og_site_name":"Oxytronic","article_modified_time":"2020-06-18T11:53:53+00:00","og_image":[{"width":1840,"height":1160,"url":"https:\/\/oxytronic.fr\/assets\/uploads\/2020\/06\/casques-telephones-sans-fil.jpg","type":"image\/jpeg"}],"twitter_card":"summary_large_image","schema":{"@context":"https:\/\/schema.org","@graph":[{"@type":"WebPage","@id":"https:\/\/oxytronic.fr\/produits\/casques-telephones\/","url":"https:\/\/oxytronic.fr\/produits\/casques-telephones\/","name":"Wireless Headsets and Handsets | Oxytronic","isPartOf":{"@id":"https:\/\/oxytronic.fr\/#website"},"primaryImageOfPage":{"@id":"https:\/\/oxytronic.fr\/produits\/casques-telephones\/#primaryimage"},"image":{"@id":"https:\/\/oxytronic.fr\/produits\/casques-telephones\/#primaryimage"},"thumbnailUrl":"https:\/\/oxytronic.fr\/assets\/uploads\/2020\/06\/casques-telephones-sans-fil.jpg","datePublished":"2020-04-14T10:01:11+00:00","dateModified":"2020-06-18T11:53:53+00:00","breadcrumb":{"@id":"https:\/\/oxytronic.fr\/produits\/casques-telephones\/#breadcrumb"},"inLanguage":"en-US","potentialAction":[{"@type":"ReadAction","target":["https:\/\/oxytronic.fr\/produits\/casques-telephones\/"]}]},{"@type":"ImageObject","inLanguage":"en-US","@id":"https:\/\/oxytronic.fr\/produits\/casques-telephones\/#primaryimage","url":"https:\/\/oxytronic.fr\/assets\/uploads\/2020\/06\/casques-telephones-sans-fil.jpg","contentUrl":"https:\/\/oxytronic.fr\/assets\/uploads\/2020\/06\/casques-telephones-sans-fil.jpg","width":1840,"height":1160},{"@type":"BreadcrumbList","@id":"https:\/\/oxytronic.fr\/produits\/casques-telephones\/#breadcrumb","itemListElement":[{"@type":"ListItem","position":1,"name":"Accueil","item":"https:\/\/oxytronic.fr\/en\/accueil\/"},{"@type":"ListItem","position":2,"name":"Products","item":"https:\/\/oxytronic.fr\/produits\/"},{"@type":"ListItem","position":3,"name":"Wireless Headsets and Handsets"}]},{"@type":"WebSite","@id":"https:\/\/oxytronic.fr\/#website","url":"https:\/\/oxytronic.fr\/","name":"Oxytronic","description":"Entreprise sp\u00e9cialis\u00e9e dans les \u00e9quipements \u00e9lectroniques.","publisher":{"@id":"https:\/\/oxytronic.fr\/#organization"},"potentialAction":[{"@type":"SearchAction","target":{"@type":"EntryPoint","urlTemplate":"https:\/\/oxytronic.fr\/?s={search_term_string}"},"query-input":{"@type":"PropertyValueSpecification","valueRequired":true,"valueName":"search_term_string"}}],"inLanguage":"en-US"},{"@type":"Organization","@id":"https:\/\/oxytronic.fr\/#organization","name":"Oxytronic","url":"https:\/\/oxytronic.fr\/","logo":{"@type":"ImageObject","inLanguage":"en-US","@id":"https:\/\/oxytronic.fr\/#\/schema\/logo\/image\/","url":"https:\/\/oxytronic.fr\/assets\/uploads\/2020\/04\/oxytronic.svg","contentUrl":"https:\/\/oxytronic.fr\/assets\/uploads\/2020\/04\/oxytronic.svg","width":1697,"height":250,"caption":"Oxytronic"},"image":{"@id":"https:\/\/oxytronic.fr\/#\/schema\/logo\/image\/"},"sameAs":["https:\/\/www.linkedin.com\/company\/oxytronic\/","https:\/\/www.youtube.com\/channel\/UCzMjeiwK0ZJRcP4GqX72Ocg"]}]}},"_links":{"self":[{"href":"https:\/\/oxytronic.fr\/en\/wp-json\/wp\/v2\/pages\/823","targetHints":{"allow":["GET"]}}],"collection":[{"href":"https:\/\/oxytronic.fr\/en\/wp-json\/wp\/v2\/pages"}],"about":[{"href":"https:\/\/oxytronic.fr\/en\/wp-json\/wp\/v2\/types\/page"}],"author":[{"embeddable":true,"href":"https:\/\/oxytronic.fr\/en\/wp-json\/wp\/v2\/users\/1"}],"replies":[{"embeddable":true,"href":"https:\/\/oxytronic.fr\/en\/wp-json\/wp\/v2\/comments?post=823"}],"version-history":[{"count":0,"href":"https:\/\/oxytronic.fr\/en\/wp-json\/wp\/v2\/pages\/823\/revisions"}],"up":[{"embeddable":true,"href":"https:\/\/oxytronic.fr\/en\/wp-json\/wp\/v2\/pages\/839"}],"wp:featuredmedia":[{"embeddable":true,"href":"https:\/\/oxytronic.fr\/en\/wp-json\/wp\/v2\/media\/2134"}],"wp:attachment":[{"href":"https:\/\/oxytronic.fr\/en\/wp-json\/wp\/v2\/media?parent=823"}],"curies":[{"name":"wp","href":"https:\/\/api.w.org\/{rel}","templated":true}]}}