{"id":825,"date":"2020-04-14T10:03:06","date_gmt":"2020-04-14T10:03:06","guid":{"rendered":"https:\/\/oxytronic.fr\/ican-system\/"},"modified":"2023-11-30T09:42:44","modified_gmt":"2023-11-30T09:42:44","slug":"ifec-cms-solutions","status":"publish","type":"page","link":"https:\/\/oxytronic.fr\/en\/products\/ifec-cms-solutions\/","title":{"rendered":"IFE &#038; CMS Solutions"},"content":{"rendered":"\n<figure class=\"wp-block-table\"><table><tbody><tr><td>iCan System\u00ae is a patented solution from Oxytronic, allowing to build your own IFE and CMS system. <br><br>This modular architecture, qualified on helicopters, is composed of a central chassis and a set of dedicated boards like Satcom communication, Multimedia, I\/O Control, Ethernet switch. <br><br>The system is connected to the aircraft onboard communication network, and also to standard equipment like displays, touch screens, headsets, handsets, and Satcom.<br><br>Find out more about our iCan System\u00ae product sheets.<br><\/td><\/tr><\/tbody><\/table><\/figure>\n\n\n\n<div style=\"height:32px\" aria-hidden=\"true\" class=\"wp-block-spacer\"><\/div>\n\n\n\n<div class=\"wp-block-buttons is-layout-flex wp-block-buttons-is-layout-flex\">\n<div class=\"wp-block-button picto-download\"><a class=\"wp-block-button__link wp-element-button\" href=\"https:\/\/oxytronic.fr\/assets\/uploads\/2023\/11\/Datasheet-iCan-System.pdf\" target=\"_blank\" rel=\"noreferrer noopener\"><strong>CATALOGUE ICAN SYSTEM<\/strong><\/a><\/div>\n\n\n\n<div class=\"wp-block-button picto-plus\"><a class=\"wp-block-button__link wp-element-button\" href=\"https:\/\/oxytronic.fr\/en\/applications\/ife-cms\/\"><strong>NOTRE EXPERTISE EN DIVERTISSEMENT EN VOL ET GESTION CABINE<\/strong><\/a><\/div>\n<\/div>\n\n\n\n<p><\/p>\n","protected":false},"excerpt":{"rendered":"<p>iCan System\u00ae, the modular solution for building your own customized Inflight Entertainment and CMS.<\/p>\n","protected":false},"author":1,"featured_media":1752,"parent":839,"menu_order":48,"comment_status":"closed","ping_status":"closed","template":"templates\/single-product.php","meta":{"_acf_changed":false,"footnotes":""},"class_list":["post-825","page","type-page","status-publish","has-post-thumbnail","hentry"],"acf":[],"yoast_head":"<!-- This site is optimized with the Yoast SEO plugin v27.2 - https:\/\/yoast.com\/product\/yoast-seo-wordpress\/ -->\n<title>IFE &amp; CMS Solutions | Oxytronic<\/title>\n<meta name=\"robots\" content=\"index, follow, max-snippet:-1, max-image-preview:large, max-video-preview:-1\" \/>\n<link rel=\"canonical\" href=\"https:\/\/oxytronic.fr\/en\/products\/ifec-cms-solutions\/\" \/>\n<meta property=\"og:locale\" content=\"en_US\" \/>\n<meta property=\"og:type\" content=\"article\" \/>\n<meta property=\"og:title\" content=\"IFE &amp; CMS Solutions | Oxytronic\" \/>\n<meta property=\"og:description\" content=\"iCan System\u00ae, the modular solution for building your own customized Inflight Entertainment and CMS.\" \/>\n<meta property=\"og:url\" content=\"https:\/\/oxytronic.fr\/en\/products\/ifec-cms-solutions\/\" \/>\n<meta property=\"og:site_name\" content=\"Oxytronic\" \/>\n<meta property=\"article:modified_time\" content=\"2023-11-30T09:42:44+00:00\" \/>\n<meta property=\"og:image\" content=\"https:\/\/oxytronic.fr\/assets\/uploads\/2020\/06\/iCan-System-UC-et-ses-modules-R1.415.jpg\" \/>\n\t<meta property=\"og:image:width\" content=\"911\" \/>\n\t<meta property=\"og:image:height\" content=\"643\" \/>\n\t<meta property=\"og:image:type\" content=\"image\/jpeg\" \/>\n<meta name=\"twitter:card\" content=\"summary_large_image\" \/>\n<meta name=\"twitter:label1\" content=\"Est. reading time\" \/>\n\t<meta name=\"twitter:data1\" content=\"1 minute\" \/>\n<script type=\"application\/ld+json\" class=\"yoast-schema-graph\">{\"@context\":\"https:\/\/schema.org\",\"@graph\":[{\"@type\":\"WebPage\",\"@id\":\"https:\/\/oxytronic.fr\/en\/products\/ifec-cms-solutions\/\",\"url\":\"https:\/\/oxytronic.fr\/en\/products\/ifec-cms-solutions\/\",\"name\":\"IFE & CMS Solutions | Oxytronic\",\"isPartOf\":{\"@id\":\"https:\/\/oxytronic.fr\/#website\"},\"primaryImageOfPage\":{\"@id\":\"https:\/\/oxytronic.fr\/en\/products\/ifec-cms-solutions\/#primaryimage\"},\"image\":{\"@id\":\"https:\/\/oxytronic.fr\/en\/products\/ifec-cms-solutions\/#primaryimage\"},\"thumbnailUrl\":\"https:\/\/oxytronic.fr\/assets\/uploads\/2020\/06\/iCan-System-UC-et-ses-modules-R1.415.jpg\",\"datePublished\":\"2020-04-14T10:03:06+00:00\",\"dateModified\":\"2023-11-30T09:42:44+00:00\",\"breadcrumb\":{\"@id\":\"https:\/\/oxytronic.fr\/en\/products\/ifec-cms-solutions\/#breadcrumb\"},\"inLanguage\":\"en-US\",\"potentialAction\":[{\"@type\":\"ReadAction\",\"target\":[\"https:\/\/oxytronic.fr\/en\/products\/ifec-cms-solutions\/\"]}]},{\"@type\":\"ImageObject\",\"inLanguage\":\"en-US\",\"@id\":\"https:\/\/oxytronic.fr\/en\/products\/ifec-cms-solutions\/#primaryimage\",\"url\":\"https:\/\/oxytronic.fr\/assets\/uploads\/2020\/06\/iCan-System-UC-et-ses-modules-R1.415.jpg\",\"contentUrl\":\"https:\/\/oxytronic.fr\/assets\/uploads\/2020\/06\/iCan-System-UC-et-ses-modules-R1.415.jpg\",\"width\":911,\"height\":643},{\"@type\":\"BreadcrumbList\",\"@id\":\"https:\/\/oxytronic.fr\/en\/products\/ifec-cms-solutions\/#breadcrumb\",\"itemListElement\":[{\"@type\":\"ListItem\",\"position\":1,\"name\":\"Accueil\",\"item\":\"https:\/\/oxytronic.fr\/en\/accueil\/\"},{\"@type\":\"ListItem\",\"position\":2,\"name\":\"Products\",\"item\":\"https:\/\/oxytronic.fr\/produits\/\"},{\"@type\":\"ListItem\",\"position\":3,\"name\":\"IFE &#038; CMS Solutions\"}]},{\"@type\":\"WebSite\",\"@id\":\"https:\/\/oxytronic.fr\/#website\",\"url\":\"https:\/\/oxytronic.fr\/\",\"name\":\"Oxytronic\",\"description\":\"Entreprise sp\u00e9cialis\u00e9e dans les \u00e9quipements \u00e9lectroniques.\",\"publisher\":{\"@id\":\"https:\/\/oxytronic.fr\/#organization\"},\"potentialAction\":[{\"@type\":\"SearchAction\",\"target\":{\"@type\":\"EntryPoint\",\"urlTemplate\":\"https:\/\/oxytronic.fr\/?s={search_term_string}\"},\"query-input\":{\"@type\":\"PropertyValueSpecification\",\"valueRequired\":true,\"valueName\":\"search_term_string\"}}],\"inLanguage\":\"en-US\"},{\"@type\":\"Organization\",\"@id\":\"https:\/\/oxytronic.fr\/#organization\",\"name\":\"Oxytronic\",\"url\":\"https:\/\/oxytronic.fr\/\",\"logo\":{\"@type\":\"ImageObject\",\"inLanguage\":\"en-US\",\"@id\":\"https:\/\/oxytronic.fr\/#\/schema\/logo\/image\/\",\"url\":\"https:\/\/oxytronic.fr\/assets\/uploads\/2020\/04\/oxytronic.svg\",\"contentUrl\":\"https:\/\/oxytronic.fr\/assets\/uploads\/2020\/04\/oxytronic.svg\",\"width\":1697,\"height\":250,\"caption\":\"Oxytronic\"},\"image\":{\"@id\":\"https:\/\/oxytronic.fr\/#\/schema\/logo\/image\/\"},\"sameAs\":[\"https:\/\/www.linkedin.com\/company\/oxytronic\/\",\"https:\/\/www.youtube.com\/channel\/UCzMjeiwK0ZJRcP4GqX72Ocg\"]}]}<\/script>\n<!-- \/ Yoast SEO plugin. -->","yoast_head_json":{"title":"IFE & CMS Solutions | Oxytronic","robots":{"index":"index","follow":"follow","max-snippet":"max-snippet:-1","max-image-preview":"max-image-preview:large","max-video-preview":"max-video-preview:-1"},"canonical":"https:\/\/oxytronic.fr\/en\/products\/ifec-cms-solutions\/","og_locale":"en_US","og_type":"article","og_title":"IFE & CMS Solutions | Oxytronic","og_description":"iCan System\u00ae, the modular solution for building your own customized Inflight Entertainment and CMS.","og_url":"https:\/\/oxytronic.fr\/en\/products\/ifec-cms-solutions\/","og_site_name":"Oxytronic","article_modified_time":"2023-11-30T09:42:44+00:00","og_image":[{"width":911,"height":643,"url":"https:\/\/oxytronic.fr\/assets\/uploads\/2020\/06\/iCan-System-UC-et-ses-modules-R1.415.jpg","type":"image\/jpeg"}],"twitter_card":"summary_large_image","twitter_misc":{"Est. reading time":"1 minute"},"schema":{"@context":"https:\/\/schema.org","@graph":[{"@type":"WebPage","@id":"https:\/\/oxytronic.fr\/en\/products\/ifec-cms-solutions\/","url":"https:\/\/oxytronic.fr\/en\/products\/ifec-cms-solutions\/","name":"IFE & CMS Solutions | Oxytronic","isPartOf":{"@id":"https:\/\/oxytronic.fr\/#website"},"primaryImageOfPage":{"@id":"https:\/\/oxytronic.fr\/en\/products\/ifec-cms-solutions\/#primaryimage"},"image":{"@id":"https:\/\/oxytronic.fr\/en\/products\/ifec-cms-solutions\/#primaryimage"},"thumbnailUrl":"https:\/\/oxytronic.fr\/assets\/uploads\/2020\/06\/iCan-System-UC-et-ses-modules-R1.415.jpg","datePublished":"2020-04-14T10:03:06+00:00","dateModified":"2023-11-30T09:42:44+00:00","breadcrumb":{"@id":"https:\/\/oxytronic.fr\/en\/products\/ifec-cms-solutions\/#breadcrumb"},"inLanguage":"en-US","potentialAction":[{"@type":"ReadAction","target":["https:\/\/oxytronic.fr\/en\/products\/ifec-cms-solutions\/"]}]},{"@type":"ImageObject","inLanguage":"en-US","@id":"https:\/\/oxytronic.fr\/en\/products\/ifec-cms-solutions\/#primaryimage","url":"https:\/\/oxytronic.fr\/assets\/uploads\/2020\/06\/iCan-System-UC-et-ses-modules-R1.415.jpg","contentUrl":"https:\/\/oxytronic.fr\/assets\/uploads\/2020\/06\/iCan-System-UC-et-ses-modules-R1.415.jpg","width":911,"height":643},{"@type":"BreadcrumbList","@id":"https:\/\/oxytronic.fr\/en\/products\/ifec-cms-solutions\/#breadcrumb","itemListElement":[{"@type":"ListItem","position":1,"name":"Accueil","item":"https:\/\/oxytronic.fr\/en\/accueil\/"},{"@type":"ListItem","position":2,"name":"Products","item":"https:\/\/oxytronic.fr\/produits\/"},{"@type":"ListItem","position":3,"name":"IFE &#038; CMS Solutions"}]},{"@type":"WebSite","@id":"https:\/\/oxytronic.fr\/#website","url":"https:\/\/oxytronic.fr\/","name":"Oxytronic","description":"Entreprise sp\u00e9cialis\u00e9e dans les \u00e9quipements \u00e9lectroniques.","publisher":{"@id":"https:\/\/oxytronic.fr\/#organization"},"potentialAction":[{"@type":"SearchAction","target":{"@type":"EntryPoint","urlTemplate":"https:\/\/oxytronic.fr\/?s={search_term_string}"},"query-input":{"@type":"PropertyValueSpecification","valueRequired":true,"valueName":"search_term_string"}}],"inLanguage":"en-US"},{"@type":"Organization","@id":"https:\/\/oxytronic.fr\/#organization","name":"Oxytronic","url":"https:\/\/oxytronic.fr\/","logo":{"@type":"ImageObject","inLanguage":"en-US","@id":"https:\/\/oxytronic.fr\/#\/schema\/logo\/image\/","url":"https:\/\/oxytronic.fr\/assets\/uploads\/2020\/04\/oxytronic.svg","contentUrl":"https:\/\/oxytronic.fr\/assets\/uploads\/2020\/04\/oxytronic.svg","width":1697,"height":250,"caption":"Oxytronic"},"image":{"@id":"https:\/\/oxytronic.fr\/#\/schema\/logo\/image\/"},"sameAs":["https:\/\/www.linkedin.com\/company\/oxytronic\/","https:\/\/www.youtube.com\/channel\/UCzMjeiwK0ZJRcP4GqX72Ocg"]}]}},"_links":{"self":[{"href":"https:\/\/oxytronic.fr\/en\/wp-json\/wp\/v2\/pages\/825","targetHints":{"allow":["GET"]}}],"collection":[{"href":"https:\/\/oxytronic.fr\/en\/wp-json\/wp\/v2\/pages"}],"about":[{"href":"https:\/\/oxytronic.fr\/en\/wp-json\/wp\/v2\/types\/page"}],"author":[{"embeddable":true,"href":"https:\/\/oxytronic.fr\/en\/wp-json\/wp\/v2\/users\/1"}],"replies":[{"embeddable":true,"href":"https:\/\/oxytronic.fr\/en\/wp-json\/wp\/v2\/comments?post=825"}],"version-history":[{"count":1,"href":"https:\/\/oxytronic.fr\/en\/wp-json\/wp\/v2\/pages\/825\/revisions"}],"predecessor-version":[{"id":2591,"href":"https:\/\/oxytronic.fr\/en\/wp-json\/wp\/v2\/pages\/825\/revisions\/2591"}],"up":[{"embeddable":true,"href":"https:\/\/oxytronic.fr\/en\/wp-json\/wp\/v2\/pages\/839"}],"wp:featuredmedia":[{"embeddable":true,"href":"https:\/\/oxytronic.fr\/en\/wp-json\/wp\/v2\/media\/1752"}],"wp:attachment":[{"href":"https:\/\/oxytronic.fr\/en\/wp-json\/wp\/v2\/media?parent=825"}],"curies":[{"name":"wp","href":"https:\/\/api.w.org\/{rel}","templated":true}]}}