{"id":829,"date":"2020-04-28T08:11:57","date_gmt":"2020-04-28T08:11:57","guid":{"rendered":"https:\/\/oxytronic.fr\/ife-cms\/"},"modified":"2023-06-20T14:16:49","modified_gmt":"2023-06-20T14:16:49","slug":"ife-cms","status":"publish","type":"page","link":"https:\/\/oxytronic.fr\/en\/applications\/ife-cms\/","title":{"rendered":"IFE &#038; CMS"},"content":{"rendered":"\n<p>We offer a unique range of customizable solutions for <strong>In-flight Entertainment<\/strong> (IFE, In-Flight Entertainment) and<strong> Cabin Management Systems<\/strong> (CMS, Cabin Management Systems).<\/p>\n\n\n\n<p>Our<strong> iCan System\u00ae<\/strong> modular electronic architecture, combined with our audio, display and telephony solutions, allows us to build your <strong>custom solution adapted to the aeronautical and avionics environment<\/strong>. All in-flight entertainment and cabin control functionalities can be accessed through a touch screen, smartphone or tablet: wireless audio conferencing, movies, music, messaging, in-flight lighting, temperature&#8230;<\/p>\n\n\n\n<p>Our solutions also enable us to offer passengers all services related to BYOD (Bring Your Own Device).<\/p>\n\n\n\n<p>The graphic design, functionalities and ergonomics are optimized with our customers in order to guarantee VIP passengers a <strong>unique user experience<\/strong>.<\/p>\n\n\n\n<p><strong>Our IFE and CMS products<\/strong> are particularly adapted to VIP helicopters, passenger transport helicopters, business and governmental aircrafts, either for new programs or for cabin refurbishments.<\/p>\n\n\n\n<p><\/p>\n","protected":false},"excerpt":{"rendered":"<p>Customizable products and solutions for In-Flight Entertainment and Cabin Management Systems.<\/p>\n","protected":false},"author":1,"featured_media":1755,"parent":865,"menu_order":1,"comment_status":"closed","ping_status":"closed","template":"templates\/single-study.php","meta":{"_acf_changed":false,"footnotes":""},"class_list":["post-829","page","type-page","status-publish","has-post-thumbnail","hentry"],"acf":[],"yoast_head":"<!-- This site is optimized with the Yoast SEO plugin v27.2 - https:\/\/yoast.com\/product\/yoast-seo-wordpress\/ -->\n<title>IFE &amp; CMS | Oxytronic<\/title>\n<meta name=\"robots\" content=\"index, follow, max-snippet:-1, max-image-preview:large, max-video-preview:-1\" \/>\n<link rel=\"canonical\" href=\"https:\/\/oxytronic.fr\/en\/applications\/ife-cms\/\" \/>\n<meta property=\"og:locale\" content=\"en_US\" \/>\n<meta property=\"og:type\" content=\"article\" \/>\n<meta property=\"og:title\" content=\"IFE &amp; CMS | Oxytronic\" \/>\n<meta property=\"og:description\" content=\"Customizable products and solutions for In-Flight Entertainment and Cabin Management Systems.\" \/>\n<meta property=\"og:url\" content=\"https:\/\/oxytronic.fr\/en\/applications\/ife-cms\/\" \/>\n<meta property=\"og:site_name\" content=\"Oxytronic\" \/>\n<meta property=\"article:modified_time\" content=\"2023-06-20T14:16:49+00:00\" \/>\n<meta property=\"og:image\" content=\"https:\/\/oxytronic.fr\/assets\/uploads\/2020\/06\/Applications-IFE-CMS-R1.58-1.jpg\" \/>\n\t<meta property=\"og:image:width\" content=\"1446\" \/>\n\t<meta property=\"og:image:height\" content=\"915\" \/>\n\t<meta property=\"og:image:type\" content=\"image\/jpeg\" \/>\n<meta name=\"twitter:card\" content=\"summary_large_image\" \/>\n<meta name=\"twitter:label1\" content=\"Est. reading time\" \/>\n\t<meta name=\"twitter:data1\" content=\"1 minute\" \/>\n<script type=\"application\/ld+json\" class=\"yoast-schema-graph\">{\"@context\":\"https:\/\/schema.org\",\"@graph\":[{\"@type\":\"WebPage\",\"@id\":\"https:\/\/oxytronic.fr\/en\/applications\/ife-cms\/\",\"url\":\"https:\/\/oxytronic.fr\/en\/applications\/ife-cms\/\",\"name\":\"IFE & CMS | Oxytronic\",\"isPartOf\":{\"@id\":\"https:\/\/oxytronic.fr\/#website\"},\"primaryImageOfPage\":{\"@id\":\"https:\/\/oxytronic.fr\/en\/applications\/ife-cms\/#primaryimage\"},\"image\":{\"@id\":\"https:\/\/oxytronic.fr\/en\/applications\/ife-cms\/#primaryimage\"},\"thumbnailUrl\":\"https:\/\/oxytronic.fr\/assets\/uploads\/2020\/06\/Applications-IFE-CMS-R1.58-1.jpg\",\"datePublished\":\"2020-04-28T08:11:57+00:00\",\"dateModified\":\"2023-06-20T14:16:49+00:00\",\"breadcrumb\":{\"@id\":\"https:\/\/oxytronic.fr\/en\/applications\/ife-cms\/#breadcrumb\"},\"inLanguage\":\"en-US\",\"potentialAction\":[{\"@type\":\"ReadAction\",\"target\":[\"https:\/\/oxytronic.fr\/en\/applications\/ife-cms\/\"]}]},{\"@type\":\"ImageObject\",\"inLanguage\":\"en-US\",\"@id\":\"https:\/\/oxytronic.fr\/en\/applications\/ife-cms\/#primaryimage\",\"url\":\"https:\/\/oxytronic.fr\/assets\/uploads\/2020\/06\/Applications-IFE-CMS-R1.58-1.jpg\",\"contentUrl\":\"https:\/\/oxytronic.fr\/assets\/uploads\/2020\/06\/Applications-IFE-CMS-R1.58-1.jpg\",\"width\":1446,\"height\":915},{\"@type\":\"BreadcrumbList\",\"@id\":\"https:\/\/oxytronic.fr\/en\/applications\/ife-cms\/#breadcrumb\",\"itemListElement\":[{\"@type\":\"ListItem\",\"position\":1,\"name\":\"Accueil\",\"item\":\"https:\/\/oxytronic.fr\/en\/accueil\/\"},{\"@type\":\"ListItem\",\"position\":2,\"name\":\"Applications\",\"item\":\"https:\/\/oxytronic.fr\/applications\/\"},{\"@type\":\"ListItem\",\"position\":3,\"name\":\"IFE &#038; CMS\"}]},{\"@type\":\"WebSite\",\"@id\":\"https:\/\/oxytronic.fr\/#website\",\"url\":\"https:\/\/oxytronic.fr\/\",\"name\":\"Oxytronic\",\"description\":\"Entreprise sp\u00e9cialis\u00e9e dans les \u00e9quipements \u00e9lectroniques.\",\"publisher\":{\"@id\":\"https:\/\/oxytronic.fr\/#organization\"},\"potentialAction\":[{\"@type\":\"SearchAction\",\"target\":{\"@type\":\"EntryPoint\",\"urlTemplate\":\"https:\/\/oxytronic.fr\/?s={search_term_string}\"},\"query-input\":{\"@type\":\"PropertyValueSpecification\",\"valueRequired\":true,\"valueName\":\"search_term_string\"}}],\"inLanguage\":\"en-US\"},{\"@type\":\"Organization\",\"@id\":\"https:\/\/oxytronic.fr\/#organization\",\"name\":\"Oxytronic\",\"url\":\"https:\/\/oxytronic.fr\/\",\"logo\":{\"@type\":\"ImageObject\",\"inLanguage\":\"en-US\",\"@id\":\"https:\/\/oxytronic.fr\/#\/schema\/logo\/image\/\",\"url\":\"https:\/\/oxytronic.fr\/assets\/uploads\/2020\/04\/oxytronic.svg\",\"contentUrl\":\"https:\/\/oxytronic.fr\/assets\/uploads\/2020\/04\/oxytronic.svg\",\"width\":1697,\"height\":250,\"caption\":\"Oxytronic\"},\"image\":{\"@id\":\"https:\/\/oxytronic.fr\/#\/schema\/logo\/image\/\"},\"sameAs\":[\"https:\/\/www.linkedin.com\/company\/oxytronic\/\",\"https:\/\/www.youtube.com\/channel\/UCzMjeiwK0ZJRcP4GqX72Ocg\"]}]}<\/script>\n<!-- \/ Yoast SEO plugin. -->","yoast_head_json":{"title":"IFE & CMS | Oxytronic","robots":{"index":"index","follow":"follow","max-snippet":"max-snippet:-1","max-image-preview":"max-image-preview:large","max-video-preview":"max-video-preview:-1"},"canonical":"https:\/\/oxytronic.fr\/en\/applications\/ife-cms\/","og_locale":"en_US","og_type":"article","og_title":"IFE & CMS | Oxytronic","og_description":"Customizable products and solutions for In-Flight Entertainment and Cabin Management Systems.","og_url":"https:\/\/oxytronic.fr\/en\/applications\/ife-cms\/","og_site_name":"Oxytronic","article_modified_time":"2023-06-20T14:16:49+00:00","og_image":[{"width":1446,"height":915,"url":"https:\/\/oxytronic.fr\/assets\/uploads\/2020\/06\/Applications-IFE-CMS-R1.58-1.jpg","type":"image\/jpeg"}],"twitter_card":"summary_large_image","twitter_misc":{"Est. reading time":"1 minute"},"schema":{"@context":"https:\/\/schema.org","@graph":[{"@type":"WebPage","@id":"https:\/\/oxytronic.fr\/en\/applications\/ife-cms\/","url":"https:\/\/oxytronic.fr\/en\/applications\/ife-cms\/","name":"IFE & CMS | Oxytronic","isPartOf":{"@id":"https:\/\/oxytronic.fr\/#website"},"primaryImageOfPage":{"@id":"https:\/\/oxytronic.fr\/en\/applications\/ife-cms\/#primaryimage"},"image":{"@id":"https:\/\/oxytronic.fr\/en\/applications\/ife-cms\/#primaryimage"},"thumbnailUrl":"https:\/\/oxytronic.fr\/assets\/uploads\/2020\/06\/Applications-IFE-CMS-R1.58-1.jpg","datePublished":"2020-04-28T08:11:57+00:00","dateModified":"2023-06-20T14:16:49+00:00","breadcrumb":{"@id":"https:\/\/oxytronic.fr\/en\/applications\/ife-cms\/#breadcrumb"},"inLanguage":"en-US","potentialAction":[{"@type":"ReadAction","target":["https:\/\/oxytronic.fr\/en\/applications\/ife-cms\/"]}]},{"@type":"ImageObject","inLanguage":"en-US","@id":"https:\/\/oxytronic.fr\/en\/applications\/ife-cms\/#primaryimage","url":"https:\/\/oxytronic.fr\/assets\/uploads\/2020\/06\/Applications-IFE-CMS-R1.58-1.jpg","contentUrl":"https:\/\/oxytronic.fr\/assets\/uploads\/2020\/06\/Applications-IFE-CMS-R1.58-1.jpg","width":1446,"height":915},{"@type":"BreadcrumbList","@id":"https:\/\/oxytronic.fr\/en\/applications\/ife-cms\/#breadcrumb","itemListElement":[{"@type":"ListItem","position":1,"name":"Accueil","item":"https:\/\/oxytronic.fr\/en\/accueil\/"},{"@type":"ListItem","position":2,"name":"Applications","item":"https:\/\/oxytronic.fr\/applications\/"},{"@type":"ListItem","position":3,"name":"IFE &#038; CMS"}]},{"@type":"WebSite","@id":"https:\/\/oxytronic.fr\/#website","url":"https:\/\/oxytronic.fr\/","name":"Oxytronic","description":"Entreprise sp\u00e9cialis\u00e9e dans les \u00e9quipements \u00e9lectroniques.","publisher":{"@id":"https:\/\/oxytronic.fr\/#organization"},"potentialAction":[{"@type":"SearchAction","target":{"@type":"EntryPoint","urlTemplate":"https:\/\/oxytronic.fr\/?s={search_term_string}"},"query-input":{"@type":"PropertyValueSpecification","valueRequired":true,"valueName":"search_term_string"}}],"inLanguage":"en-US"},{"@type":"Organization","@id":"https:\/\/oxytronic.fr\/#organization","name":"Oxytronic","url":"https:\/\/oxytronic.fr\/","logo":{"@type":"ImageObject","inLanguage":"en-US","@id":"https:\/\/oxytronic.fr\/#\/schema\/logo\/image\/","url":"https:\/\/oxytronic.fr\/assets\/uploads\/2020\/04\/oxytronic.svg","contentUrl":"https:\/\/oxytronic.fr\/assets\/uploads\/2020\/04\/oxytronic.svg","width":1697,"height":250,"caption":"Oxytronic"},"image":{"@id":"https:\/\/oxytronic.fr\/#\/schema\/logo\/image\/"},"sameAs":["https:\/\/www.linkedin.com\/company\/oxytronic\/","https:\/\/www.youtube.com\/channel\/UCzMjeiwK0ZJRcP4GqX72Ocg"]}]}},"_links":{"self":[{"href":"https:\/\/oxytronic.fr\/en\/wp-json\/wp\/v2\/pages\/829","targetHints":{"allow":["GET"]}}],"collection":[{"href":"https:\/\/oxytronic.fr\/en\/wp-json\/wp\/v2\/pages"}],"about":[{"href":"https:\/\/oxytronic.fr\/en\/wp-json\/wp\/v2\/types\/page"}],"author":[{"embeddable":true,"href":"https:\/\/oxytronic.fr\/en\/wp-json\/wp\/v2\/users\/1"}],"replies":[{"embeddable":true,"href":"https:\/\/oxytronic.fr\/en\/wp-json\/wp\/v2\/comments?post=829"}],"version-history":[{"count":4,"href":"https:\/\/oxytronic.fr\/en\/wp-json\/wp\/v2\/pages\/829\/revisions"}],"predecessor-version":[{"id":2411,"href":"https:\/\/oxytronic.fr\/en\/wp-json\/wp\/v2\/pages\/829\/revisions\/2411"}],"up":[{"embeddable":true,"href":"https:\/\/oxytronic.fr\/en\/wp-json\/wp\/v2\/pages\/865"}],"wp:featuredmedia":[{"embeddable":true,"href":"https:\/\/oxytronic.fr\/en\/wp-json\/wp\/v2\/media\/1755"}],"wp:attachment":[{"href":"https:\/\/oxytronic.fr\/en\/wp-json\/wp\/v2\/media?parent=829"}],"curies":[{"name":"wp","href":"https:\/\/api.w.org\/{rel}","templated":true}]}}