{"id":831,"date":"2020-04-28T08:16:36","date_gmt":"2020-04-28T08:16:36","guid":{"rendered":"https:\/\/oxytronic.fr\/electronique-cockpit\/"},"modified":"2020-06-11T14:12:32","modified_gmt":"2020-06-11T14:12:32","slug":"cockpit-electronics","status":"publish","type":"page","link":"https:\/\/oxytronic.fr\/en\/applications\/cockpit-electronics\/","title":{"rendered":"Cockpit Electronics"},"content":{"rendered":"\n<p>For the civil and military Aerospace area, Oxytronic offers development services based on specifications, as well as Build-to-Spec and Build-to-Print equipment for aircraft and helicopters cockpits:<\/p>\n\n\n\n<ul class=\"wp-block-list\"><li>FPGA and boards design, following the <a href=\"https:\/\/oxytronic.fr\/applications\/do-254\/\">DO-254<\/a> recommendation<\/li><li><a href=\"https:\/\/oxytronic.fr\/etudes-build-to-spec\/faces-avant-retroeclairees\/\">backlighted panels,<\/a> compliant with NVIS requirements<\/li><li>HD and touch displays, like <a href=\"https:\/\/oxytronic.fr\/produits\/ecrans\/ican-screen-6-5\/\">ICan Screen 6.5&#8243;<\/a> for CDSS systems<\/li><li><a href=\"https:\/\/oxytronic.fr\/etudes-build-to-spec\/build-to-spec-equipment\/\">control boxes for cockpit equipment<\/a><\/li><\/ul>\n\n\n\n<p><\/p>\n","protected":false},"excerpt":{"rendered":"<p>Discover our services and solutions for cockpit electronics.<\/p>\n","protected":false},"author":1,"featured_media":1711,"parent":865,"menu_order":2,"comment_status":"closed","ping_status":"closed","template":"templates\/single-study.php","meta":{"_acf_changed":false,"footnotes":""},"class_list":["post-831","page","type-page","status-publish","has-post-thumbnail","hentry"],"acf":[],"yoast_head":"<!-- This site is optimized with the Yoast SEO plugin v27.2 - https:\/\/yoast.com\/product\/yoast-seo-wordpress\/ -->\n<title>Cockpit Electronics | Oxytronic<\/title>\n<meta name=\"robots\" content=\"index, follow, max-snippet:-1, max-image-preview:large, max-video-preview:-1\" \/>\n<link rel=\"canonical\" href=\"https:\/\/oxytronic.fr\/applications\/equipement-cockpit\/\" \/>\n<meta property=\"og:locale\" content=\"en_US\" \/>\n<meta property=\"og:type\" content=\"article\" \/>\n<meta property=\"og:title\" content=\"Cockpit Electronics | Oxytronic\" \/>\n<meta property=\"og:description\" content=\"Discover our services and solutions for cockpit electronics.\" \/>\n<meta property=\"og:url\" content=\"https:\/\/oxytronic.fr\/applications\/equipement-cockpit\/\" \/>\n<meta property=\"og:site_name\" content=\"Oxytronic\" \/>\n<meta property=\"article:modified_time\" content=\"2020-06-11T14:12:32+00:00\" \/>\n<meta property=\"og:image\" content=\"https:\/\/oxytronic.fr\/assets\/uploads\/2020\/06\/Applications-Electronique-cockpit.jpg\" \/>\n\t<meta property=\"og:image:width\" content=\"2520\" \/>\n\t<meta property=\"og:image:height\" content=\"1680\" \/>\n\t<meta property=\"og:image:type\" content=\"image\/jpeg\" \/>\n<meta name=\"twitter:card\" content=\"summary_large_image\" \/>\n<script type=\"application\/ld+json\" class=\"yoast-schema-graph\">{\"@context\":\"https:\/\/schema.org\",\"@graph\":[{\"@type\":\"WebPage\",\"@id\":\"https:\/\/oxytronic.fr\/applications\/equipement-cockpit\/\",\"url\":\"https:\/\/oxytronic.fr\/applications\/equipement-cockpit\/\",\"name\":\"Cockpit Electronics | Oxytronic\",\"isPartOf\":{\"@id\":\"https:\/\/oxytronic.fr\/#website\"},\"primaryImageOfPage\":{\"@id\":\"https:\/\/oxytronic.fr\/applications\/equipement-cockpit\/#primaryimage\"},\"image\":{\"@id\":\"https:\/\/oxytronic.fr\/applications\/equipement-cockpit\/#primaryimage\"},\"thumbnailUrl\":\"https:\/\/oxytronic.fr\/assets\/uploads\/2020\/06\/Applications-Electronique-cockpit.jpg\",\"datePublished\":\"2020-04-28T08:16:36+00:00\",\"dateModified\":\"2020-06-11T14:12:32+00:00\",\"breadcrumb\":{\"@id\":\"https:\/\/oxytronic.fr\/applications\/equipement-cockpit\/#breadcrumb\"},\"inLanguage\":\"en-US\",\"potentialAction\":[{\"@type\":\"ReadAction\",\"target\":[\"https:\/\/oxytronic.fr\/applications\/equipement-cockpit\/\"]}]},{\"@type\":\"ImageObject\",\"inLanguage\":\"en-US\",\"@id\":\"https:\/\/oxytronic.fr\/applications\/equipement-cockpit\/#primaryimage\",\"url\":\"https:\/\/oxytronic.fr\/assets\/uploads\/2020\/06\/Applications-Electronique-cockpit.jpg\",\"contentUrl\":\"https:\/\/oxytronic.fr\/assets\/uploads\/2020\/06\/Applications-Electronique-cockpit.jpg\",\"width\":2520,\"height\":1680},{\"@type\":\"BreadcrumbList\",\"@id\":\"https:\/\/oxytronic.fr\/applications\/equipement-cockpit\/#breadcrumb\",\"itemListElement\":[{\"@type\":\"ListItem\",\"position\":1,\"name\":\"Accueil\",\"item\":\"https:\/\/oxytronic.fr\/en\/accueil\/\"},{\"@type\":\"ListItem\",\"position\":2,\"name\":\"Applications\",\"item\":\"https:\/\/oxytronic.fr\/applications\/\"},{\"@type\":\"ListItem\",\"position\":3,\"name\":\"Cockpit Electronics\"}]},{\"@type\":\"WebSite\",\"@id\":\"https:\/\/oxytronic.fr\/#website\",\"url\":\"https:\/\/oxytronic.fr\/\",\"name\":\"Oxytronic\",\"description\":\"Entreprise sp\u00e9cialis\u00e9e dans les \u00e9quipements \u00e9lectroniques.\",\"publisher\":{\"@id\":\"https:\/\/oxytronic.fr\/#organization\"},\"potentialAction\":[{\"@type\":\"SearchAction\",\"target\":{\"@type\":\"EntryPoint\",\"urlTemplate\":\"https:\/\/oxytronic.fr\/?s={search_term_string}\"},\"query-input\":{\"@type\":\"PropertyValueSpecification\",\"valueRequired\":true,\"valueName\":\"search_term_string\"}}],\"inLanguage\":\"en-US\"},{\"@type\":\"Organization\",\"@id\":\"https:\/\/oxytronic.fr\/#organization\",\"name\":\"Oxytronic\",\"url\":\"https:\/\/oxytronic.fr\/\",\"logo\":{\"@type\":\"ImageObject\",\"inLanguage\":\"en-US\",\"@id\":\"https:\/\/oxytronic.fr\/#\/schema\/logo\/image\/\",\"url\":\"https:\/\/oxytronic.fr\/assets\/uploads\/2020\/04\/oxytronic.svg\",\"contentUrl\":\"https:\/\/oxytronic.fr\/assets\/uploads\/2020\/04\/oxytronic.svg\",\"width\":1697,\"height\":250,\"caption\":\"Oxytronic\"},\"image\":{\"@id\":\"https:\/\/oxytronic.fr\/#\/schema\/logo\/image\/\"},\"sameAs\":[\"https:\/\/www.linkedin.com\/company\/oxytronic\/\",\"https:\/\/www.youtube.com\/channel\/UCzMjeiwK0ZJRcP4GqX72Ocg\"]}]}<\/script>\n<!-- \/ Yoast SEO plugin. -->","yoast_head_json":{"title":"Cockpit Electronics | Oxytronic","robots":{"index":"index","follow":"follow","max-snippet":"max-snippet:-1","max-image-preview":"max-image-preview:large","max-video-preview":"max-video-preview:-1"},"canonical":"https:\/\/oxytronic.fr\/applications\/equipement-cockpit\/","og_locale":"en_US","og_type":"article","og_title":"Cockpit Electronics | Oxytronic","og_description":"Discover our services and solutions for cockpit electronics.","og_url":"https:\/\/oxytronic.fr\/applications\/equipement-cockpit\/","og_site_name":"Oxytronic","article_modified_time":"2020-06-11T14:12:32+00:00","og_image":[{"width":2520,"height":1680,"url":"https:\/\/oxytronic.fr\/assets\/uploads\/2020\/06\/Applications-Electronique-cockpit.jpg","type":"image\/jpeg"}],"twitter_card":"summary_large_image","schema":{"@context":"https:\/\/schema.org","@graph":[{"@type":"WebPage","@id":"https:\/\/oxytronic.fr\/applications\/equipement-cockpit\/","url":"https:\/\/oxytronic.fr\/applications\/equipement-cockpit\/","name":"Cockpit Electronics | Oxytronic","isPartOf":{"@id":"https:\/\/oxytronic.fr\/#website"},"primaryImageOfPage":{"@id":"https:\/\/oxytronic.fr\/applications\/equipement-cockpit\/#primaryimage"},"image":{"@id":"https:\/\/oxytronic.fr\/applications\/equipement-cockpit\/#primaryimage"},"thumbnailUrl":"https:\/\/oxytronic.fr\/assets\/uploads\/2020\/06\/Applications-Electronique-cockpit.jpg","datePublished":"2020-04-28T08:16:36+00:00","dateModified":"2020-06-11T14:12:32+00:00","breadcrumb":{"@id":"https:\/\/oxytronic.fr\/applications\/equipement-cockpit\/#breadcrumb"},"inLanguage":"en-US","potentialAction":[{"@type":"ReadAction","target":["https:\/\/oxytronic.fr\/applications\/equipement-cockpit\/"]}]},{"@type":"ImageObject","inLanguage":"en-US","@id":"https:\/\/oxytronic.fr\/applications\/equipement-cockpit\/#primaryimage","url":"https:\/\/oxytronic.fr\/assets\/uploads\/2020\/06\/Applications-Electronique-cockpit.jpg","contentUrl":"https:\/\/oxytronic.fr\/assets\/uploads\/2020\/06\/Applications-Electronique-cockpit.jpg","width":2520,"height":1680},{"@type":"BreadcrumbList","@id":"https:\/\/oxytronic.fr\/applications\/equipement-cockpit\/#breadcrumb","itemListElement":[{"@type":"ListItem","position":1,"name":"Accueil","item":"https:\/\/oxytronic.fr\/en\/accueil\/"},{"@type":"ListItem","position":2,"name":"Applications","item":"https:\/\/oxytronic.fr\/applications\/"},{"@type":"ListItem","position":3,"name":"Cockpit Electronics"}]},{"@type":"WebSite","@id":"https:\/\/oxytronic.fr\/#website","url":"https:\/\/oxytronic.fr\/","name":"Oxytronic","description":"Entreprise sp\u00e9cialis\u00e9e dans les \u00e9quipements \u00e9lectroniques.","publisher":{"@id":"https:\/\/oxytronic.fr\/#organization"},"potentialAction":[{"@type":"SearchAction","target":{"@type":"EntryPoint","urlTemplate":"https:\/\/oxytronic.fr\/?s={search_term_string}"},"query-input":{"@type":"PropertyValueSpecification","valueRequired":true,"valueName":"search_term_string"}}],"inLanguage":"en-US"},{"@type":"Organization","@id":"https:\/\/oxytronic.fr\/#organization","name":"Oxytronic","url":"https:\/\/oxytronic.fr\/","logo":{"@type":"ImageObject","inLanguage":"en-US","@id":"https:\/\/oxytronic.fr\/#\/schema\/logo\/image\/","url":"https:\/\/oxytronic.fr\/assets\/uploads\/2020\/04\/oxytronic.svg","contentUrl":"https:\/\/oxytronic.fr\/assets\/uploads\/2020\/04\/oxytronic.svg","width":1697,"height":250,"caption":"Oxytronic"},"image":{"@id":"https:\/\/oxytronic.fr\/#\/schema\/logo\/image\/"},"sameAs":["https:\/\/www.linkedin.com\/company\/oxytronic\/","https:\/\/www.youtube.com\/channel\/UCzMjeiwK0ZJRcP4GqX72Ocg"]}]}},"_links":{"self":[{"href":"https:\/\/oxytronic.fr\/en\/wp-json\/wp\/v2\/pages\/831","targetHints":{"allow":["GET"]}}],"collection":[{"href":"https:\/\/oxytronic.fr\/en\/wp-json\/wp\/v2\/pages"}],"about":[{"href":"https:\/\/oxytronic.fr\/en\/wp-json\/wp\/v2\/types\/page"}],"author":[{"embeddable":true,"href":"https:\/\/oxytronic.fr\/en\/wp-json\/wp\/v2\/users\/1"}],"replies":[{"embeddable":true,"href":"https:\/\/oxytronic.fr\/en\/wp-json\/wp\/v2\/comments?post=831"}],"version-history":[{"count":0,"href":"https:\/\/oxytronic.fr\/en\/wp-json\/wp\/v2\/pages\/831\/revisions"}],"up":[{"embeddable":true,"href":"https:\/\/oxytronic.fr\/en\/wp-json\/wp\/v2\/pages\/865"}],"wp:featuredmedia":[{"embeddable":true,"href":"https:\/\/oxytronic.fr\/en\/wp-json\/wp\/v2\/media\/1711"}],"wp:attachment":[{"href":"https:\/\/oxytronic.fr\/en\/wp-json\/wp\/v2\/media?parent=831"}],"curies":[{"name":"wp","href":"https:\/\/api.w.org\/{rel}","templated":true}]}}