{"id":835,"date":"2020-04-28T08:19:15","date_gmt":"2020-04-28T08:19:15","guid":{"rendered":"https:\/\/oxytronic.fr\/interfaces-et-communications\/"},"modified":"2020-06-11T14:24:15","modified_gmt":"2020-06-11T14:24:15","slug":"interfaces-communications","status":"publish","type":"page","link":"https:\/\/oxytronic.fr\/en\/applications\/interfaces-communications\/","title":{"rendered":"Interfaces &#038; Communications"},"content":{"rendered":"\n<p>Because your systems are more and more communicating and must be compliant with the most efficient communication protocols, our teams of engineers are at your disposal to implement, at hardware and software level, the most widespread interoperability solutions or specific to your needs: \u00a0WiFi, Bluetooth, ARINC, high speed serial links, PCIe, video connectivity like HD\/SDI, HDMI\u2026<\/p>\n","protected":false},"excerpt":{"rendered":"<p>Our experience in components, systems and equipment interconnexion.<\/p>\n","protected":false},"author":1,"featured_media":1715,"parent":865,"menu_order":7,"comment_status":"closed","ping_status":"closed","template":"templates\/single-study.php","meta":{"_acf_changed":false,"footnotes":""},"class_list":["post-835","page","type-page","status-publish","has-post-thumbnail","hentry"],"acf":[],"yoast_head":"<!-- This site is optimized with the Yoast SEO plugin v27.2 - https:\/\/yoast.com\/product\/yoast-seo-wordpress\/ -->\n<title>Interfaces &amp; Communications | Oxytronic<\/title>\n<meta name=\"robots\" content=\"index, follow, max-snippet:-1, max-image-preview:large, max-video-preview:-1\" \/>\n<link rel=\"canonical\" href=\"https:\/\/oxytronic.fr\/applications\/interface-communication-avionique\/\" \/>\n<meta property=\"og:locale\" content=\"en_US\" \/>\n<meta property=\"og:type\" content=\"article\" \/>\n<meta property=\"og:title\" content=\"Interfaces &amp; Communications | Oxytronic\" \/>\n<meta property=\"og:description\" content=\"Our experience in components, systems and equipment interconnexion.\" \/>\n<meta property=\"og:url\" content=\"https:\/\/oxytronic.fr\/applications\/interface-communication-avionique\/\" \/>\n<meta property=\"og:site_name\" content=\"Oxytronic\" \/>\n<meta property=\"article:modified_time\" content=\"2020-06-11T14:24:15+00:00\" \/>\n<meta property=\"og:image\" content=\"https:\/\/oxytronic.fr\/assets\/uploads\/2020\/06\/Applications-Interfaces-et-Communications-R1.58.jpg\" \/>\n\t<meta property=\"og:image:width\" content=\"1500\" \/>\n\t<meta property=\"og:image:height\" content=\"947\" \/>\n\t<meta property=\"og:image:type\" content=\"image\/jpeg\" \/>\n<meta name=\"twitter:card\" content=\"summary_large_image\" \/>\n<script type=\"application\/ld+json\" class=\"yoast-schema-graph\">{\"@context\":\"https:\/\/schema.org\",\"@graph\":[{\"@type\":\"WebPage\",\"@id\":\"https:\/\/oxytronic.fr\/applications\/interface-communication-avionique\/\",\"url\":\"https:\/\/oxytronic.fr\/applications\/interface-communication-avionique\/\",\"name\":\"Interfaces & Communications | Oxytronic\",\"isPartOf\":{\"@id\":\"https:\/\/oxytronic.fr\/#website\"},\"primaryImageOfPage\":{\"@id\":\"https:\/\/oxytronic.fr\/applications\/interface-communication-avionique\/#primaryimage\"},\"image\":{\"@id\":\"https:\/\/oxytronic.fr\/applications\/interface-communication-avionique\/#primaryimage\"},\"thumbnailUrl\":\"https:\/\/oxytronic.fr\/assets\/uploads\/2020\/06\/Applications-Interfaces-et-Communications-R1.58.jpg\",\"datePublished\":\"2020-04-28T08:19:15+00:00\",\"dateModified\":\"2020-06-11T14:24:15+00:00\",\"breadcrumb\":{\"@id\":\"https:\/\/oxytronic.fr\/applications\/interface-communication-avionique\/#breadcrumb\"},\"inLanguage\":\"en-US\",\"potentialAction\":[{\"@type\":\"ReadAction\",\"target\":[\"https:\/\/oxytronic.fr\/applications\/interface-communication-avionique\/\"]}]},{\"@type\":\"ImageObject\",\"inLanguage\":\"en-US\",\"@id\":\"https:\/\/oxytronic.fr\/applications\/interface-communication-avionique\/#primaryimage\",\"url\":\"https:\/\/oxytronic.fr\/assets\/uploads\/2020\/06\/Applications-Interfaces-et-Communications-R1.58.jpg\",\"contentUrl\":\"https:\/\/oxytronic.fr\/assets\/uploads\/2020\/06\/Applications-Interfaces-et-Communications-R1.58.jpg\",\"width\":1500,\"height\":947},{\"@type\":\"BreadcrumbList\",\"@id\":\"https:\/\/oxytronic.fr\/applications\/interface-communication-avionique\/#breadcrumb\",\"itemListElement\":[{\"@type\":\"ListItem\",\"position\":1,\"name\":\"Accueil\",\"item\":\"https:\/\/oxytronic.fr\/en\/accueil\/\"},{\"@type\":\"ListItem\",\"position\":2,\"name\":\"Applications\",\"item\":\"https:\/\/oxytronic.fr\/applications\/\"},{\"@type\":\"ListItem\",\"position\":3,\"name\":\"Interfaces &#038; Communications\"}]},{\"@type\":\"WebSite\",\"@id\":\"https:\/\/oxytronic.fr\/#website\",\"url\":\"https:\/\/oxytronic.fr\/\",\"name\":\"Oxytronic\",\"description\":\"Entreprise sp\u00e9cialis\u00e9e dans les \u00e9quipements \u00e9lectroniques.\",\"publisher\":{\"@id\":\"https:\/\/oxytronic.fr\/#organization\"},\"potentialAction\":[{\"@type\":\"SearchAction\",\"target\":{\"@type\":\"EntryPoint\",\"urlTemplate\":\"https:\/\/oxytronic.fr\/?s={search_term_string}\"},\"query-input\":{\"@type\":\"PropertyValueSpecification\",\"valueRequired\":true,\"valueName\":\"search_term_string\"}}],\"inLanguage\":\"en-US\"},{\"@type\":\"Organization\",\"@id\":\"https:\/\/oxytronic.fr\/#organization\",\"name\":\"Oxytronic\",\"url\":\"https:\/\/oxytronic.fr\/\",\"logo\":{\"@type\":\"ImageObject\",\"inLanguage\":\"en-US\",\"@id\":\"https:\/\/oxytronic.fr\/#\/schema\/logo\/image\/\",\"url\":\"https:\/\/oxytronic.fr\/assets\/uploads\/2020\/04\/oxytronic.svg\",\"contentUrl\":\"https:\/\/oxytronic.fr\/assets\/uploads\/2020\/04\/oxytronic.svg\",\"width\":1697,\"height\":250,\"caption\":\"Oxytronic\"},\"image\":{\"@id\":\"https:\/\/oxytronic.fr\/#\/schema\/logo\/image\/\"},\"sameAs\":[\"https:\/\/www.linkedin.com\/company\/oxytronic\/\",\"https:\/\/www.youtube.com\/channel\/UCzMjeiwK0ZJRcP4GqX72Ocg\"]}]}<\/script>\n<!-- \/ Yoast SEO plugin. -->","yoast_head_json":{"title":"Interfaces & Communications | Oxytronic","robots":{"index":"index","follow":"follow","max-snippet":"max-snippet:-1","max-image-preview":"max-image-preview:large","max-video-preview":"max-video-preview:-1"},"canonical":"https:\/\/oxytronic.fr\/applications\/interface-communication-avionique\/","og_locale":"en_US","og_type":"article","og_title":"Interfaces & Communications | Oxytronic","og_description":"Our experience in components, systems and equipment interconnexion.","og_url":"https:\/\/oxytronic.fr\/applications\/interface-communication-avionique\/","og_site_name":"Oxytronic","article_modified_time":"2020-06-11T14:24:15+00:00","og_image":[{"width":1500,"height":947,"url":"https:\/\/oxytronic.fr\/assets\/uploads\/2020\/06\/Applications-Interfaces-et-Communications-R1.58.jpg","type":"image\/jpeg"}],"twitter_card":"summary_large_image","schema":{"@context":"https:\/\/schema.org","@graph":[{"@type":"WebPage","@id":"https:\/\/oxytronic.fr\/applications\/interface-communication-avionique\/","url":"https:\/\/oxytronic.fr\/applications\/interface-communication-avionique\/","name":"Interfaces & Communications | Oxytronic","isPartOf":{"@id":"https:\/\/oxytronic.fr\/#website"},"primaryImageOfPage":{"@id":"https:\/\/oxytronic.fr\/applications\/interface-communication-avionique\/#primaryimage"},"image":{"@id":"https:\/\/oxytronic.fr\/applications\/interface-communication-avionique\/#primaryimage"},"thumbnailUrl":"https:\/\/oxytronic.fr\/assets\/uploads\/2020\/06\/Applications-Interfaces-et-Communications-R1.58.jpg","datePublished":"2020-04-28T08:19:15+00:00","dateModified":"2020-06-11T14:24:15+00:00","breadcrumb":{"@id":"https:\/\/oxytronic.fr\/applications\/interface-communication-avionique\/#breadcrumb"},"inLanguage":"en-US","potentialAction":[{"@type":"ReadAction","target":["https:\/\/oxytronic.fr\/applications\/interface-communication-avionique\/"]}]},{"@type":"ImageObject","inLanguage":"en-US","@id":"https:\/\/oxytronic.fr\/applications\/interface-communication-avionique\/#primaryimage","url":"https:\/\/oxytronic.fr\/assets\/uploads\/2020\/06\/Applications-Interfaces-et-Communications-R1.58.jpg","contentUrl":"https:\/\/oxytronic.fr\/assets\/uploads\/2020\/06\/Applications-Interfaces-et-Communications-R1.58.jpg","width":1500,"height":947},{"@type":"BreadcrumbList","@id":"https:\/\/oxytronic.fr\/applications\/interface-communication-avionique\/#breadcrumb","itemListElement":[{"@type":"ListItem","position":1,"name":"Accueil","item":"https:\/\/oxytronic.fr\/en\/accueil\/"},{"@type":"ListItem","position":2,"name":"Applications","item":"https:\/\/oxytronic.fr\/applications\/"},{"@type":"ListItem","position":3,"name":"Interfaces &#038; Communications"}]},{"@type":"WebSite","@id":"https:\/\/oxytronic.fr\/#website","url":"https:\/\/oxytronic.fr\/","name":"Oxytronic","description":"Entreprise sp\u00e9cialis\u00e9e dans les \u00e9quipements \u00e9lectroniques.","publisher":{"@id":"https:\/\/oxytronic.fr\/#organization"},"potentialAction":[{"@type":"SearchAction","target":{"@type":"EntryPoint","urlTemplate":"https:\/\/oxytronic.fr\/?s={search_term_string}"},"query-input":{"@type":"PropertyValueSpecification","valueRequired":true,"valueName":"search_term_string"}}],"inLanguage":"en-US"},{"@type":"Organization","@id":"https:\/\/oxytronic.fr\/#organization","name":"Oxytronic","url":"https:\/\/oxytronic.fr\/","logo":{"@type":"ImageObject","inLanguage":"en-US","@id":"https:\/\/oxytronic.fr\/#\/schema\/logo\/image\/","url":"https:\/\/oxytronic.fr\/assets\/uploads\/2020\/04\/oxytronic.svg","contentUrl":"https:\/\/oxytronic.fr\/assets\/uploads\/2020\/04\/oxytronic.svg","width":1697,"height":250,"caption":"Oxytronic"},"image":{"@id":"https:\/\/oxytronic.fr\/#\/schema\/logo\/image\/"},"sameAs":["https:\/\/www.linkedin.com\/company\/oxytronic\/","https:\/\/www.youtube.com\/channel\/UCzMjeiwK0ZJRcP4GqX72Ocg"]}]}},"_links":{"self":[{"href":"https:\/\/oxytronic.fr\/en\/wp-json\/wp\/v2\/pages\/835","targetHints":{"allow":["GET"]}}],"collection":[{"href":"https:\/\/oxytronic.fr\/en\/wp-json\/wp\/v2\/pages"}],"about":[{"href":"https:\/\/oxytronic.fr\/en\/wp-json\/wp\/v2\/types\/page"}],"author":[{"embeddable":true,"href":"https:\/\/oxytronic.fr\/en\/wp-json\/wp\/v2\/users\/1"}],"replies":[{"embeddable":true,"href":"https:\/\/oxytronic.fr\/en\/wp-json\/wp\/v2\/comments?post=835"}],"version-history":[{"count":0,"href":"https:\/\/oxytronic.fr\/en\/wp-json\/wp\/v2\/pages\/835\/revisions"}],"up":[{"embeddable":true,"href":"https:\/\/oxytronic.fr\/en\/wp-json\/wp\/v2\/pages\/865"}],"wp:featuredmedia":[{"embeddable":true,"href":"https:\/\/oxytronic.fr\/en\/wp-json\/wp\/v2\/media\/1715"}],"wp:attachment":[{"href":"https:\/\/oxytronic.fr\/en\/wp-json\/wp\/v2\/media?parent=835"}],"curies":[{"name":"wp","href":"https:\/\/api.w.org\/{rel}","templated":true}]}}