{"id":849,"date":"2020-04-14T10:06:59","date_gmt":"2020-04-14T10:06:59","guid":{"rendered":"https:\/\/oxytronic.fr\/industries\/"},"modified":"2020-06-11T14:25:46","modified_gmt":"2020-06-11T14:25:46","slug":"industries","status":"publish","type":"page","link":"https:\/\/oxytronic.fr\/en\/industries\/","title":{"rendered":"Industries"},"content":{"rendered":"\n<p>We are agile! The experience of our technical teams and our organization allow us to also perform on extremely rigorous projects and processes such as those of Aeronautics, Defense and Nuclear, but also on developments where technical excellence must be accompanied by responsiveness and flexibility.<\/p>\n","protected":false},"excerpt":{"rendered":"<p>We are agile! The experience of our technical teams and our organization allow us to also perform on extremely rigorous projects and processes such as those of Aeronautics, Defense and Nuclear, but also on developments where technical excellence must be accompanied by responsiveness and flexibility.<\/p>\n","protected":false},"author":1,"featured_media":1674,"parent":0,"menu_order":8,"comment_status":"closed","ping_status":"closed","template":"templates\/list-categories.php","meta":{"_acf_changed":false,"footnotes":""},"class_list":["post-849","page","type-page","status-publish","has-post-thumbnail","hentry"],"acf":[],"yoast_head":"<!-- This site is optimized with the Yoast SEO plugin v27.2 - https:\/\/yoast.com\/product\/yoast-seo-wordpress\/ -->\n<title>Industries | Oxytronic<\/title>\n<meta name=\"robots\" content=\"index, follow, max-snippet:-1, max-image-preview:large, max-video-preview:-1\" \/>\n<link rel=\"canonical\" href=\"https:\/\/oxytronic.fr\/industries\/\" \/>\n<meta property=\"og:locale\" content=\"en_US\" \/>\n<meta property=\"og:type\" content=\"article\" \/>\n<meta property=\"og:title\" content=\"Industries | Oxytronic\" \/>\n<meta property=\"og:description\" content=\"We are agile! The experience of our technical teams and our organization allow us to also perform on extremely rigorous projects and processes such as those of Aeronautics, Defense and Nuclear, but also on developments where technical excellence must be accompanied by responsiveness and flexibility.\" \/>\n<meta property=\"og:url\" content=\"https:\/\/oxytronic.fr\/industries\/\" \/>\n<meta property=\"og:site_name\" content=\"Oxytronic\" \/>\n<meta property=\"article:modified_time\" content=\"2020-06-11T14:25:46+00:00\" \/>\n<meta property=\"og:image\" content=\"https:\/\/oxytronic.fr\/assets\/uploads\/2020\/06\/Industries-Page-g\u00e9n\u00e9rale-T\u00eati\u00e8re.jpg\" \/>\n\t<meta property=\"og:image:width\" content=\"2500\" \/>\n\t<meta property=\"og:image:height\" content=\"1738\" \/>\n\t<meta property=\"og:image:type\" content=\"image\/jpeg\" \/>\n<meta name=\"twitter:card\" content=\"summary_large_image\" \/>\n<script type=\"application\/ld+json\" class=\"yoast-schema-graph\">{\"@context\":\"https:\/\/schema.org\",\"@graph\":[{\"@type\":\"WebPage\",\"@id\":\"https:\/\/oxytronic.fr\/industries\/\",\"url\":\"https:\/\/oxytronic.fr\/industries\/\",\"name\":\"Industries | Oxytronic\",\"isPartOf\":{\"@id\":\"https:\/\/oxytronic.fr\/#website\"},\"primaryImageOfPage\":{\"@id\":\"https:\/\/oxytronic.fr\/industries\/#primaryimage\"},\"image\":{\"@id\":\"https:\/\/oxytronic.fr\/industries\/#primaryimage\"},\"thumbnailUrl\":\"https:\/\/oxytronic.fr\/assets\/uploads\/2020\/06\/Industries-Page-g\u00e9n\u00e9rale-T\u00eati\u00e8re.jpg\",\"datePublished\":\"2020-04-14T10:06:59+00:00\",\"dateModified\":\"2020-06-11T14:25:46+00:00\",\"breadcrumb\":{\"@id\":\"https:\/\/oxytronic.fr\/industries\/#breadcrumb\"},\"inLanguage\":\"en-US\",\"potentialAction\":[{\"@type\":\"ReadAction\",\"target\":[\"https:\/\/oxytronic.fr\/industries\/\"]}]},{\"@type\":\"ImageObject\",\"inLanguage\":\"en-US\",\"@id\":\"https:\/\/oxytronic.fr\/industries\/#primaryimage\",\"url\":\"https:\/\/oxytronic.fr\/assets\/uploads\/2020\/06\/Industries-Page-g\u00e9n\u00e9rale-T\u00eati\u00e8re.jpg\",\"contentUrl\":\"https:\/\/oxytronic.fr\/assets\/uploads\/2020\/06\/Industries-Page-g\u00e9n\u00e9rale-T\u00eati\u00e8re.jpg\",\"width\":2500,\"height\":1738},{\"@type\":\"BreadcrumbList\",\"@id\":\"https:\/\/oxytronic.fr\/industries\/#breadcrumb\",\"itemListElement\":[{\"@type\":\"ListItem\",\"position\":1,\"name\":\"Accueil\",\"item\":\"https:\/\/oxytronic.fr\/en\/accueil\/\"},{\"@type\":\"ListItem\",\"position\":2,\"name\":\"Industries\"}]},{\"@type\":\"WebSite\",\"@id\":\"https:\/\/oxytronic.fr\/#website\",\"url\":\"https:\/\/oxytronic.fr\/\",\"name\":\"Oxytronic\",\"description\":\"Entreprise sp\u00e9cialis\u00e9e dans les \u00e9quipements \u00e9lectroniques.\",\"publisher\":{\"@id\":\"https:\/\/oxytronic.fr\/#organization\"},\"potentialAction\":[{\"@type\":\"SearchAction\",\"target\":{\"@type\":\"EntryPoint\",\"urlTemplate\":\"https:\/\/oxytronic.fr\/?s={search_term_string}\"},\"query-input\":{\"@type\":\"PropertyValueSpecification\",\"valueRequired\":true,\"valueName\":\"search_term_string\"}}],\"inLanguage\":\"en-US\"},{\"@type\":\"Organization\",\"@id\":\"https:\/\/oxytronic.fr\/#organization\",\"name\":\"Oxytronic\",\"url\":\"https:\/\/oxytronic.fr\/\",\"logo\":{\"@type\":\"ImageObject\",\"inLanguage\":\"en-US\",\"@id\":\"https:\/\/oxytronic.fr\/#\/schema\/logo\/image\/\",\"url\":\"https:\/\/oxytronic.fr\/assets\/uploads\/2020\/04\/oxytronic.svg\",\"contentUrl\":\"https:\/\/oxytronic.fr\/assets\/uploads\/2020\/04\/oxytronic.svg\",\"width\":1697,\"height\":250,\"caption\":\"Oxytronic\"},\"image\":{\"@id\":\"https:\/\/oxytronic.fr\/#\/schema\/logo\/image\/\"},\"sameAs\":[\"https:\/\/www.linkedin.com\/company\/oxytronic\/\",\"https:\/\/www.youtube.com\/channel\/UCzMjeiwK0ZJRcP4GqX72Ocg\"]}]}<\/script>\n<!-- \/ Yoast SEO plugin. -->","yoast_head_json":{"title":"Industries | Oxytronic","robots":{"index":"index","follow":"follow","max-snippet":"max-snippet:-1","max-image-preview":"max-image-preview:large","max-video-preview":"max-video-preview:-1"},"canonical":"https:\/\/oxytronic.fr\/industries\/","og_locale":"en_US","og_type":"article","og_title":"Industries | Oxytronic","og_description":"We are agile! The experience of our technical teams and our organization allow us to also perform on extremely rigorous projects and processes such as those of Aeronautics, Defense and Nuclear, but also on developments where technical excellence must be accompanied by responsiveness and flexibility.","og_url":"https:\/\/oxytronic.fr\/industries\/","og_site_name":"Oxytronic","article_modified_time":"2020-06-11T14:25:46+00:00","og_image":[{"width":2500,"height":1738,"url":"https:\/\/oxytronic.fr\/assets\/uploads\/2020\/06\/Industries-Page-g\u00e9n\u00e9rale-T\u00eati\u00e8re.jpg","type":"image\/jpeg"}],"twitter_card":"summary_large_image","schema":{"@context":"https:\/\/schema.org","@graph":[{"@type":"WebPage","@id":"https:\/\/oxytronic.fr\/industries\/","url":"https:\/\/oxytronic.fr\/industries\/","name":"Industries | Oxytronic","isPartOf":{"@id":"https:\/\/oxytronic.fr\/#website"},"primaryImageOfPage":{"@id":"https:\/\/oxytronic.fr\/industries\/#primaryimage"},"image":{"@id":"https:\/\/oxytronic.fr\/industries\/#primaryimage"},"thumbnailUrl":"https:\/\/oxytronic.fr\/assets\/uploads\/2020\/06\/Industries-Page-g\u00e9n\u00e9rale-T\u00eati\u00e8re.jpg","datePublished":"2020-04-14T10:06:59+00:00","dateModified":"2020-06-11T14:25:46+00:00","breadcrumb":{"@id":"https:\/\/oxytronic.fr\/industries\/#breadcrumb"},"inLanguage":"en-US","potentialAction":[{"@type":"ReadAction","target":["https:\/\/oxytronic.fr\/industries\/"]}]},{"@type":"ImageObject","inLanguage":"en-US","@id":"https:\/\/oxytronic.fr\/industries\/#primaryimage","url":"https:\/\/oxytronic.fr\/assets\/uploads\/2020\/06\/Industries-Page-g\u00e9n\u00e9rale-T\u00eati\u00e8re.jpg","contentUrl":"https:\/\/oxytronic.fr\/assets\/uploads\/2020\/06\/Industries-Page-g\u00e9n\u00e9rale-T\u00eati\u00e8re.jpg","width":2500,"height":1738},{"@type":"BreadcrumbList","@id":"https:\/\/oxytronic.fr\/industries\/#breadcrumb","itemListElement":[{"@type":"ListItem","position":1,"name":"Accueil","item":"https:\/\/oxytronic.fr\/en\/accueil\/"},{"@type":"ListItem","position":2,"name":"Industries"}]},{"@type":"WebSite","@id":"https:\/\/oxytronic.fr\/#website","url":"https:\/\/oxytronic.fr\/","name":"Oxytronic","description":"Entreprise sp\u00e9cialis\u00e9e dans les \u00e9quipements \u00e9lectroniques.","publisher":{"@id":"https:\/\/oxytronic.fr\/#organization"},"potentialAction":[{"@type":"SearchAction","target":{"@type":"EntryPoint","urlTemplate":"https:\/\/oxytronic.fr\/?s={search_term_string}"},"query-input":{"@type":"PropertyValueSpecification","valueRequired":true,"valueName":"search_term_string"}}],"inLanguage":"en-US"},{"@type":"Organization","@id":"https:\/\/oxytronic.fr\/#organization","name":"Oxytronic","url":"https:\/\/oxytronic.fr\/","logo":{"@type":"ImageObject","inLanguage":"en-US","@id":"https:\/\/oxytronic.fr\/#\/schema\/logo\/image\/","url":"https:\/\/oxytronic.fr\/assets\/uploads\/2020\/04\/oxytronic.svg","contentUrl":"https:\/\/oxytronic.fr\/assets\/uploads\/2020\/04\/oxytronic.svg","width":1697,"height":250,"caption":"Oxytronic"},"image":{"@id":"https:\/\/oxytronic.fr\/#\/schema\/logo\/image\/"},"sameAs":["https:\/\/www.linkedin.com\/company\/oxytronic\/","https:\/\/www.youtube.com\/channel\/UCzMjeiwK0ZJRcP4GqX72Ocg"]}]}},"_links":{"self":[{"href":"https:\/\/oxytronic.fr\/en\/wp-json\/wp\/v2\/pages\/849","targetHints":{"allow":["GET"]}}],"collection":[{"href":"https:\/\/oxytronic.fr\/en\/wp-json\/wp\/v2\/pages"}],"about":[{"href":"https:\/\/oxytronic.fr\/en\/wp-json\/wp\/v2\/types\/page"}],"author":[{"embeddable":true,"href":"https:\/\/oxytronic.fr\/en\/wp-json\/wp\/v2\/users\/1"}],"replies":[{"embeddable":true,"href":"https:\/\/oxytronic.fr\/en\/wp-json\/wp\/v2\/comments?post=849"}],"version-history":[{"count":0,"href":"https:\/\/oxytronic.fr\/en\/wp-json\/wp\/v2\/pages\/849\/revisions"}],"wp:featuredmedia":[{"embeddable":true,"href":"https:\/\/oxytronic.fr\/en\/wp-json\/wp\/v2\/media\/1674"}],"wp:attachment":[{"href":"https:\/\/oxytronic.fr\/en\/wp-json\/wp\/v2\/media?parent=849"}],"curies":[{"name":"wp","href":"https:\/\/api.w.org\/{rel}","templated":true}]}}