{"id":856,"date":"2020-04-28T09:27:50","date_gmt":"2020-04-28T09:27:50","guid":{"rendered":"https:\/\/oxytronic.fr\/products\/wireless-headsets-and-handsets\/ican-phone\/"},"modified":"2023-11-30T09:37:18","modified_gmt":"2023-11-30T09:37:18","slug":"ican-phone","status":"publish","type":"page","link":"https:\/\/oxytronic.fr\/en\/products\/wireless-headsets-and-handsets\/ican-phone\/","title":{"rendered":"iCan Phone"},"content":{"rendered":"\n<p>iCan Phone is a high-end wireless handset. It is provided with advanced audio filtering technologies like the ANR (Active Noise Reduction) and a Push-to-Talk feature on the microphone.<\/p>\n\n\n\n<p>This handset is optimized for use in VIP helicopters, transportation\/offshore\/medical helicopters, and governmental helicopters. Thanks to our iCan System\u00ae architecture, up to 4 handsets can be connected to the same wireless communication network.<\/p>\n\n\n\n<div class=\"wp-block-buttons is-layout-flex wp-block-buttons-is-layout-flex\">\n<div class=\"wp-block-button picto-download\"><a class=\"wp-block-button__link wp-element-button\" href=\"https:\/\/oxytronic.fr\/assets\/uploads\/2023\/11\/Datasheet-iCan-Phone.pdf\" target=\"_blank\" rel=\"noreferrer noopener\">Download Product Sheet<\/a><\/div>\n<\/div>\n","protected":false},"excerpt":{"rendered":"<p>This helicopter phone is composed with a base station connected to the onboard network, and a high quality wireless handset provided with an ambient noise reduction system.<\/p>\n","protected":false},"author":1,"featured_media":700,"parent":823,"menu_order":46,"comment_status":"closed","ping_status":"closed","template":"templates\/single-product.php","meta":{"_acf_changed":false,"footnotes":""},"class_list":["post-856","page","type-page","status-publish","has-post-thumbnail","hentry"],"acf":[],"yoast_head":"<!-- This site is optimized with the Yoast SEO plugin v27.2 - https:\/\/yoast.com\/product\/yoast-seo-wordpress\/ -->\n<title>iCan Phone | Oxytronic<\/title>\n<meta name=\"robots\" content=\"index, follow, max-snippet:-1, max-image-preview:large, max-video-preview:-1\" \/>\n<link rel=\"canonical\" href=\"https:\/\/oxytronic.fr\/en\/products\/wireless-headsets-and-handsets\/ican-phone\/\" \/>\n<meta property=\"og:locale\" content=\"en_US\" \/>\n<meta property=\"og:type\" content=\"article\" \/>\n<meta property=\"og:title\" content=\"iCan Phone | Oxytronic\" \/>\n<meta property=\"og:description\" content=\"This helicopter phone is composed with a base station connected to the onboard network, and a high quality wireless handset provided with an ambient noise reduction system.\" \/>\n<meta property=\"og:url\" content=\"https:\/\/oxytronic.fr\/en\/products\/wireless-headsets-and-handsets\/ican-phone\/\" \/>\n<meta property=\"og:site_name\" content=\"Oxytronic\" \/>\n<meta property=\"article:modified_time\" content=\"2023-11-30T09:37:18+00:00\" \/>\n<meta property=\"og:image\" content=\"https:\/\/oxytronic.fr\/assets\/uploads\/2020\/04\/Ican-phone.jpg\" \/>\n\t<meta property=\"og:image:width\" content=\"1312\" \/>\n\t<meta property=\"og:image:height\" content=\"898\" \/>\n\t<meta property=\"og:image:type\" content=\"image\/jpeg\" \/>\n<meta name=\"twitter:card\" content=\"summary_large_image\" \/>\n<meta name=\"twitter:label1\" content=\"Est. reading time\" \/>\n\t<meta name=\"twitter:data1\" content=\"1 minute\" \/>\n<script type=\"application\/ld+json\" class=\"yoast-schema-graph\">{\"@context\":\"https:\/\/schema.org\",\"@graph\":[{\"@type\":\"WebPage\",\"@id\":\"https:\/\/oxytronic.fr\/en\/products\/wireless-headsets-and-handsets\/ican-phone\/\",\"url\":\"https:\/\/oxytronic.fr\/en\/products\/wireless-headsets-and-handsets\/ican-phone\/\",\"name\":\"iCan Phone | Oxytronic\",\"isPartOf\":{\"@id\":\"https:\/\/oxytronic.fr\/#website\"},\"primaryImageOfPage\":{\"@id\":\"https:\/\/oxytronic.fr\/en\/products\/wireless-headsets-and-handsets\/ican-phone\/#primaryimage\"},\"image\":{\"@id\":\"https:\/\/oxytronic.fr\/en\/products\/wireless-headsets-and-handsets\/ican-phone\/#primaryimage\"},\"thumbnailUrl\":\"https:\/\/oxytronic.fr\/assets\/uploads\/2020\/04\/Ican-phone.jpg\",\"datePublished\":\"2020-04-28T09:27:50+00:00\",\"dateModified\":\"2023-11-30T09:37:18+00:00\",\"breadcrumb\":{\"@id\":\"https:\/\/oxytronic.fr\/en\/products\/wireless-headsets-and-handsets\/ican-phone\/#breadcrumb\"},\"inLanguage\":\"en-US\",\"potentialAction\":[{\"@type\":\"ReadAction\",\"target\":[\"https:\/\/oxytronic.fr\/en\/products\/wireless-headsets-and-handsets\/ican-phone\/\"]}]},{\"@type\":\"ImageObject\",\"inLanguage\":\"en-US\",\"@id\":\"https:\/\/oxytronic.fr\/en\/products\/wireless-headsets-and-handsets\/ican-phone\/#primaryimage\",\"url\":\"https:\/\/oxytronic.fr\/assets\/uploads\/2020\/04\/Ican-phone.jpg\",\"contentUrl\":\"https:\/\/oxytronic.fr\/assets\/uploads\/2020\/04\/Ican-phone.jpg\",\"width\":1312,\"height\":898},{\"@type\":\"BreadcrumbList\",\"@id\":\"https:\/\/oxytronic.fr\/en\/products\/wireless-headsets-and-handsets\/ican-phone\/#breadcrumb\",\"itemListElement\":[{\"@type\":\"ListItem\",\"position\":1,\"name\":\"Accueil\",\"item\":\"https:\/\/oxytronic.fr\/en\/accueil\/\"},{\"@type\":\"ListItem\",\"position\":2,\"name\":\"Products\",\"item\":\"https:\/\/oxytronic.fr\/produits\/\"},{\"@type\":\"ListItem\",\"position\":3,\"name\":\"Wireless Headsets and Handsets\",\"item\":\"https:\/\/oxytronic.fr\/produits\/casques-telephones\/\"},{\"@type\":\"ListItem\",\"position\":4,\"name\":\"iCan Phone\"}]},{\"@type\":\"WebSite\",\"@id\":\"https:\/\/oxytronic.fr\/#website\",\"url\":\"https:\/\/oxytronic.fr\/\",\"name\":\"Oxytronic\",\"description\":\"Entreprise sp\u00e9cialis\u00e9e dans les \u00e9quipements \u00e9lectroniques.\",\"publisher\":{\"@id\":\"https:\/\/oxytronic.fr\/#organization\"},\"potentialAction\":[{\"@type\":\"SearchAction\",\"target\":{\"@type\":\"EntryPoint\",\"urlTemplate\":\"https:\/\/oxytronic.fr\/?s={search_term_string}\"},\"query-input\":{\"@type\":\"PropertyValueSpecification\",\"valueRequired\":true,\"valueName\":\"search_term_string\"}}],\"inLanguage\":\"en-US\"},{\"@type\":\"Organization\",\"@id\":\"https:\/\/oxytronic.fr\/#organization\",\"name\":\"Oxytronic\",\"url\":\"https:\/\/oxytronic.fr\/\",\"logo\":{\"@type\":\"ImageObject\",\"inLanguage\":\"en-US\",\"@id\":\"https:\/\/oxytronic.fr\/#\/schema\/logo\/image\/\",\"url\":\"https:\/\/oxytronic.fr\/assets\/uploads\/2020\/04\/oxytronic.svg\",\"contentUrl\":\"https:\/\/oxytronic.fr\/assets\/uploads\/2020\/04\/oxytronic.svg\",\"width\":1697,\"height\":250,\"caption\":\"Oxytronic\"},\"image\":{\"@id\":\"https:\/\/oxytronic.fr\/#\/schema\/logo\/image\/\"},\"sameAs\":[\"https:\/\/www.linkedin.com\/company\/oxytronic\/\",\"https:\/\/www.youtube.com\/channel\/UCzMjeiwK0ZJRcP4GqX72Ocg\"]}]}<\/script>\n<!-- \/ Yoast SEO plugin. -->","yoast_head_json":{"title":"iCan Phone | Oxytronic","robots":{"index":"index","follow":"follow","max-snippet":"max-snippet:-1","max-image-preview":"max-image-preview:large","max-video-preview":"max-video-preview:-1"},"canonical":"https:\/\/oxytronic.fr\/en\/products\/wireless-headsets-and-handsets\/ican-phone\/","og_locale":"en_US","og_type":"article","og_title":"iCan Phone | Oxytronic","og_description":"This helicopter phone is composed with a base station connected to the onboard network, and a high quality wireless handset provided with an ambient noise reduction system.","og_url":"https:\/\/oxytronic.fr\/en\/products\/wireless-headsets-and-handsets\/ican-phone\/","og_site_name":"Oxytronic","article_modified_time":"2023-11-30T09:37:18+00:00","og_image":[{"width":1312,"height":898,"url":"https:\/\/oxytronic.fr\/assets\/uploads\/2020\/04\/Ican-phone.jpg","type":"image\/jpeg"}],"twitter_card":"summary_large_image","twitter_misc":{"Est. reading time":"1 minute"},"schema":{"@context":"https:\/\/schema.org","@graph":[{"@type":"WebPage","@id":"https:\/\/oxytronic.fr\/en\/products\/wireless-headsets-and-handsets\/ican-phone\/","url":"https:\/\/oxytronic.fr\/en\/products\/wireless-headsets-and-handsets\/ican-phone\/","name":"iCan Phone | Oxytronic","isPartOf":{"@id":"https:\/\/oxytronic.fr\/#website"},"primaryImageOfPage":{"@id":"https:\/\/oxytronic.fr\/en\/products\/wireless-headsets-and-handsets\/ican-phone\/#primaryimage"},"image":{"@id":"https:\/\/oxytronic.fr\/en\/products\/wireless-headsets-and-handsets\/ican-phone\/#primaryimage"},"thumbnailUrl":"https:\/\/oxytronic.fr\/assets\/uploads\/2020\/04\/Ican-phone.jpg","datePublished":"2020-04-28T09:27:50+00:00","dateModified":"2023-11-30T09:37:18+00:00","breadcrumb":{"@id":"https:\/\/oxytronic.fr\/en\/products\/wireless-headsets-and-handsets\/ican-phone\/#breadcrumb"},"inLanguage":"en-US","potentialAction":[{"@type":"ReadAction","target":["https:\/\/oxytronic.fr\/en\/products\/wireless-headsets-and-handsets\/ican-phone\/"]}]},{"@type":"ImageObject","inLanguage":"en-US","@id":"https:\/\/oxytronic.fr\/en\/products\/wireless-headsets-and-handsets\/ican-phone\/#primaryimage","url":"https:\/\/oxytronic.fr\/assets\/uploads\/2020\/04\/Ican-phone.jpg","contentUrl":"https:\/\/oxytronic.fr\/assets\/uploads\/2020\/04\/Ican-phone.jpg","width":1312,"height":898},{"@type":"BreadcrumbList","@id":"https:\/\/oxytronic.fr\/en\/products\/wireless-headsets-and-handsets\/ican-phone\/#breadcrumb","itemListElement":[{"@type":"ListItem","position":1,"name":"Accueil","item":"https:\/\/oxytronic.fr\/en\/accueil\/"},{"@type":"ListItem","position":2,"name":"Products","item":"https:\/\/oxytronic.fr\/produits\/"},{"@type":"ListItem","position":3,"name":"Wireless Headsets and Handsets","item":"https:\/\/oxytronic.fr\/produits\/casques-telephones\/"},{"@type":"ListItem","position":4,"name":"iCan Phone"}]},{"@type":"WebSite","@id":"https:\/\/oxytronic.fr\/#website","url":"https:\/\/oxytronic.fr\/","name":"Oxytronic","description":"Entreprise sp\u00e9cialis\u00e9e dans les \u00e9quipements \u00e9lectroniques.","publisher":{"@id":"https:\/\/oxytronic.fr\/#organization"},"potentialAction":[{"@type":"SearchAction","target":{"@type":"EntryPoint","urlTemplate":"https:\/\/oxytronic.fr\/?s={search_term_string}"},"query-input":{"@type":"PropertyValueSpecification","valueRequired":true,"valueName":"search_term_string"}}],"inLanguage":"en-US"},{"@type":"Organization","@id":"https:\/\/oxytronic.fr\/#organization","name":"Oxytronic","url":"https:\/\/oxytronic.fr\/","logo":{"@type":"ImageObject","inLanguage":"en-US","@id":"https:\/\/oxytronic.fr\/#\/schema\/logo\/image\/","url":"https:\/\/oxytronic.fr\/assets\/uploads\/2020\/04\/oxytronic.svg","contentUrl":"https:\/\/oxytronic.fr\/assets\/uploads\/2020\/04\/oxytronic.svg","width":1697,"height":250,"caption":"Oxytronic"},"image":{"@id":"https:\/\/oxytronic.fr\/#\/schema\/logo\/image\/"},"sameAs":["https:\/\/www.linkedin.com\/company\/oxytronic\/","https:\/\/www.youtube.com\/channel\/UCzMjeiwK0ZJRcP4GqX72Ocg"]}]}},"_links":{"self":[{"href":"https:\/\/oxytronic.fr\/en\/wp-json\/wp\/v2\/pages\/856","targetHints":{"allow":["GET"]}}],"collection":[{"href":"https:\/\/oxytronic.fr\/en\/wp-json\/wp\/v2\/pages"}],"about":[{"href":"https:\/\/oxytronic.fr\/en\/wp-json\/wp\/v2\/types\/page"}],"author":[{"embeddable":true,"href":"https:\/\/oxytronic.fr\/en\/wp-json\/wp\/v2\/users\/1"}],"replies":[{"embeddable":true,"href":"https:\/\/oxytronic.fr\/en\/wp-json\/wp\/v2\/comments?post=856"}],"version-history":[{"count":1,"href":"https:\/\/oxytronic.fr\/en\/wp-json\/wp\/v2\/pages\/856\/revisions"}],"predecessor-version":[{"id":2588,"href":"https:\/\/oxytronic.fr\/en\/wp-json\/wp\/v2\/pages\/856\/revisions\/2588"}],"up":[{"embeddable":true,"href":"https:\/\/oxytronic.fr\/en\/wp-json\/wp\/v2\/pages\/823"}],"wp:featuredmedia":[{"embeddable":true,"href":"https:\/\/oxytronic.fr\/en\/wp-json\/wp\/v2\/media\/700"}],"wp:attachment":[{"href":"https:\/\/oxytronic.fr\/en\/wp-json\/wp\/v2\/media?parent=856"}],"curies":[{"name":"wp","href":"https:\/\/api.w.org\/{rel}","templated":true}]}}