{"id":857,"date":"2020-04-28T09:34:22","date_gmt":"2020-04-28T09:34:22","guid":{"rendered":"https:\/\/oxytronic.fr\/products\/boards-and-equipment\/ican-picopop\/"},"modified":"2026-01-14T09:27:14","modified_gmt":"2026-01-14T09:27:14","slug":"ican-picopop","status":"publish","type":"page","link":"https:\/\/oxytronic.fr\/en\/products\/boards-and-equipment\/ican-picopop\/","title":{"rendered":"iCan PicoPop\u00ae"},"content":{"rendered":"\n<p>iCan PicoPop\u00ae is a small form factor SOM module for intensive computing, signal processing, and video processing.<\/p>\n\n\n\n<p>Based on the high-end Xilinx Zynq\u00ae UltraScale+\u2122 MPSoC, the board features with the 7EV configuration:<\/p>\n\n\n\n<ul class=\"wp-block-list\">\n<li>APU : Quad-core ARM\u00ae Cortex\u2122 A53<\/li>\n\n\n\n<li>RPU : Dual-core ARM Cortex R5<\/li>\n\n\n\n<li>GPU : Mali\u2122<\/li>\n\n\n\n<li>FPGA : UltraScale+ technology<\/li>\n\n\n\n<li>Hardware Codec : H.264 \/ H.265 4K Ultra HD (60 fps)<\/li>\n<\/ul>\n\n\n\n<p>iCan PicoPop\u00ae is compatible with our carrier boards product range, or can be used with your own base board, for designing a full-options embedded application dedicated to your project, and without having to implement the Xilinx component by yourself.<\/p>\n\n\n\n<p>The product enables development of a wide range of applications, like optronics systems, Artificial Intelligence (AI), electronics for UAV (engine control, camera stabilization, 4K Ultra HD video recording and processing, sensor fusion), broadcast cameras, Audio Video Over IP, embedded vision, ADAS and autonomous vehicles\u2026<\/p>\n\n\n\n<p>The board is available with Zynq\u00ae ZU CG-EG-EV families, and 4-5-7 models.<\/p>\n\n\n\n<div class=\"wp-block-buttons is-layout-flex wp-block-buttons-is-layout-flex\">\n<div class=\"wp-block-button picto-download\"><a class=\"wp-block-button__link wp-element-button\" href=\"https:\/\/oxytronic.fr\/assets\/uploads\/2026\/01\/Datasheet_Electronic-board-1.pdf\" target=\"_blank\" rel=\"noreferrer noopener\">Download Product Sheet<\/a><\/div>\n<\/div>\n\n\n\n<div class=\"wp-block-buttons is-layout-flex wp-block-buttons-is-layout-flex\">\n<div class=\"wp-block-button\"><a class=\"wp-block-button__link wp-element-button\" href=\"https:\/\/oxytronic.fr\/assets\/uploads\/2026\/01\/flex_brochure.pdf\">Flex pcb<\/a><\/div>\n<\/div>\n\n\n\n<p><\/p>\n","protected":false},"excerpt":{"rendered":"<p>iCan PicoPop\u00ae is a small form factor SOM module based on a Xilinx Zynq UltraScale+ MPSoC.<\/p>\n","protected":false},"author":1,"featured_media":1138,"parent":827,"menu_order":25,"comment_status":"closed","ping_status":"closed","template":"templates\/single-product.php","meta":{"_acf_changed":false,"footnotes":""},"class_list":["post-857","page","type-page","status-publish","has-post-thumbnail","hentry"],"acf":[],"yoast_head":"<!-- This site is optimized with the Yoast SEO plugin v27.2 - https:\/\/yoast.com\/product\/yoast-seo-wordpress\/ -->\n<title>iCan PicoPop\u00ae | Oxytronic<\/title>\n<meta name=\"robots\" content=\"index, follow, max-snippet:-1, max-image-preview:large, max-video-preview:-1\" \/>\n<link rel=\"canonical\" href=\"https:\/\/oxytronic.fr\/en\/products\/boards-and-equipment\/ican-picopop\/\" \/>\n<meta property=\"og:locale\" content=\"en_US\" \/>\n<meta property=\"og:type\" content=\"article\" \/>\n<meta property=\"og:title\" content=\"iCan PicoPop\u00ae | Oxytronic\" \/>\n<meta property=\"og:description\" content=\"iCan PicoPop\u00ae is a small form factor SOM module based on a Xilinx Zynq UltraScale+ MPSoC.\" \/>\n<meta property=\"og:url\" content=\"https:\/\/oxytronic.fr\/en\/products\/boards-and-equipment\/ican-picopop\/\" \/>\n<meta property=\"og:site_name\" content=\"Oxytronic\" \/>\n<meta property=\"article:modified_time\" content=\"2026-01-14T09:27:14+00:00\" \/>\n<meta property=\"og:image\" content=\"https:\/\/oxytronic.fr\/assets\/uploads\/2020\/05\/ican-picopop.jpg\" \/>\n\t<meta property=\"og:image:width\" content=\"1312\" \/>\n\t<meta property=\"og:image:height\" content=\"898\" \/>\n\t<meta property=\"og:image:type\" content=\"image\/jpeg\" \/>\n<meta name=\"twitter:card\" content=\"summary_large_image\" \/>\n<meta name=\"twitter:label1\" content=\"Est. reading time\" \/>\n\t<meta name=\"twitter:data1\" content=\"2 minutes\" \/>\n<script type=\"application\/ld+json\" class=\"yoast-schema-graph\">{\"@context\":\"https:\/\/schema.org\",\"@graph\":[{\"@type\":\"WebPage\",\"@id\":\"https:\/\/oxytronic.fr\/en\/products\/boards-and-equipment\/ican-picopop\/\",\"url\":\"https:\/\/oxytronic.fr\/en\/products\/boards-and-equipment\/ican-picopop\/\",\"name\":\"iCan PicoPop\u00ae | Oxytronic\",\"isPartOf\":{\"@id\":\"https:\/\/oxytronic.fr\/#website\"},\"primaryImageOfPage\":{\"@id\":\"https:\/\/oxytronic.fr\/en\/products\/boards-and-equipment\/ican-picopop\/#primaryimage\"},\"image\":{\"@id\":\"https:\/\/oxytronic.fr\/en\/products\/boards-and-equipment\/ican-picopop\/#primaryimage\"},\"thumbnailUrl\":\"https:\/\/oxytronic.fr\/assets\/uploads\/2020\/05\/ican-picopop.jpg\",\"datePublished\":\"2020-04-28T09:34:22+00:00\",\"dateModified\":\"2026-01-14T09:27:14+00:00\",\"breadcrumb\":{\"@id\":\"https:\/\/oxytronic.fr\/en\/products\/boards-and-equipment\/ican-picopop\/#breadcrumb\"},\"inLanguage\":\"en-US\",\"potentialAction\":[{\"@type\":\"ReadAction\",\"target\":[\"https:\/\/oxytronic.fr\/en\/products\/boards-and-equipment\/ican-picopop\/\"]}]},{\"@type\":\"ImageObject\",\"inLanguage\":\"en-US\",\"@id\":\"https:\/\/oxytronic.fr\/en\/products\/boards-and-equipment\/ican-picopop\/#primaryimage\",\"url\":\"https:\/\/oxytronic.fr\/assets\/uploads\/2020\/05\/ican-picopop.jpg\",\"contentUrl\":\"https:\/\/oxytronic.fr\/assets\/uploads\/2020\/05\/ican-picopop.jpg\",\"width\":1312,\"height\":898},{\"@type\":\"BreadcrumbList\",\"@id\":\"https:\/\/oxytronic.fr\/en\/products\/boards-and-equipment\/ican-picopop\/#breadcrumb\",\"itemListElement\":[{\"@type\":\"ListItem\",\"position\":1,\"name\":\"Accueil\",\"item\":\"https:\/\/oxytronic.fr\/en\/accueil\/\"},{\"@type\":\"ListItem\",\"position\":2,\"name\":\"Products\",\"item\":\"https:\/\/oxytronic.fr\/produits\/\"},{\"@type\":\"ListItem\",\"position\":3,\"name\":\"Boards and Equipment\",\"item\":\"https:\/\/oxytronic.fr\/produits\/cartes-electroniques-logiciels-embarques\/\"},{\"@type\":\"ListItem\",\"position\":4,\"name\":\"iCan PicoPop\u00ae\"}]},{\"@type\":\"WebSite\",\"@id\":\"https:\/\/oxytronic.fr\/#website\",\"url\":\"https:\/\/oxytronic.fr\/\",\"name\":\"Oxytronic\",\"description\":\"Entreprise sp\u00e9cialis\u00e9e dans les \u00e9quipements \u00e9lectroniques.\",\"publisher\":{\"@id\":\"https:\/\/oxytronic.fr\/#organization\"},\"potentialAction\":[{\"@type\":\"SearchAction\",\"target\":{\"@type\":\"EntryPoint\",\"urlTemplate\":\"https:\/\/oxytronic.fr\/?s={search_term_string}\"},\"query-input\":{\"@type\":\"PropertyValueSpecification\",\"valueRequired\":true,\"valueName\":\"search_term_string\"}}],\"inLanguage\":\"en-US\"},{\"@type\":\"Organization\",\"@id\":\"https:\/\/oxytronic.fr\/#organization\",\"name\":\"Oxytronic\",\"url\":\"https:\/\/oxytronic.fr\/\",\"logo\":{\"@type\":\"ImageObject\",\"inLanguage\":\"en-US\",\"@id\":\"https:\/\/oxytronic.fr\/#\/schema\/logo\/image\/\",\"url\":\"https:\/\/oxytronic.fr\/assets\/uploads\/2020\/04\/oxytronic.svg\",\"contentUrl\":\"https:\/\/oxytronic.fr\/assets\/uploads\/2020\/04\/oxytronic.svg\",\"width\":1697,\"height\":250,\"caption\":\"Oxytronic\"},\"image\":{\"@id\":\"https:\/\/oxytronic.fr\/#\/schema\/logo\/image\/\"},\"sameAs\":[\"https:\/\/www.linkedin.com\/company\/oxytronic\/\",\"https:\/\/www.youtube.com\/channel\/UCzMjeiwK0ZJRcP4GqX72Ocg\"]}]}<\/script>\n<!-- \/ Yoast SEO plugin. -->","yoast_head_json":{"title":"iCan PicoPop\u00ae | Oxytronic","robots":{"index":"index","follow":"follow","max-snippet":"max-snippet:-1","max-image-preview":"max-image-preview:large","max-video-preview":"max-video-preview:-1"},"canonical":"https:\/\/oxytronic.fr\/en\/products\/boards-and-equipment\/ican-picopop\/","og_locale":"en_US","og_type":"article","og_title":"iCan PicoPop\u00ae | Oxytronic","og_description":"iCan PicoPop\u00ae is a small form factor SOM module based on a Xilinx Zynq UltraScale+ MPSoC.","og_url":"https:\/\/oxytronic.fr\/en\/products\/boards-and-equipment\/ican-picopop\/","og_site_name":"Oxytronic","article_modified_time":"2026-01-14T09:27:14+00:00","og_image":[{"width":1312,"height":898,"url":"https:\/\/oxytronic.fr\/assets\/uploads\/2020\/05\/ican-picopop.jpg","type":"image\/jpeg"}],"twitter_card":"summary_large_image","twitter_misc":{"Est. reading time":"2 minutes"},"schema":{"@context":"https:\/\/schema.org","@graph":[{"@type":"WebPage","@id":"https:\/\/oxytronic.fr\/en\/products\/boards-and-equipment\/ican-picopop\/","url":"https:\/\/oxytronic.fr\/en\/products\/boards-and-equipment\/ican-picopop\/","name":"iCan PicoPop\u00ae | Oxytronic","isPartOf":{"@id":"https:\/\/oxytronic.fr\/#website"},"primaryImageOfPage":{"@id":"https:\/\/oxytronic.fr\/en\/products\/boards-and-equipment\/ican-picopop\/#primaryimage"},"image":{"@id":"https:\/\/oxytronic.fr\/en\/products\/boards-and-equipment\/ican-picopop\/#primaryimage"},"thumbnailUrl":"https:\/\/oxytronic.fr\/assets\/uploads\/2020\/05\/ican-picopop.jpg","datePublished":"2020-04-28T09:34:22+00:00","dateModified":"2026-01-14T09:27:14+00:00","breadcrumb":{"@id":"https:\/\/oxytronic.fr\/en\/products\/boards-and-equipment\/ican-picopop\/#breadcrumb"},"inLanguage":"en-US","potentialAction":[{"@type":"ReadAction","target":["https:\/\/oxytronic.fr\/en\/products\/boards-and-equipment\/ican-picopop\/"]}]},{"@type":"ImageObject","inLanguage":"en-US","@id":"https:\/\/oxytronic.fr\/en\/products\/boards-and-equipment\/ican-picopop\/#primaryimage","url":"https:\/\/oxytronic.fr\/assets\/uploads\/2020\/05\/ican-picopop.jpg","contentUrl":"https:\/\/oxytronic.fr\/assets\/uploads\/2020\/05\/ican-picopop.jpg","width":1312,"height":898},{"@type":"BreadcrumbList","@id":"https:\/\/oxytronic.fr\/en\/products\/boards-and-equipment\/ican-picopop\/#breadcrumb","itemListElement":[{"@type":"ListItem","position":1,"name":"Accueil","item":"https:\/\/oxytronic.fr\/en\/accueil\/"},{"@type":"ListItem","position":2,"name":"Products","item":"https:\/\/oxytronic.fr\/produits\/"},{"@type":"ListItem","position":3,"name":"Boards and Equipment","item":"https:\/\/oxytronic.fr\/produits\/cartes-electroniques-logiciels-embarques\/"},{"@type":"ListItem","position":4,"name":"iCan PicoPop\u00ae"}]},{"@type":"WebSite","@id":"https:\/\/oxytronic.fr\/#website","url":"https:\/\/oxytronic.fr\/","name":"Oxytronic","description":"Entreprise sp\u00e9cialis\u00e9e dans les \u00e9quipements \u00e9lectroniques.","publisher":{"@id":"https:\/\/oxytronic.fr\/#organization"},"potentialAction":[{"@type":"SearchAction","target":{"@type":"EntryPoint","urlTemplate":"https:\/\/oxytronic.fr\/?s={search_term_string}"},"query-input":{"@type":"PropertyValueSpecification","valueRequired":true,"valueName":"search_term_string"}}],"inLanguage":"en-US"},{"@type":"Organization","@id":"https:\/\/oxytronic.fr\/#organization","name":"Oxytronic","url":"https:\/\/oxytronic.fr\/","logo":{"@type":"ImageObject","inLanguage":"en-US","@id":"https:\/\/oxytronic.fr\/#\/schema\/logo\/image\/","url":"https:\/\/oxytronic.fr\/assets\/uploads\/2020\/04\/oxytronic.svg","contentUrl":"https:\/\/oxytronic.fr\/assets\/uploads\/2020\/04\/oxytronic.svg","width":1697,"height":250,"caption":"Oxytronic"},"image":{"@id":"https:\/\/oxytronic.fr\/#\/schema\/logo\/image\/"},"sameAs":["https:\/\/www.linkedin.com\/company\/oxytronic\/","https:\/\/www.youtube.com\/channel\/UCzMjeiwK0ZJRcP4GqX72Ocg"]}]}},"_links":{"self":[{"href":"https:\/\/oxytronic.fr\/en\/wp-json\/wp\/v2\/pages\/857","targetHints":{"allow":["GET"]}}],"collection":[{"href":"https:\/\/oxytronic.fr\/en\/wp-json\/wp\/v2\/pages"}],"about":[{"href":"https:\/\/oxytronic.fr\/en\/wp-json\/wp\/v2\/types\/page"}],"author":[{"embeddable":true,"href":"https:\/\/oxytronic.fr\/en\/wp-json\/wp\/v2\/users\/1"}],"replies":[{"embeddable":true,"href":"https:\/\/oxytronic.fr\/en\/wp-json\/wp\/v2\/comments?post=857"}],"version-history":[{"count":4,"href":"https:\/\/oxytronic.fr\/en\/wp-json\/wp\/v2\/pages\/857\/revisions"}],"predecessor-version":[{"id":3161,"href":"https:\/\/oxytronic.fr\/en\/wp-json\/wp\/v2\/pages\/857\/revisions\/3161"}],"up":[{"embeddable":true,"href":"https:\/\/oxytronic.fr\/en\/wp-json\/wp\/v2\/pages\/827"}],"wp:featuredmedia":[{"embeddable":true,"href":"https:\/\/oxytronic.fr\/en\/wp-json\/wp\/v2\/media\/1138"}],"wp:attachment":[{"href":"https:\/\/oxytronic.fr\/en\/wp-json\/wp\/v2\/media?parent=857"}],"curies":[{"name":"wp","href":"https:\/\/api.w.org\/{rel}","templated":true}]}}