{"id":858,"date":"2020-04-20T09:58:46","date_gmt":"2020-04-20T09:58:46","guid":{"rendered":"https:\/\/oxytronic.fr\/products\/displays\/ican-screen-13-3\/"},"modified":"2023-11-30T09:26:02","modified_gmt":"2023-11-30T09:26:02","slug":"ican-screen-13-3","status":"publish","type":"page","link":"https:\/\/oxytronic.fr\/en\/products\/displays\/ican-screen-13-3\/","title":{"rendered":"iCAN SCREEN 13.3&#8243;"},"content":{"rendered":"\n<p>iCan Screen 13.3 &#8220;is a rugged LCD screen designed for embedded avionics applications. With touch control buttons and a brightness sensor, the screen can display up to four simultaneous video sources. A chaining functionality allows display the same video source on several screens.<\/p>\n\n\n\n<p>Viewing images from cameras is simplified by powering the cameras over the Ethernet (POE) network.<\/p>\n\n\n\n<p>iCan Screen 13.3 \u2033 is available in a touchscreen version with force feedback on keys for better safety during flight.<\/p>\n\n\n\n<p>The product is DO-254 et DO-178C DAL-D certifiable.<\/p>\n\n\n\n<p>We can personalize the product (HMI, colors\u2026) according to your requirements and integrate it within our iCan System\u00ae architecture for building your own customized IFE\/CMS system.<\/p>\n\n\n\n<div class=\"wp-block-buttons is-layout-flex wp-block-buttons-is-layout-flex\">\n<div class=\"wp-block-button picto-download\"><a class=\"wp-block-button__link wp-element-button\" href=\"https:\/\/oxytronic.fr\/assets\/uploads\/2023\/11\/Datasheet-iCan-13.3.pdf\" target=\"_blank\" rel=\"noreferrer noopener\"><strong>Download Product Sheet<\/strong><\/a><\/div>\n\n\n\n<div class=\"wp-block-button picto-play\"><a class=\"wp-block-button__link wp-element-button\" href=\"https:\/\/www.youtube.com\/watch?v=3kBWlHh5zLM\" target=\"_blank\" rel=\"noreferrer noopener\">See Product Presentation on Video<\/a><\/div>\n<\/div>\n\n\n\n<p><\/p>\n","protected":false},"excerpt":{"rendered":"<p>iCan Screen 13.3&#8243; is a rugged 13.3&#8243; display, DO-254 and DO-178 certifiable, for cabin applications.<\/p>\n","protected":false},"author":1,"featured_media":731,"parent":818,"menu_order":54,"comment_status":"closed","ping_status":"closed","template":"templates\/single-product.php","meta":{"_acf_changed":false,"footnotes":""},"class_list":["post-858","page","type-page","status-publish","has-post-thumbnail","hentry"],"acf":[],"yoast_head":"<!-- This site is optimized with the Yoast SEO plugin v27.2 - https:\/\/yoast.com\/product\/yoast-seo-wordpress\/ -->\n<title>iCAN SCREEN 13.3&quot; | Oxytronic<\/title>\n<meta name=\"robots\" content=\"index, follow, max-snippet:-1, max-image-preview:large, max-video-preview:-1\" \/>\n<link rel=\"canonical\" href=\"https:\/\/oxytronic.fr\/en\/products\/displays\/ican-screen-13-3\/\" \/>\n<meta property=\"og:locale\" content=\"en_US\" \/>\n<meta property=\"og:type\" content=\"article\" \/>\n<meta property=\"og:title\" content=\"iCAN SCREEN 13.3&quot; | Oxytronic\" \/>\n<meta property=\"og:description\" content=\"iCan Screen 13.3&quot; is a rugged 13.3&quot; display, DO-254 and DO-178 certifiable, for cabin applications.\" \/>\n<meta property=\"og:url\" content=\"https:\/\/oxytronic.fr\/en\/products\/displays\/ican-screen-13-3\/\" \/>\n<meta property=\"og:site_name\" content=\"Oxytronic\" \/>\n<meta property=\"article:modified_time\" content=\"2023-11-30T09:26:02+00:00\" \/>\n<meta property=\"og:image\" content=\"https:\/\/oxytronic.fr\/assets\/uploads\/2020\/04\/Ican-screen-13_3.jpg\" \/>\n\t<meta property=\"og:image:width\" content=\"1312\" \/>\n\t<meta property=\"og:image:height\" content=\"898\" \/>\n\t<meta property=\"og:image:type\" content=\"image\/jpeg\" \/>\n<meta name=\"twitter:card\" content=\"summary_large_image\" \/>\n<meta name=\"twitter:label1\" content=\"Est. reading time\" \/>\n\t<meta name=\"twitter:data1\" content=\"1 minute\" \/>\n<script type=\"application\/ld+json\" class=\"yoast-schema-graph\">{\"@context\":\"https:\/\/schema.org\",\"@graph\":[{\"@type\":\"WebPage\",\"@id\":\"https:\/\/oxytronic.fr\/en\/products\/displays\/ican-screen-13-3\/\",\"url\":\"https:\/\/oxytronic.fr\/en\/products\/displays\/ican-screen-13-3\/\",\"name\":\"iCAN SCREEN 13.3\\\" | Oxytronic\",\"isPartOf\":{\"@id\":\"https:\/\/oxytronic.fr\/#website\"},\"primaryImageOfPage\":{\"@id\":\"https:\/\/oxytronic.fr\/en\/products\/displays\/ican-screen-13-3\/#primaryimage\"},\"image\":{\"@id\":\"https:\/\/oxytronic.fr\/en\/products\/displays\/ican-screen-13-3\/#primaryimage\"},\"thumbnailUrl\":\"https:\/\/oxytronic.fr\/assets\/uploads\/2020\/04\/Ican-screen-13_3.jpg\",\"datePublished\":\"2020-04-20T09:58:46+00:00\",\"dateModified\":\"2023-11-30T09:26:02+00:00\",\"breadcrumb\":{\"@id\":\"https:\/\/oxytronic.fr\/en\/products\/displays\/ican-screen-13-3\/#breadcrumb\"},\"inLanguage\":\"en-US\",\"potentialAction\":[{\"@type\":\"ReadAction\",\"target\":[\"https:\/\/oxytronic.fr\/en\/products\/displays\/ican-screen-13-3\/\"]}]},{\"@type\":\"ImageObject\",\"inLanguage\":\"en-US\",\"@id\":\"https:\/\/oxytronic.fr\/en\/products\/displays\/ican-screen-13-3\/#primaryimage\",\"url\":\"https:\/\/oxytronic.fr\/assets\/uploads\/2020\/04\/Ican-screen-13_3.jpg\",\"contentUrl\":\"https:\/\/oxytronic.fr\/assets\/uploads\/2020\/04\/Ican-screen-13_3.jpg\",\"width\":1312,\"height\":898},{\"@type\":\"BreadcrumbList\",\"@id\":\"https:\/\/oxytronic.fr\/en\/products\/displays\/ican-screen-13-3\/#breadcrumb\",\"itemListElement\":[{\"@type\":\"ListItem\",\"position\":1,\"name\":\"Accueil\",\"item\":\"https:\/\/oxytronic.fr\/en\/accueil\/\"},{\"@type\":\"ListItem\",\"position\":2,\"name\":\"Products\",\"item\":\"https:\/\/oxytronic.fr\/produits\/\"},{\"@type\":\"ListItem\",\"position\":3,\"name\":\"Displays\",\"item\":\"https:\/\/oxytronic.fr\/produits\/ecran\/\"},{\"@type\":\"ListItem\",\"position\":4,\"name\":\"iCAN SCREEN 13.3&Prime;\"}]},{\"@type\":\"WebSite\",\"@id\":\"https:\/\/oxytronic.fr\/#website\",\"url\":\"https:\/\/oxytronic.fr\/\",\"name\":\"Oxytronic\",\"description\":\"Entreprise sp\u00e9cialis\u00e9e dans les \u00e9quipements \u00e9lectroniques.\",\"publisher\":{\"@id\":\"https:\/\/oxytronic.fr\/#organization\"},\"potentialAction\":[{\"@type\":\"SearchAction\",\"target\":{\"@type\":\"EntryPoint\",\"urlTemplate\":\"https:\/\/oxytronic.fr\/?s={search_term_string}\"},\"query-input\":{\"@type\":\"PropertyValueSpecification\",\"valueRequired\":true,\"valueName\":\"search_term_string\"}}],\"inLanguage\":\"en-US\"},{\"@type\":\"Organization\",\"@id\":\"https:\/\/oxytronic.fr\/#organization\",\"name\":\"Oxytronic\",\"url\":\"https:\/\/oxytronic.fr\/\",\"logo\":{\"@type\":\"ImageObject\",\"inLanguage\":\"en-US\",\"@id\":\"https:\/\/oxytronic.fr\/#\/schema\/logo\/image\/\",\"url\":\"https:\/\/oxytronic.fr\/assets\/uploads\/2020\/04\/oxytronic.svg\",\"contentUrl\":\"https:\/\/oxytronic.fr\/assets\/uploads\/2020\/04\/oxytronic.svg\",\"width\":1697,\"height\":250,\"caption\":\"Oxytronic\"},\"image\":{\"@id\":\"https:\/\/oxytronic.fr\/#\/schema\/logo\/image\/\"},\"sameAs\":[\"https:\/\/www.linkedin.com\/company\/oxytronic\/\",\"https:\/\/www.youtube.com\/channel\/UCzMjeiwK0ZJRcP4GqX72Ocg\"]}]}<\/script>\n<!-- \/ Yoast SEO plugin. -->","yoast_head_json":{"title":"iCAN SCREEN 13.3\" | Oxytronic","robots":{"index":"index","follow":"follow","max-snippet":"max-snippet:-1","max-image-preview":"max-image-preview:large","max-video-preview":"max-video-preview:-1"},"canonical":"https:\/\/oxytronic.fr\/en\/products\/displays\/ican-screen-13-3\/","og_locale":"en_US","og_type":"article","og_title":"iCAN SCREEN 13.3\" | Oxytronic","og_description":"iCan Screen 13.3\" is a rugged 13.3\" display, DO-254 and DO-178 certifiable, for cabin applications.","og_url":"https:\/\/oxytronic.fr\/en\/products\/displays\/ican-screen-13-3\/","og_site_name":"Oxytronic","article_modified_time":"2023-11-30T09:26:02+00:00","og_image":[{"width":1312,"height":898,"url":"https:\/\/oxytronic.fr\/assets\/uploads\/2020\/04\/Ican-screen-13_3.jpg","type":"image\/jpeg"}],"twitter_card":"summary_large_image","twitter_misc":{"Est. reading time":"1 minute"},"schema":{"@context":"https:\/\/schema.org","@graph":[{"@type":"WebPage","@id":"https:\/\/oxytronic.fr\/en\/products\/displays\/ican-screen-13-3\/","url":"https:\/\/oxytronic.fr\/en\/products\/displays\/ican-screen-13-3\/","name":"iCAN SCREEN 13.3\" | Oxytronic","isPartOf":{"@id":"https:\/\/oxytronic.fr\/#website"},"primaryImageOfPage":{"@id":"https:\/\/oxytronic.fr\/en\/products\/displays\/ican-screen-13-3\/#primaryimage"},"image":{"@id":"https:\/\/oxytronic.fr\/en\/products\/displays\/ican-screen-13-3\/#primaryimage"},"thumbnailUrl":"https:\/\/oxytronic.fr\/assets\/uploads\/2020\/04\/Ican-screen-13_3.jpg","datePublished":"2020-04-20T09:58:46+00:00","dateModified":"2023-11-30T09:26:02+00:00","breadcrumb":{"@id":"https:\/\/oxytronic.fr\/en\/products\/displays\/ican-screen-13-3\/#breadcrumb"},"inLanguage":"en-US","potentialAction":[{"@type":"ReadAction","target":["https:\/\/oxytronic.fr\/en\/products\/displays\/ican-screen-13-3\/"]}]},{"@type":"ImageObject","inLanguage":"en-US","@id":"https:\/\/oxytronic.fr\/en\/products\/displays\/ican-screen-13-3\/#primaryimage","url":"https:\/\/oxytronic.fr\/assets\/uploads\/2020\/04\/Ican-screen-13_3.jpg","contentUrl":"https:\/\/oxytronic.fr\/assets\/uploads\/2020\/04\/Ican-screen-13_3.jpg","width":1312,"height":898},{"@type":"BreadcrumbList","@id":"https:\/\/oxytronic.fr\/en\/products\/displays\/ican-screen-13-3\/#breadcrumb","itemListElement":[{"@type":"ListItem","position":1,"name":"Accueil","item":"https:\/\/oxytronic.fr\/en\/accueil\/"},{"@type":"ListItem","position":2,"name":"Products","item":"https:\/\/oxytronic.fr\/produits\/"},{"@type":"ListItem","position":3,"name":"Displays","item":"https:\/\/oxytronic.fr\/produits\/ecran\/"},{"@type":"ListItem","position":4,"name":"iCAN SCREEN 13.3&Prime;"}]},{"@type":"WebSite","@id":"https:\/\/oxytronic.fr\/#website","url":"https:\/\/oxytronic.fr\/","name":"Oxytronic","description":"Entreprise sp\u00e9cialis\u00e9e dans les \u00e9quipements \u00e9lectroniques.","publisher":{"@id":"https:\/\/oxytronic.fr\/#organization"},"potentialAction":[{"@type":"SearchAction","target":{"@type":"EntryPoint","urlTemplate":"https:\/\/oxytronic.fr\/?s={search_term_string}"},"query-input":{"@type":"PropertyValueSpecification","valueRequired":true,"valueName":"search_term_string"}}],"inLanguage":"en-US"},{"@type":"Organization","@id":"https:\/\/oxytronic.fr\/#organization","name":"Oxytronic","url":"https:\/\/oxytronic.fr\/","logo":{"@type":"ImageObject","inLanguage":"en-US","@id":"https:\/\/oxytronic.fr\/#\/schema\/logo\/image\/","url":"https:\/\/oxytronic.fr\/assets\/uploads\/2020\/04\/oxytronic.svg","contentUrl":"https:\/\/oxytronic.fr\/assets\/uploads\/2020\/04\/oxytronic.svg","width":1697,"height":250,"caption":"Oxytronic"},"image":{"@id":"https:\/\/oxytronic.fr\/#\/schema\/logo\/image\/"},"sameAs":["https:\/\/www.linkedin.com\/company\/oxytronic\/","https:\/\/www.youtube.com\/channel\/UCzMjeiwK0ZJRcP4GqX72Ocg"]}]}},"_links":{"self":[{"href":"https:\/\/oxytronic.fr\/en\/wp-json\/wp\/v2\/pages\/858","targetHints":{"allow":["GET"]}}],"collection":[{"href":"https:\/\/oxytronic.fr\/en\/wp-json\/wp\/v2\/pages"}],"about":[{"href":"https:\/\/oxytronic.fr\/en\/wp-json\/wp\/v2\/types\/page"}],"author":[{"embeddable":true,"href":"https:\/\/oxytronic.fr\/en\/wp-json\/wp\/v2\/users\/1"}],"replies":[{"embeddable":true,"href":"https:\/\/oxytronic.fr\/en\/wp-json\/wp\/v2\/comments?post=858"}],"version-history":[{"count":2,"href":"https:\/\/oxytronic.fr\/en\/wp-json\/wp\/v2\/pages\/858\/revisions"}],"predecessor-version":[{"id":2582,"href":"https:\/\/oxytronic.fr\/en\/wp-json\/wp\/v2\/pages\/858\/revisions\/2582"}],"up":[{"embeddable":true,"href":"https:\/\/oxytronic.fr\/en\/wp-json\/wp\/v2\/pages\/818"}],"wp:featuredmedia":[{"embeddable":true,"href":"https:\/\/oxytronic.fr\/en\/wp-json\/wp\/v2\/media\/731"}],"wp:attachment":[{"href":"https:\/\/oxytronic.fr\/en\/wp-json\/wp\/v2\/media?parent=858"}],"curies":[{"name":"wp","href":"https:\/\/api.w.org\/{rel}","templated":true}]}}