{"id":861,"date":"2020-04-20T10:01:53","date_gmt":"2020-04-20T10:01:53","guid":{"rendered":"https:\/\/oxytronic.fr\/products\/displays\/ican-screen-6-5\/"},"modified":"2023-11-30T09:23:22","modified_gmt":"2023-11-30T09:23:22","slug":"ican-screen-6-5","status":"publish","type":"page","link":"https:\/\/oxytronic.fr\/en\/products\/displays\/ican-screen-6-5\/","title":{"rendered":"iCAN SCREEN 6.5&#8243;"},"content":{"rendered":"\n<p>iCan Screen 6.5 \u2033 is a rugged screen specially designed for embedded avionics applications, in the cabin and in the cockpit, like CDSS (Cockpit Door Surveillance System).<\/p>\n\n\n\n<p>With touch control buttons and a brightness sensor, the screen can display up to four simultaneous video sources. A chaining functionality allows you to display the same video source on multiple screens.<\/p>\n\n\n\n<p>Viewing images from cameras is simplified by powering the cameras over the Ethernet (POE) network.<\/p>\n\n\n\n<p>iCan Screen 6.5 \u2033 has a touch screen with force feedback on keys for better safety during flight.<\/p>\n\n\n\n<p>The product is DO-254 et DO-178C DAL-D certifiable.<\/p>\n\n\n\n<p>We can personalize the product (HMI, colors\u2026) according to your requirements and integrate it within our iCan System\u00ae architecture for building your own customized IFE\/CMS system.<\/p>\n\n\n\n<div class=\"wp-block-buttons is-layout-flex wp-block-buttons-is-layout-flex\">\n<div class=\"wp-block-button picto-download\"><a class=\"wp-block-button__link wp-element-button\" href=\"https:\/\/oxytronic.fr\/assets\/uploads\/2023\/11\/Datasheet-iCan-Screen-6.5.pdf\" target=\"_blank\" rel=\"noreferrer noopener\">Download product sheet<\/a><\/div>\n<\/div>\n","protected":false},"excerpt":{"rendered":"<p>iCan Screen 6.5&#8243; is a rugged 6.5&#8243; display, DO-254 and DO-178 certifiable, for cockpit and cabin applications.<\/p>\n","protected":false},"author":1,"featured_media":2388,"parent":818,"menu_order":53,"comment_status":"closed","ping_status":"closed","template":"templates\/single-product.php","meta":{"_acf_changed":false,"footnotes":""},"class_list":["post-861","page","type-page","status-publish","has-post-thumbnail","hentry"],"acf":[],"yoast_head":"<!-- This site is optimized with the Yoast SEO plugin v27.5 - https:\/\/yoast.com\/product\/yoast-seo-wordpress\/ -->\n<title>iCAN SCREEN 6.5&quot; | Oxytronic<\/title>\n<meta name=\"robots\" content=\"index, follow, max-snippet:-1, max-image-preview:large, max-video-preview:-1\" \/>\n<link rel=\"canonical\" href=\"https:\/\/oxytronic.fr\/en\/products\/displays\/ican-screen-6-5\/\" \/>\n<meta property=\"og:locale\" content=\"en_US\" \/>\n<meta property=\"og:type\" content=\"article\" \/>\n<meta property=\"og:title\" content=\"iCAN SCREEN 6.5&quot; | Oxytronic\" \/>\n<meta property=\"og:description\" content=\"iCan Screen 6.5&quot; is a rugged 6.5&quot; display, DO-254 and DO-178 certifiable, for cockpit and cabin applications.\" \/>\n<meta property=\"og:url\" content=\"https:\/\/oxytronic.fr\/en\/products\/displays\/ican-screen-6-5\/\" \/>\n<meta property=\"og:site_name\" content=\"Oxytronic\" \/>\n<meta property=\"article:modified_time\" content=\"2023-11-30T09:23:22+00:00\" \/>\n<meta property=\"og:image\" content=\"https:\/\/oxytronic.fr\/assets\/uploads\/2023\/06\/PE016200-RENDU-5-interieur.png\" \/>\n\t<meta property=\"og:image:width\" content=\"2549\" \/>\n\t<meta property=\"og:image:height\" content=\"1440\" \/>\n\t<meta property=\"og:image:type\" content=\"image\/png\" \/>\n<meta name=\"twitter:card\" content=\"summary_large_image\" \/>\n<meta name=\"twitter:label1\" content=\"Est. reading time\" \/>\n\t<meta name=\"twitter:data1\" content=\"1 minute\" \/>\n<script type=\"application\/ld+json\" class=\"yoast-schema-graph\">{\"@context\":\"https:\\\/\\\/schema.org\",\"@graph\":[{\"@type\":\"WebPage\",\"@id\":\"https:\\\/\\\/oxytronic.fr\\\/en\\\/products\\\/displays\\\/ican-screen-6-5\\\/\",\"url\":\"https:\\\/\\\/oxytronic.fr\\\/en\\\/products\\\/displays\\\/ican-screen-6-5\\\/\",\"name\":\"iCAN SCREEN 6.5\\\" | Oxytronic\",\"isPartOf\":{\"@id\":\"https:\\\/\\\/oxytronic.fr\\\/#website\"},\"primaryImageOfPage\":{\"@id\":\"https:\\\/\\\/oxytronic.fr\\\/en\\\/products\\\/displays\\\/ican-screen-6-5\\\/#primaryimage\"},\"image\":{\"@id\":\"https:\\\/\\\/oxytronic.fr\\\/en\\\/products\\\/displays\\\/ican-screen-6-5\\\/#primaryimage\"},\"thumbnailUrl\":\"https:\\\/\\\/oxytronic.fr\\\/assets\\\/uploads\\\/2023\\\/06\\\/PE016200-RENDU-5-interieur.png\",\"datePublished\":\"2020-04-20T10:01:53+00:00\",\"dateModified\":\"2023-11-30T09:23:22+00:00\",\"breadcrumb\":{\"@id\":\"https:\\\/\\\/oxytronic.fr\\\/en\\\/products\\\/displays\\\/ican-screen-6-5\\\/#breadcrumb\"},\"inLanguage\":\"en-US\",\"potentialAction\":[{\"@type\":\"ReadAction\",\"target\":[\"https:\\\/\\\/oxytronic.fr\\\/en\\\/products\\\/displays\\\/ican-screen-6-5\\\/\"]}]},{\"@type\":\"ImageObject\",\"inLanguage\":\"en-US\",\"@id\":\"https:\\\/\\\/oxytronic.fr\\\/en\\\/products\\\/displays\\\/ican-screen-6-5\\\/#primaryimage\",\"url\":\"https:\\\/\\\/oxytronic.fr\\\/assets\\\/uploads\\\/2023\\\/06\\\/PE016200-RENDU-5-interieur.png\",\"contentUrl\":\"https:\\\/\\\/oxytronic.fr\\\/assets\\\/uploads\\\/2023\\\/06\\\/PE016200-RENDU-5-interieur.png\",\"width\":2549,\"height\":1440},{\"@type\":\"BreadcrumbList\",\"@id\":\"https:\\\/\\\/oxytronic.fr\\\/en\\\/products\\\/displays\\\/ican-screen-6-5\\\/#breadcrumb\",\"itemListElement\":[{\"@type\":\"ListItem\",\"position\":1,\"name\":\"Accueil\",\"item\":\"https:\\\/\\\/oxytronic.fr\\\/en\\\/accueil\\\/\"},{\"@type\":\"ListItem\",\"position\":2,\"name\":\"Products\",\"item\":\"https:\\\/\\\/oxytronic.fr\\\/produits\\\/\"},{\"@type\":\"ListItem\",\"position\":3,\"name\":\"Displays\",\"item\":\"https:\\\/\\\/oxytronic.fr\\\/produits\\\/ecran\\\/\"},{\"@type\":\"ListItem\",\"position\":4,\"name\":\"iCAN SCREEN 6.5&Prime;\"}]},{\"@type\":\"WebSite\",\"@id\":\"https:\\\/\\\/oxytronic.fr\\\/#website\",\"url\":\"https:\\\/\\\/oxytronic.fr\\\/\",\"name\":\"Oxytronic\",\"description\":\"Entreprise sp\u00e9cialis\u00e9e dans les \u00e9quipements \u00e9lectroniques.\",\"publisher\":{\"@id\":\"https:\\\/\\\/oxytronic.fr\\\/#organization\"},\"potentialAction\":[{\"@type\":\"SearchAction\",\"target\":{\"@type\":\"EntryPoint\",\"urlTemplate\":\"https:\\\/\\\/oxytronic.fr\\\/?s={search_term_string}\"},\"query-input\":{\"@type\":\"PropertyValueSpecification\",\"valueRequired\":true,\"valueName\":\"search_term_string\"}}],\"inLanguage\":\"en-US\"},{\"@type\":\"Organization\",\"@id\":\"https:\\\/\\\/oxytronic.fr\\\/#organization\",\"name\":\"Oxytronic\",\"url\":\"https:\\\/\\\/oxytronic.fr\\\/\",\"logo\":{\"@type\":\"ImageObject\",\"inLanguage\":\"en-US\",\"@id\":\"https:\\\/\\\/oxytronic.fr\\\/#\\\/schema\\\/logo\\\/image\\\/\",\"url\":\"https:\\\/\\\/oxytronic.fr\\\/assets\\\/uploads\\\/2020\\\/04\\\/oxytronic.svg\",\"contentUrl\":\"https:\\\/\\\/oxytronic.fr\\\/assets\\\/uploads\\\/2020\\\/04\\\/oxytronic.svg\",\"width\":1697,\"height\":250,\"caption\":\"Oxytronic\"},\"image\":{\"@id\":\"https:\\\/\\\/oxytronic.fr\\\/#\\\/schema\\\/logo\\\/image\\\/\"},\"sameAs\":[\"https:\\\/\\\/www.linkedin.com\\\/company\\\/oxytronic\\\/\",\"https:\\\/\\\/www.youtube.com\\\/channel\\\/UCzMjeiwK0ZJRcP4GqX72Ocg\"]}]}<\/script>\n<!-- \/ Yoast SEO plugin. -->","yoast_head_json":{"title":"iCAN SCREEN 6.5\" | Oxytronic","robots":{"index":"index","follow":"follow","max-snippet":"max-snippet:-1","max-image-preview":"max-image-preview:large","max-video-preview":"max-video-preview:-1"},"canonical":"https:\/\/oxytronic.fr\/en\/products\/displays\/ican-screen-6-5\/","og_locale":"en_US","og_type":"article","og_title":"iCAN SCREEN 6.5\" | Oxytronic","og_description":"iCan Screen 6.5\" is a rugged 6.5\" display, DO-254 and DO-178 certifiable, for cockpit and cabin applications.","og_url":"https:\/\/oxytronic.fr\/en\/products\/displays\/ican-screen-6-5\/","og_site_name":"Oxytronic","article_modified_time":"2023-11-30T09:23:22+00:00","og_image":[{"width":2549,"height":1440,"url":"https:\/\/oxytronic.fr\/assets\/uploads\/2023\/06\/PE016200-RENDU-5-interieur.png","type":"image\/png"}],"twitter_card":"summary_large_image","twitter_misc":{"Est. reading time":"1 minute"},"schema":{"@context":"https:\/\/schema.org","@graph":[{"@type":"WebPage","@id":"https:\/\/oxytronic.fr\/en\/products\/displays\/ican-screen-6-5\/","url":"https:\/\/oxytronic.fr\/en\/products\/displays\/ican-screen-6-5\/","name":"iCAN SCREEN 6.5\" | Oxytronic","isPartOf":{"@id":"https:\/\/oxytronic.fr\/#website"},"primaryImageOfPage":{"@id":"https:\/\/oxytronic.fr\/en\/products\/displays\/ican-screen-6-5\/#primaryimage"},"image":{"@id":"https:\/\/oxytronic.fr\/en\/products\/displays\/ican-screen-6-5\/#primaryimage"},"thumbnailUrl":"https:\/\/oxytronic.fr\/assets\/uploads\/2023\/06\/PE016200-RENDU-5-interieur.png","datePublished":"2020-04-20T10:01:53+00:00","dateModified":"2023-11-30T09:23:22+00:00","breadcrumb":{"@id":"https:\/\/oxytronic.fr\/en\/products\/displays\/ican-screen-6-5\/#breadcrumb"},"inLanguage":"en-US","potentialAction":[{"@type":"ReadAction","target":["https:\/\/oxytronic.fr\/en\/products\/displays\/ican-screen-6-5\/"]}]},{"@type":"ImageObject","inLanguage":"en-US","@id":"https:\/\/oxytronic.fr\/en\/products\/displays\/ican-screen-6-5\/#primaryimage","url":"https:\/\/oxytronic.fr\/assets\/uploads\/2023\/06\/PE016200-RENDU-5-interieur.png","contentUrl":"https:\/\/oxytronic.fr\/assets\/uploads\/2023\/06\/PE016200-RENDU-5-interieur.png","width":2549,"height":1440},{"@type":"BreadcrumbList","@id":"https:\/\/oxytronic.fr\/en\/products\/displays\/ican-screen-6-5\/#breadcrumb","itemListElement":[{"@type":"ListItem","position":1,"name":"Accueil","item":"https:\/\/oxytronic.fr\/en\/accueil\/"},{"@type":"ListItem","position":2,"name":"Products","item":"https:\/\/oxytronic.fr\/produits\/"},{"@type":"ListItem","position":3,"name":"Displays","item":"https:\/\/oxytronic.fr\/produits\/ecran\/"},{"@type":"ListItem","position":4,"name":"iCAN SCREEN 6.5&Prime;"}]},{"@type":"WebSite","@id":"https:\/\/oxytronic.fr\/#website","url":"https:\/\/oxytronic.fr\/","name":"Oxytronic","description":"Entreprise sp\u00e9cialis\u00e9e dans les \u00e9quipements \u00e9lectroniques.","publisher":{"@id":"https:\/\/oxytronic.fr\/#organization"},"potentialAction":[{"@type":"SearchAction","target":{"@type":"EntryPoint","urlTemplate":"https:\/\/oxytronic.fr\/?s={search_term_string}"},"query-input":{"@type":"PropertyValueSpecification","valueRequired":true,"valueName":"search_term_string"}}],"inLanguage":"en-US"},{"@type":"Organization","@id":"https:\/\/oxytronic.fr\/#organization","name":"Oxytronic","url":"https:\/\/oxytronic.fr\/","logo":{"@type":"ImageObject","inLanguage":"en-US","@id":"https:\/\/oxytronic.fr\/#\/schema\/logo\/image\/","url":"https:\/\/oxytronic.fr\/assets\/uploads\/2020\/04\/oxytronic.svg","contentUrl":"https:\/\/oxytronic.fr\/assets\/uploads\/2020\/04\/oxytronic.svg","width":1697,"height":250,"caption":"Oxytronic"},"image":{"@id":"https:\/\/oxytronic.fr\/#\/schema\/logo\/image\/"},"sameAs":["https:\/\/www.linkedin.com\/company\/oxytronic\/","https:\/\/www.youtube.com\/channel\/UCzMjeiwK0ZJRcP4GqX72Ocg"]}]}},"_links":{"self":[{"href":"https:\/\/oxytronic.fr\/en\/wp-json\/wp\/v2\/pages\/861","targetHints":{"allow":["GET"]}}],"collection":[{"href":"https:\/\/oxytronic.fr\/en\/wp-json\/wp\/v2\/pages"}],"about":[{"href":"https:\/\/oxytronic.fr\/en\/wp-json\/wp\/v2\/types\/page"}],"author":[{"embeddable":true,"href":"https:\/\/oxytronic.fr\/en\/wp-json\/wp\/v2\/users\/1"}],"replies":[{"embeddable":true,"href":"https:\/\/oxytronic.fr\/en\/wp-json\/wp\/v2\/comments?post=861"}],"version-history":[{"count":2,"href":"https:\/\/oxytronic.fr\/en\/wp-json\/wp\/v2\/pages\/861\/revisions"}],"predecessor-version":[{"id":2581,"href":"https:\/\/oxytronic.fr\/en\/wp-json\/wp\/v2\/pages\/861\/revisions\/2581"}],"up":[{"embeddable":true,"href":"https:\/\/oxytronic.fr\/en\/wp-json\/wp\/v2\/pages\/818"}],"wp:featuredmedia":[{"embeddable":true,"href":"https:\/\/oxytronic.fr\/en\/wp-json\/wp\/v2\/media\/2388"}],"wp:attachment":[{"href":"https:\/\/oxytronic.fr\/en\/wp-json\/wp\/v2\/media?parent=861"}],"curies":[{"name":"wp","href":"https:\/\/api.w.org\/{rel}","templated":true}]}}