{"id":863,"date":"2020-04-28T15:46:51","date_gmt":"2020-04-28T15:46:51","guid":{"rendered":"https:\/\/oxytronic.fr\/do-254-safety-electronics\/avp254\/"},"modified":"2020-06-05T13:01:57","modified_gmt":"2020-06-05T13:01:57","slug":"avp254","status":"publish","type":"page","link":"https:\/\/oxytronic.fr\/en\/applications\/do-254-do-178\/avp254\/","title":{"rendered":"AVP254"},"content":{"rendered":"\n<p>AVP254 enables FPGA virtual simulation and on-board testing on the real board which will be embedded into your equipment.<br>Use only one single set of test procedures for requirements verification whatever the target is:<\/p>\n\n\n\n<ul class=\"wp-block-list\"><li>RTL simulation with traditional FPGA EDA simulation tools<\/li><li>Gate level back-annotated simulation with traditional FPGA EDA simulation tools<\/li><li>Physical real hardware test on the final application board<\/li><\/ul>\n\n\n\n<p>Benefits:<\/p>\n\n\n\n<ul class=\"wp-block-list\"><li>Increase your credibility towards certification authorities by presenting a comprehensive test coverage on the final board<\/li><li>Accelerate your time-to-market and reduce verification costs drastically :<ul><li>Write only one test procedure both for the virtual simulation and the physical verification<\/li><li>Use a fully automatic and self-checking test bench<\/li><li>Reduce your verification execution time from days to hours thanks to on-target \/ virtual simulation stimuli equivalence<\/li><li>Use automatic report generation for the Hardware Verification Results document<br>Reuse the HW platform for all your FPGAs<\/li><\/ul><\/li><\/ul>\n\n\n\n<p>Certification:<\/p>\n\n\n\n<p>Our methodology has been used to verify FPGAs embedded into avionics equipment that successfully passed the certification process with FAA and EASA, on: Boeing 737 MAX, Airbus A320neo, Dassault Falcon 5X, Cessna Citation Longitude, and Comac C919.<\/p>\n\n\n\n<div class=\"wp-block-buttons is-layout-flex wp-block-buttons-is-layout-flex\">\n<div class=\"wp-block-button picto-download\"><a class=\"wp-block-button__link\" href=\"https:\/\/oxytronic.fr\/assets\/uploads\/2020\/05\/Factsheet-AVP254.pdf\" target=\"_blank\" rel=\"noreferrer noopener\">Download product sheet<\/a><\/div>\n\n\n\n<div class=\"wp-block-button picto-download\"><a class=\"wp-block-button__link\">Frequently Asked Questions<\/a><\/div>\n<\/div>\n","protected":false},"excerpt":{"rendered":"<p>AVP254 enables FPGA virtual simulation and on-board testing on the real board which will be embedded into your equipment.Use only one single set of test procedures for requirements verification whatever the target is: RTL simulation with traditional FPGA EDA simulation tools Gate level back-annotated simulation with traditional FPGA EDA simulation tools Physical real hardware test [&hellip;]<\/p>\n","protected":false},"author":1,"featured_media":1242,"parent":837,"menu_order":4,"comment_status":"closed","ping_status":"closed","template":"templates\/single-product.php","meta":{"_acf_changed":false,"footnotes":""},"class_list":["post-863","page","type-page","status-publish","has-post-thumbnail","hentry"],"acf":[],"yoast_head":"<!-- This site is optimized with the Yoast SEO plugin v27.5 - https:\/\/yoast.com\/product\/yoast-seo-wordpress\/ -->\n<title>AVP254 | Oxytronic<\/title>\n<meta name=\"robots\" content=\"index, follow, max-snippet:-1, max-image-preview:large, max-video-preview:-1\" \/>\n<link rel=\"canonical\" href=\"https:\/\/oxytronic.fr\/applications\/do-254-do-178\/avp254\/\" \/>\n<meta property=\"og:locale\" content=\"en_US\" \/>\n<meta property=\"og:type\" content=\"article\" \/>\n<meta property=\"og:title\" content=\"AVP254 | Oxytronic\" \/>\n<meta property=\"og:description\" content=\"AVP254 enables FPGA virtual simulation and on-board testing on the real board which will be embedded into your equipment.Use only one single set of test procedures for requirements verification whatever the target is: RTL simulation with traditional FPGA EDA simulation tools Gate level back-annotated simulation with traditional FPGA EDA simulation tools Physical real hardware test [&hellip;]\" \/>\n<meta property=\"og:url\" content=\"https:\/\/oxytronic.fr\/applications\/do-254-do-178\/avp254\/\" \/>\n<meta property=\"og:site_name\" content=\"Oxytronic\" \/>\n<meta property=\"article:modified_time\" content=\"2020-06-05T13:01:57+00:00\" \/>\n<meta property=\"og:image\" content=\"https:\/\/oxytronic.fr\/assets\/uploads\/2020\/05\/AVP254-DO254-testbench-1.jpg\" \/>\n\t<meta property=\"og:image:width\" content=\"1312\" \/>\n\t<meta property=\"og:image:height\" content=\"898\" \/>\n\t<meta property=\"og:image:type\" content=\"image\/jpeg\" \/>\n<meta name=\"twitter:card\" content=\"summary_large_image\" \/>\n<meta name=\"twitter:label1\" content=\"Est. reading time\" \/>\n\t<meta name=\"twitter:data1\" content=\"1 minute\" \/>\n<script type=\"application\/ld+json\" class=\"yoast-schema-graph\">{\"@context\":\"https:\\\/\\\/schema.org\",\"@graph\":[{\"@type\":\"WebPage\",\"@id\":\"https:\\\/\\\/oxytronic.fr\\\/applications\\\/do-254-do-178\\\/avp254\\\/\",\"url\":\"https:\\\/\\\/oxytronic.fr\\\/applications\\\/do-254-do-178\\\/avp254\\\/\",\"name\":\"AVP254 | Oxytronic\",\"isPartOf\":{\"@id\":\"https:\\\/\\\/oxytronic.fr\\\/#website\"},\"primaryImageOfPage\":{\"@id\":\"https:\\\/\\\/oxytronic.fr\\\/applications\\\/do-254-do-178\\\/avp254\\\/#primaryimage\"},\"image\":{\"@id\":\"https:\\\/\\\/oxytronic.fr\\\/applications\\\/do-254-do-178\\\/avp254\\\/#primaryimage\"},\"thumbnailUrl\":\"https:\\\/\\\/oxytronic.fr\\\/assets\\\/uploads\\\/2020\\\/05\\\/AVP254-DO254-testbench-1.jpg\",\"datePublished\":\"2020-04-28T15:46:51+00:00\",\"dateModified\":\"2020-06-05T13:01:57+00:00\",\"breadcrumb\":{\"@id\":\"https:\\\/\\\/oxytronic.fr\\\/applications\\\/do-254-do-178\\\/avp254\\\/#breadcrumb\"},\"inLanguage\":\"en-US\",\"potentialAction\":[{\"@type\":\"ReadAction\",\"target\":[\"https:\\\/\\\/oxytronic.fr\\\/applications\\\/do-254-do-178\\\/avp254\\\/\"]}]},{\"@type\":\"ImageObject\",\"inLanguage\":\"en-US\",\"@id\":\"https:\\\/\\\/oxytronic.fr\\\/applications\\\/do-254-do-178\\\/avp254\\\/#primaryimage\",\"url\":\"https:\\\/\\\/oxytronic.fr\\\/assets\\\/uploads\\\/2020\\\/05\\\/AVP254-DO254-testbench-1.jpg\",\"contentUrl\":\"https:\\\/\\\/oxytronic.fr\\\/assets\\\/uploads\\\/2020\\\/05\\\/AVP254-DO254-testbench-1.jpg\",\"width\":1312,\"height\":898},{\"@type\":\"BreadcrumbList\",\"@id\":\"https:\\\/\\\/oxytronic.fr\\\/applications\\\/do-254-do-178\\\/avp254\\\/#breadcrumb\",\"itemListElement\":[{\"@type\":\"ListItem\",\"position\":1,\"name\":\"Accueil\",\"item\":\"https:\\\/\\\/oxytronic.fr\\\/en\\\/accueil\\\/\"},{\"@type\":\"ListItem\",\"position\":2,\"name\":\"Applications\",\"item\":\"https:\\\/\\\/oxytronic.fr\\\/applications\\\/\"},{\"@type\":\"ListItem\",\"position\":3,\"name\":\"DO-254 &#038; DO-178\",\"item\":\"https:\\\/\\\/oxytronic.fr\\\/applications\\\/do-254-do-178\\\/\"},{\"@type\":\"ListItem\",\"position\":4,\"name\":\"AVP254\"}]},{\"@type\":\"WebSite\",\"@id\":\"https:\\\/\\\/oxytronic.fr\\\/#website\",\"url\":\"https:\\\/\\\/oxytronic.fr\\\/\",\"name\":\"Oxytronic\",\"description\":\"Entreprise sp\u00e9cialis\u00e9e dans les \u00e9quipements \u00e9lectroniques.\",\"publisher\":{\"@id\":\"https:\\\/\\\/oxytronic.fr\\\/#organization\"},\"potentialAction\":[{\"@type\":\"SearchAction\",\"target\":{\"@type\":\"EntryPoint\",\"urlTemplate\":\"https:\\\/\\\/oxytronic.fr\\\/?s={search_term_string}\"},\"query-input\":{\"@type\":\"PropertyValueSpecification\",\"valueRequired\":true,\"valueName\":\"search_term_string\"}}],\"inLanguage\":\"en-US\"},{\"@type\":\"Organization\",\"@id\":\"https:\\\/\\\/oxytronic.fr\\\/#organization\",\"name\":\"Oxytronic\",\"url\":\"https:\\\/\\\/oxytronic.fr\\\/\",\"logo\":{\"@type\":\"ImageObject\",\"inLanguage\":\"en-US\",\"@id\":\"https:\\\/\\\/oxytronic.fr\\\/#\\\/schema\\\/logo\\\/image\\\/\",\"url\":\"https:\\\/\\\/oxytronic.fr\\\/assets\\\/uploads\\\/2020\\\/04\\\/oxytronic.svg\",\"contentUrl\":\"https:\\\/\\\/oxytronic.fr\\\/assets\\\/uploads\\\/2020\\\/04\\\/oxytronic.svg\",\"width\":1697,\"height\":250,\"caption\":\"Oxytronic\"},\"image\":{\"@id\":\"https:\\\/\\\/oxytronic.fr\\\/#\\\/schema\\\/logo\\\/image\\\/\"},\"sameAs\":[\"https:\\\/\\\/www.linkedin.com\\\/company\\\/oxytronic\\\/\",\"https:\\\/\\\/www.youtube.com\\\/channel\\\/UCzMjeiwK0ZJRcP4GqX72Ocg\"]}]}<\/script>\n<!-- \/ Yoast SEO plugin. -->","yoast_head_json":{"title":"AVP254 | Oxytronic","robots":{"index":"index","follow":"follow","max-snippet":"max-snippet:-1","max-image-preview":"max-image-preview:large","max-video-preview":"max-video-preview:-1"},"canonical":"https:\/\/oxytronic.fr\/applications\/do-254-do-178\/avp254\/","og_locale":"en_US","og_type":"article","og_title":"AVP254 | Oxytronic","og_description":"AVP254 enables FPGA virtual simulation and on-board testing on the real board which will be embedded into your equipment.Use only one single set of test procedures for requirements verification whatever the target is: RTL simulation with traditional FPGA EDA simulation tools Gate level back-annotated simulation with traditional FPGA EDA simulation tools Physical real hardware test [&hellip;]","og_url":"https:\/\/oxytronic.fr\/applications\/do-254-do-178\/avp254\/","og_site_name":"Oxytronic","article_modified_time":"2020-06-05T13:01:57+00:00","og_image":[{"width":1312,"height":898,"url":"https:\/\/oxytronic.fr\/assets\/uploads\/2020\/05\/AVP254-DO254-testbench-1.jpg","type":"image\/jpeg"}],"twitter_card":"summary_large_image","twitter_misc":{"Est. reading time":"1 minute"},"schema":{"@context":"https:\/\/schema.org","@graph":[{"@type":"WebPage","@id":"https:\/\/oxytronic.fr\/applications\/do-254-do-178\/avp254\/","url":"https:\/\/oxytronic.fr\/applications\/do-254-do-178\/avp254\/","name":"AVP254 | Oxytronic","isPartOf":{"@id":"https:\/\/oxytronic.fr\/#website"},"primaryImageOfPage":{"@id":"https:\/\/oxytronic.fr\/applications\/do-254-do-178\/avp254\/#primaryimage"},"image":{"@id":"https:\/\/oxytronic.fr\/applications\/do-254-do-178\/avp254\/#primaryimage"},"thumbnailUrl":"https:\/\/oxytronic.fr\/assets\/uploads\/2020\/05\/AVP254-DO254-testbench-1.jpg","datePublished":"2020-04-28T15:46:51+00:00","dateModified":"2020-06-05T13:01:57+00:00","breadcrumb":{"@id":"https:\/\/oxytronic.fr\/applications\/do-254-do-178\/avp254\/#breadcrumb"},"inLanguage":"en-US","potentialAction":[{"@type":"ReadAction","target":["https:\/\/oxytronic.fr\/applications\/do-254-do-178\/avp254\/"]}]},{"@type":"ImageObject","inLanguage":"en-US","@id":"https:\/\/oxytronic.fr\/applications\/do-254-do-178\/avp254\/#primaryimage","url":"https:\/\/oxytronic.fr\/assets\/uploads\/2020\/05\/AVP254-DO254-testbench-1.jpg","contentUrl":"https:\/\/oxytronic.fr\/assets\/uploads\/2020\/05\/AVP254-DO254-testbench-1.jpg","width":1312,"height":898},{"@type":"BreadcrumbList","@id":"https:\/\/oxytronic.fr\/applications\/do-254-do-178\/avp254\/#breadcrumb","itemListElement":[{"@type":"ListItem","position":1,"name":"Accueil","item":"https:\/\/oxytronic.fr\/en\/accueil\/"},{"@type":"ListItem","position":2,"name":"Applications","item":"https:\/\/oxytronic.fr\/applications\/"},{"@type":"ListItem","position":3,"name":"DO-254 &#038; DO-178","item":"https:\/\/oxytronic.fr\/applications\/do-254-do-178\/"},{"@type":"ListItem","position":4,"name":"AVP254"}]},{"@type":"WebSite","@id":"https:\/\/oxytronic.fr\/#website","url":"https:\/\/oxytronic.fr\/","name":"Oxytronic","description":"Entreprise sp\u00e9cialis\u00e9e dans les \u00e9quipements \u00e9lectroniques.","publisher":{"@id":"https:\/\/oxytronic.fr\/#organization"},"potentialAction":[{"@type":"SearchAction","target":{"@type":"EntryPoint","urlTemplate":"https:\/\/oxytronic.fr\/?s={search_term_string}"},"query-input":{"@type":"PropertyValueSpecification","valueRequired":true,"valueName":"search_term_string"}}],"inLanguage":"en-US"},{"@type":"Organization","@id":"https:\/\/oxytronic.fr\/#organization","name":"Oxytronic","url":"https:\/\/oxytronic.fr\/","logo":{"@type":"ImageObject","inLanguage":"en-US","@id":"https:\/\/oxytronic.fr\/#\/schema\/logo\/image\/","url":"https:\/\/oxytronic.fr\/assets\/uploads\/2020\/04\/oxytronic.svg","contentUrl":"https:\/\/oxytronic.fr\/assets\/uploads\/2020\/04\/oxytronic.svg","width":1697,"height":250,"caption":"Oxytronic"},"image":{"@id":"https:\/\/oxytronic.fr\/#\/schema\/logo\/image\/"},"sameAs":["https:\/\/www.linkedin.com\/company\/oxytronic\/","https:\/\/www.youtube.com\/channel\/UCzMjeiwK0ZJRcP4GqX72Ocg"]}]}},"_links":{"self":[{"href":"https:\/\/oxytronic.fr\/en\/wp-json\/wp\/v2\/pages\/863","targetHints":{"allow":["GET"]}}],"collection":[{"href":"https:\/\/oxytronic.fr\/en\/wp-json\/wp\/v2\/pages"}],"about":[{"href":"https:\/\/oxytronic.fr\/en\/wp-json\/wp\/v2\/types\/page"}],"author":[{"embeddable":true,"href":"https:\/\/oxytronic.fr\/en\/wp-json\/wp\/v2\/users\/1"}],"replies":[{"embeddable":true,"href":"https:\/\/oxytronic.fr\/en\/wp-json\/wp\/v2\/comments?post=863"}],"version-history":[{"count":0,"href":"https:\/\/oxytronic.fr\/en\/wp-json\/wp\/v2\/pages\/863\/revisions"}],"up":[{"embeddable":true,"href":"https:\/\/oxytronic.fr\/en\/wp-json\/wp\/v2\/pages\/837"}],"wp:featuredmedia":[{"embeddable":true,"href":"https:\/\/oxytronic.fr\/en\/wp-json\/wp\/v2\/media\/1242"}],"wp:attachment":[{"href":"https:\/\/oxytronic.fr\/en\/wp-json\/wp\/v2\/media?parent=863"}],"curies":[{"name":"wp","href":"https:\/\/api.w.org\/{rel}","templated":true}]}}