{"id":869,"date":"2020-04-28T07:33:45","date_gmt":"2020-04-28T07:33:45","guid":{"rendered":"https:\/\/oxytronic.fr\/design-services-and-build-to-spec\/faces-avant-retroeclairees\/"},"modified":"2026-01-14T08:17:27","modified_gmt":"2026-01-14T08:17:27","slug":"illuminated-panels","status":"publish","type":"page","link":"https:\/\/oxytronic.fr\/en\/design-services-and-build-to-spec\/illuminated-panels\/","title":{"rendered":"Illuminated Panels"},"content":{"rendered":"\n<p>Design and manufacturing of illuminated panels for cockpit equipment in a Build-to-Spec or Build-to-Print role is historically our core activity at Oxytronic.<\/p>\n\n\n\n<p>Indeed, for over 15 years we have supported our aerospace customers in the design and fabrication of their cockpit backlighted panels.<\/p>\n\n\n\n<p>The unrivaled experience of our teams is complemented by a set of high-performance means in order to provide products of a very high level of quality: 3-axis machining center (PMMA, polycarbonate, etc.), laser engraving machine adapted to different types of materials, sandblaster and paint booth, CMS laying machine, video-colorimeter for global light harmonization (chrominance and luminance), spectroradiometer for radiance control (military requirement for NVIS night vision).<\/p>\n\n\n\n<p>Our cockpit panels meet the requirements of the DO-160 standard.<\/p>\n\n\n\n<p>Oxytronic quickly established itself as a major player in the supply of backlit front panels, with longstanding references in the most prestigious aeronautical programs:<\/p>\n\n\n\n<ul class=\"wp-block-list\">\n<li>Fixed-wing programs:\n<ul class=\"wp-block-list\">\n<li>Airbus A330\/A350\/A380\/A400M<\/li>\n\n\n\n<li>ATR42 and ATR72<\/li>\n\n\n\n<li>Bombardier Dash 8-Q400, CRJ700<\/li>\n\n\n\n<li>Comac C919<\/li>\n\n\n\n<li>Dassault Falcon 2000, Falcon 5X<\/li>\n\n\n\n<li>Embraer Phenom 300<\/li>\n\n\n\n<li>Irkut MC-21<\/li>\n\n\n\n<li>Mitsubishi MRJ90<\/li>\n\n\n\n<li>Gulfstream G280<\/li>\n<\/ul>\n<\/li>\n<\/ul>\n\n\n\n<ul class=\"wp-block-list\">\n<li>Rotary-wing programs:\n<ul class=\"wp-block-list\">\n<li>Airbus Helicopters EC225, H145, H160, Dauphin, Ecureuil, AS350, AS365<\/li>\n\n\n\n<li>NH90<\/li>\n\n\n\n<li>Leonardo AW189<\/li>\n\n\n\n<li>Korea Aerospace Industry KT-1<\/li>\n\n\n\n<li>Kamov KA-226T<\/li>\n<\/ul>\n<\/li>\n<\/ul>\n\n\n\n<div class=\"wp-block-buttons is-layout-flex wp-block-buttons-is-layout-flex\">\n<div class=\"wp-block-button picto-download\"><a class=\"wp-block-button__link wp-element-button\" href=\"https:\/\/oxytronic.fr\/assets\/uploads\/2026\/01\/Datasheet_Front-panels-1.pdf\" target=\"_blank\" rel=\"noreferrer noopener\">Download Product Sheet<\/a><\/div>\n<\/div>\n","protected":false},"excerpt":{"rendered":"<p>Design and manufacturing of backlighted cockpit panels.<\/p>\n","protected":false},"author":1,"featured_media":1645,"parent":851,"menu_order":29,"comment_status":"closed","ping_status":"closed","template":"templates\/single-study.php","meta":{"_acf_changed":false,"footnotes":""},"class_list":["post-869","page","type-page","status-publish","has-post-thumbnail","hentry"],"acf":[],"yoast_head":"<!-- This site is optimized with the Yoast SEO plugin v27.2 - https:\/\/yoast.com\/product\/yoast-seo-wordpress\/ -->\n<title>Illuminated Panels | Oxytronic<\/title>\n<meta name=\"robots\" content=\"index, follow, max-snippet:-1, max-image-preview:large, max-video-preview:-1\" \/>\n<link rel=\"canonical\" href=\"https:\/\/oxytronic.fr\/en\/design-services-and-build-to-spec\/illuminated-panels\/\" \/>\n<meta property=\"og:locale\" content=\"en_US\" \/>\n<meta property=\"og:type\" content=\"article\" \/>\n<meta property=\"og:title\" content=\"Illuminated Panels | Oxytronic\" \/>\n<meta property=\"og:description\" content=\"Design and manufacturing of backlighted cockpit panels.\" \/>\n<meta property=\"og:url\" content=\"https:\/\/oxytronic.fr\/en\/design-services-and-build-to-spec\/illuminated-panels\/\" \/>\n<meta property=\"og:site_name\" content=\"Oxytronic\" \/>\n<meta property=\"article:modified_time\" content=\"2026-01-14T08:17:27+00:00\" \/>\n<meta property=\"og:image\" content=\"https:\/\/oxytronic.fr\/assets\/uploads\/2020\/06\/Faces-avant-r\u00e9tro\u00e9clair\u00e9es-R1.58.jpg\" \/>\n\t<meta property=\"og:image:width\" content=\"2560\" \/>\n\t<meta property=\"og:image:height\" content=\"1619\" \/>\n\t<meta property=\"og:image:type\" content=\"image\/jpeg\" \/>\n<meta name=\"twitter:card\" content=\"summary_large_image\" \/>\n<meta name=\"twitter:label1\" content=\"Est. reading time\" \/>\n\t<meta name=\"twitter:data1\" content=\"2 minutes\" \/>\n<script type=\"application\/ld+json\" class=\"yoast-schema-graph\">{\"@context\":\"https:\/\/schema.org\",\"@graph\":[{\"@type\":\"WebPage\",\"@id\":\"https:\/\/oxytronic.fr\/en\/design-services-and-build-to-spec\/illuminated-panels\/\",\"url\":\"https:\/\/oxytronic.fr\/en\/design-services-and-build-to-spec\/illuminated-panels\/\",\"name\":\"Illuminated Panels | Oxytronic\",\"isPartOf\":{\"@id\":\"https:\/\/oxytronic.fr\/#website\"},\"primaryImageOfPage\":{\"@id\":\"https:\/\/oxytronic.fr\/en\/design-services-and-build-to-spec\/illuminated-panels\/#primaryimage\"},\"image\":{\"@id\":\"https:\/\/oxytronic.fr\/en\/design-services-and-build-to-spec\/illuminated-panels\/#primaryimage\"},\"thumbnailUrl\":\"https:\/\/oxytronic.fr\/assets\/uploads\/2020\/06\/Faces-avant-r\u00e9tro\u00e9clair\u00e9es-R1.58.jpg\",\"datePublished\":\"2020-04-28T07:33:45+00:00\",\"dateModified\":\"2026-01-14T08:17:27+00:00\",\"breadcrumb\":{\"@id\":\"https:\/\/oxytronic.fr\/en\/design-services-and-build-to-spec\/illuminated-panels\/#breadcrumb\"},\"inLanguage\":\"en-US\",\"potentialAction\":[{\"@type\":\"ReadAction\",\"target\":[\"https:\/\/oxytronic.fr\/en\/design-services-and-build-to-spec\/illuminated-panels\/\"]}]},{\"@type\":\"ImageObject\",\"inLanguage\":\"en-US\",\"@id\":\"https:\/\/oxytronic.fr\/en\/design-services-and-build-to-spec\/illuminated-panels\/#primaryimage\",\"url\":\"https:\/\/oxytronic.fr\/assets\/uploads\/2020\/06\/Faces-avant-r\u00e9tro\u00e9clair\u00e9es-R1.58.jpg\",\"contentUrl\":\"https:\/\/oxytronic.fr\/assets\/uploads\/2020\/06\/Faces-avant-r\u00e9tro\u00e9clair\u00e9es-R1.58.jpg\",\"width\":2560,\"height\":1619},{\"@type\":\"BreadcrumbList\",\"@id\":\"https:\/\/oxytronic.fr\/en\/design-services-and-build-to-spec\/illuminated-panels\/#breadcrumb\",\"itemListElement\":[{\"@type\":\"ListItem\",\"position\":1,\"name\":\"Accueil\",\"item\":\"https:\/\/oxytronic.fr\/en\/accueil\/\"},{\"@type\":\"ListItem\",\"position\":2,\"name\":\"Design Services and Build-to-Spec\",\"item\":\"https:\/\/oxytronic.fr\/etudes-build-to-spec\/\"},{\"@type\":\"ListItem\",\"position\":3,\"name\":\"Illuminated Panels\"}]},{\"@type\":\"WebSite\",\"@id\":\"https:\/\/oxytronic.fr\/#website\",\"url\":\"https:\/\/oxytronic.fr\/\",\"name\":\"Oxytronic\",\"description\":\"Entreprise sp\u00e9cialis\u00e9e dans les \u00e9quipements \u00e9lectroniques.\",\"publisher\":{\"@id\":\"https:\/\/oxytronic.fr\/#organization\"},\"potentialAction\":[{\"@type\":\"SearchAction\",\"target\":{\"@type\":\"EntryPoint\",\"urlTemplate\":\"https:\/\/oxytronic.fr\/?s={search_term_string}\"},\"query-input\":{\"@type\":\"PropertyValueSpecification\",\"valueRequired\":true,\"valueName\":\"search_term_string\"}}],\"inLanguage\":\"en-US\"},{\"@type\":\"Organization\",\"@id\":\"https:\/\/oxytronic.fr\/#organization\",\"name\":\"Oxytronic\",\"url\":\"https:\/\/oxytronic.fr\/\",\"logo\":{\"@type\":\"ImageObject\",\"inLanguage\":\"en-US\",\"@id\":\"https:\/\/oxytronic.fr\/#\/schema\/logo\/image\/\",\"url\":\"https:\/\/oxytronic.fr\/assets\/uploads\/2020\/04\/oxytronic.svg\",\"contentUrl\":\"https:\/\/oxytronic.fr\/assets\/uploads\/2020\/04\/oxytronic.svg\",\"width\":1697,\"height\":250,\"caption\":\"Oxytronic\"},\"image\":{\"@id\":\"https:\/\/oxytronic.fr\/#\/schema\/logo\/image\/\"},\"sameAs\":[\"https:\/\/www.linkedin.com\/company\/oxytronic\/\",\"https:\/\/www.youtube.com\/channel\/UCzMjeiwK0ZJRcP4GqX72Ocg\"]}]}<\/script>\n<!-- \/ Yoast SEO plugin. -->","yoast_head_json":{"title":"Illuminated Panels | Oxytronic","robots":{"index":"index","follow":"follow","max-snippet":"max-snippet:-1","max-image-preview":"max-image-preview:large","max-video-preview":"max-video-preview:-1"},"canonical":"https:\/\/oxytronic.fr\/en\/design-services-and-build-to-spec\/illuminated-panels\/","og_locale":"en_US","og_type":"article","og_title":"Illuminated Panels | Oxytronic","og_description":"Design and manufacturing of backlighted cockpit panels.","og_url":"https:\/\/oxytronic.fr\/en\/design-services-and-build-to-spec\/illuminated-panels\/","og_site_name":"Oxytronic","article_modified_time":"2026-01-14T08:17:27+00:00","og_image":[{"width":2560,"height":1619,"url":"https:\/\/oxytronic.fr\/assets\/uploads\/2020\/06\/Faces-avant-r\u00e9tro\u00e9clair\u00e9es-R1.58.jpg","type":"image\/jpeg"}],"twitter_card":"summary_large_image","twitter_misc":{"Est. reading time":"2 minutes"},"schema":{"@context":"https:\/\/schema.org","@graph":[{"@type":"WebPage","@id":"https:\/\/oxytronic.fr\/en\/design-services-and-build-to-spec\/illuminated-panels\/","url":"https:\/\/oxytronic.fr\/en\/design-services-and-build-to-spec\/illuminated-panels\/","name":"Illuminated Panels | Oxytronic","isPartOf":{"@id":"https:\/\/oxytronic.fr\/#website"},"primaryImageOfPage":{"@id":"https:\/\/oxytronic.fr\/en\/design-services-and-build-to-spec\/illuminated-panels\/#primaryimage"},"image":{"@id":"https:\/\/oxytronic.fr\/en\/design-services-and-build-to-spec\/illuminated-panels\/#primaryimage"},"thumbnailUrl":"https:\/\/oxytronic.fr\/assets\/uploads\/2020\/06\/Faces-avant-r\u00e9tro\u00e9clair\u00e9es-R1.58.jpg","datePublished":"2020-04-28T07:33:45+00:00","dateModified":"2026-01-14T08:17:27+00:00","breadcrumb":{"@id":"https:\/\/oxytronic.fr\/en\/design-services-and-build-to-spec\/illuminated-panels\/#breadcrumb"},"inLanguage":"en-US","potentialAction":[{"@type":"ReadAction","target":["https:\/\/oxytronic.fr\/en\/design-services-and-build-to-spec\/illuminated-panels\/"]}]},{"@type":"ImageObject","inLanguage":"en-US","@id":"https:\/\/oxytronic.fr\/en\/design-services-and-build-to-spec\/illuminated-panels\/#primaryimage","url":"https:\/\/oxytronic.fr\/assets\/uploads\/2020\/06\/Faces-avant-r\u00e9tro\u00e9clair\u00e9es-R1.58.jpg","contentUrl":"https:\/\/oxytronic.fr\/assets\/uploads\/2020\/06\/Faces-avant-r\u00e9tro\u00e9clair\u00e9es-R1.58.jpg","width":2560,"height":1619},{"@type":"BreadcrumbList","@id":"https:\/\/oxytronic.fr\/en\/design-services-and-build-to-spec\/illuminated-panels\/#breadcrumb","itemListElement":[{"@type":"ListItem","position":1,"name":"Accueil","item":"https:\/\/oxytronic.fr\/en\/accueil\/"},{"@type":"ListItem","position":2,"name":"Design Services and Build-to-Spec","item":"https:\/\/oxytronic.fr\/etudes-build-to-spec\/"},{"@type":"ListItem","position":3,"name":"Illuminated Panels"}]},{"@type":"WebSite","@id":"https:\/\/oxytronic.fr\/#website","url":"https:\/\/oxytronic.fr\/","name":"Oxytronic","description":"Entreprise sp\u00e9cialis\u00e9e dans les \u00e9quipements \u00e9lectroniques.","publisher":{"@id":"https:\/\/oxytronic.fr\/#organization"},"potentialAction":[{"@type":"SearchAction","target":{"@type":"EntryPoint","urlTemplate":"https:\/\/oxytronic.fr\/?s={search_term_string}"},"query-input":{"@type":"PropertyValueSpecification","valueRequired":true,"valueName":"search_term_string"}}],"inLanguage":"en-US"},{"@type":"Organization","@id":"https:\/\/oxytronic.fr\/#organization","name":"Oxytronic","url":"https:\/\/oxytronic.fr\/","logo":{"@type":"ImageObject","inLanguage":"en-US","@id":"https:\/\/oxytronic.fr\/#\/schema\/logo\/image\/","url":"https:\/\/oxytronic.fr\/assets\/uploads\/2020\/04\/oxytronic.svg","contentUrl":"https:\/\/oxytronic.fr\/assets\/uploads\/2020\/04\/oxytronic.svg","width":1697,"height":250,"caption":"Oxytronic"},"image":{"@id":"https:\/\/oxytronic.fr\/#\/schema\/logo\/image\/"},"sameAs":["https:\/\/www.linkedin.com\/company\/oxytronic\/","https:\/\/www.youtube.com\/channel\/UCzMjeiwK0ZJRcP4GqX72Ocg"]}]}},"_links":{"self":[{"href":"https:\/\/oxytronic.fr\/en\/wp-json\/wp\/v2\/pages\/869","targetHints":{"allow":["GET"]}}],"collection":[{"href":"https:\/\/oxytronic.fr\/en\/wp-json\/wp\/v2\/pages"}],"about":[{"href":"https:\/\/oxytronic.fr\/en\/wp-json\/wp\/v2\/types\/page"}],"author":[{"embeddable":true,"href":"https:\/\/oxytronic.fr\/en\/wp-json\/wp\/v2\/users\/1"}],"replies":[{"embeddable":true,"href":"https:\/\/oxytronic.fr\/en\/wp-json\/wp\/v2\/comments?post=869"}],"version-history":[{"count":4,"href":"https:\/\/oxytronic.fr\/en\/wp-json\/wp\/v2\/pages\/869\/revisions"}],"predecessor-version":[{"id":3148,"href":"https:\/\/oxytronic.fr\/en\/wp-json\/wp\/v2\/pages\/869\/revisions\/3148"}],"up":[{"embeddable":true,"href":"https:\/\/oxytronic.fr\/en\/wp-json\/wp\/v2\/pages\/851"}],"wp:featuredmedia":[{"embeddable":true,"href":"https:\/\/oxytronic.fr\/en\/wp-json\/wp\/v2\/media\/1645"}],"wp:attachment":[{"href":"https:\/\/oxytronic.fr\/en\/wp-json\/wp\/v2\/media?parent=869"}],"curies":[{"name":"wp","href":"https:\/\/api.w.org\/{rel}","templated":true}]}}