{"id":871,"date":"2020-04-14T10:09:26","date_gmt":"2020-04-14T10:09:26","guid":{"rendered":"https:\/\/oxytronic.fr\/design-services-and-build-to-spec\/bureau-detudes\/"},"modified":"2020-06-11T13:26:04","modified_gmt":"2020-06-11T13:26:04","slug":"design-services","status":"publish","type":"page","link":"https:\/\/oxytronic.fr\/en\/design-services-and-build-to-spec\/design-services\/","title":{"rendered":"Design Services"},"content":{"rendered":"\n<p>Within our design office, the highly qualified teams of engineers and technicians of Oxytronic design your embedded system according to your specifications, with commitment on the results:<\/p>\n\n\n\n<ul class=\"wp-block-list\"><li>FPGA and SoC design on <a href=\"https:\/\/www.xilinx.com\/\">Xilinx<\/a>, <a href=\"https:\/\/www.microsemi.com\">Microsemi<\/a>, et <a href=\"https:\/\/www.intel.com\/content\/www\/us\/en\/products\/programmable.html\">Altera\/Intel<\/a> products<\/li><li>design of complex embedded boards<\/li><li>software development: embedded software, application software, and GUI<\/li><li>system and mechanical design<\/li><li>design of plastic injected parts, with our subsidiary <a href=\"https:\/\/www.inovaplast.fr\/\">Inovaplast<\/a>.<\/li><\/ul>\n\n\n\n<p>Safety-critical electronic systems for Avionics are designed by our DO-254 and DO-178 expert teams.<\/p>\n\n\n\n<div class=\"wp-block-buttons is-layout-flex wp-block-buttons-is-layout-flex\">\n<div class=\"wp-block-button picto-plus\"><a class=\"wp-block-button__link\" href=\"https:\/\/oxytronic.fr\/applications\/do-254-do-178\/\">Learn more<\/a><\/div>\n<\/div>\n\n\n\n<p>Our design office also takes care of the management of your obsolescence by redesigning products (retrofit) in order to guarantee their sustainability at a lower cost..<\/p>\n\n\n\n<p>Finally, we can also make your prototypes and then launch the pre-series and series phases.<\/p>\n\n\n\n<div class=\"wp-block-buttons is-layout-flex wp-block-buttons-is-layout-flex\">\n<div class=\"wp-block-button picto-plus\"><a class=\"wp-block-button__link\" href=\"https:\/\/oxytronic.fr\/etudes-build-to-spec\/equipements-en-build-to-spec\/\">Learn more<\/a><\/div>\n<\/div>\n\n\n\n<p><\/p>\n","protected":false},"excerpt":{"rendered":"<p>FPGA, Boards and Embedded Systems design according to your specifications.<\/p>\n","protected":false},"author":1,"featured_media":1629,"parent":851,"menu_order":28,"comment_status":"closed","ping_status":"closed","template":"templates\/single-study.php","meta":{"_acf_changed":false,"footnotes":""},"class_list":["post-871","page","type-page","status-publish","has-post-thumbnail","hentry"],"acf":[],"yoast_head":"<!-- This site is optimized with the Yoast SEO plugin v27.2 - https:\/\/yoast.com\/product\/yoast-seo-wordpress\/ -->\n<title>Design Services | Oxytronic<\/title>\n<meta name=\"robots\" content=\"index, follow, max-snippet:-1, max-image-preview:large, max-video-preview:-1\" \/>\n<link rel=\"canonical\" href=\"https:\/\/oxytronic.fr\/etudes-build-to-spec\/bureau-etudes\/\" \/>\n<meta property=\"og:locale\" content=\"en_US\" \/>\n<meta property=\"og:type\" content=\"article\" \/>\n<meta property=\"og:title\" content=\"Design Services | Oxytronic\" \/>\n<meta property=\"og:description\" content=\"FPGA, Boards and Embedded Systems design according to your specifications.\" \/>\n<meta property=\"og:url\" content=\"https:\/\/oxytronic.fr\/etudes-build-to-spec\/bureau-etudes\/\" \/>\n<meta property=\"og:site_name\" content=\"Oxytronic\" \/>\n<meta property=\"article:modified_time\" content=\"2020-06-11T13:26:04+00:00\" \/>\n<meta property=\"og:image\" content=\"https:\/\/oxytronic.fr\/assets\/uploads\/2020\/06\/Bureau-d\u00e9tudes-R1.58.jpg\" \/>\n\t<meta property=\"og:image:width\" content=\"2060\" \/>\n\t<meta property=\"og:image:height\" content=\"1304\" \/>\n\t<meta property=\"og:image:type\" content=\"image\/jpeg\" \/>\n<meta name=\"twitter:card\" content=\"summary_large_image\" \/>\n<meta name=\"twitter:label1\" content=\"Est. reading time\" \/>\n\t<meta name=\"twitter:data1\" content=\"1 minute\" \/>\n<script type=\"application\/ld+json\" class=\"yoast-schema-graph\">{\"@context\":\"https:\/\/schema.org\",\"@graph\":[{\"@type\":\"WebPage\",\"@id\":\"https:\/\/oxytronic.fr\/etudes-build-to-spec\/bureau-etudes\/\",\"url\":\"https:\/\/oxytronic.fr\/etudes-build-to-spec\/bureau-etudes\/\",\"name\":\"Design Services | Oxytronic\",\"isPartOf\":{\"@id\":\"https:\/\/oxytronic.fr\/#website\"},\"primaryImageOfPage\":{\"@id\":\"https:\/\/oxytronic.fr\/etudes-build-to-spec\/bureau-etudes\/#primaryimage\"},\"image\":{\"@id\":\"https:\/\/oxytronic.fr\/etudes-build-to-spec\/bureau-etudes\/#primaryimage\"},\"thumbnailUrl\":\"https:\/\/oxytronic.fr\/assets\/uploads\/2020\/06\/Bureau-d\u00e9tudes-R1.58.jpg\",\"datePublished\":\"2020-04-14T10:09:26+00:00\",\"dateModified\":\"2020-06-11T13:26:04+00:00\",\"breadcrumb\":{\"@id\":\"https:\/\/oxytronic.fr\/etudes-build-to-spec\/bureau-etudes\/#breadcrumb\"},\"inLanguage\":\"en-US\",\"potentialAction\":[{\"@type\":\"ReadAction\",\"target\":[\"https:\/\/oxytronic.fr\/etudes-build-to-spec\/bureau-etudes\/\"]}]},{\"@type\":\"ImageObject\",\"inLanguage\":\"en-US\",\"@id\":\"https:\/\/oxytronic.fr\/etudes-build-to-spec\/bureau-etudes\/#primaryimage\",\"url\":\"https:\/\/oxytronic.fr\/assets\/uploads\/2020\/06\/Bureau-d\u00e9tudes-R1.58.jpg\",\"contentUrl\":\"https:\/\/oxytronic.fr\/assets\/uploads\/2020\/06\/Bureau-d\u00e9tudes-R1.58.jpg\",\"width\":2060,\"height\":1304},{\"@type\":\"BreadcrumbList\",\"@id\":\"https:\/\/oxytronic.fr\/etudes-build-to-spec\/bureau-etudes\/#breadcrumb\",\"itemListElement\":[{\"@type\":\"ListItem\",\"position\":1,\"name\":\"Accueil\",\"item\":\"https:\/\/oxytronic.fr\/en\/accueil\/\"},{\"@type\":\"ListItem\",\"position\":2,\"name\":\"Design Services and Build-to-Spec\",\"item\":\"https:\/\/oxytronic.fr\/etudes-build-to-spec\/\"},{\"@type\":\"ListItem\",\"position\":3,\"name\":\"Design Services\"}]},{\"@type\":\"WebSite\",\"@id\":\"https:\/\/oxytronic.fr\/#website\",\"url\":\"https:\/\/oxytronic.fr\/\",\"name\":\"Oxytronic\",\"description\":\"Entreprise sp\u00e9cialis\u00e9e dans les \u00e9quipements \u00e9lectroniques.\",\"publisher\":{\"@id\":\"https:\/\/oxytronic.fr\/#organization\"},\"potentialAction\":[{\"@type\":\"SearchAction\",\"target\":{\"@type\":\"EntryPoint\",\"urlTemplate\":\"https:\/\/oxytronic.fr\/?s={search_term_string}\"},\"query-input\":{\"@type\":\"PropertyValueSpecification\",\"valueRequired\":true,\"valueName\":\"search_term_string\"}}],\"inLanguage\":\"en-US\"},{\"@type\":\"Organization\",\"@id\":\"https:\/\/oxytronic.fr\/#organization\",\"name\":\"Oxytronic\",\"url\":\"https:\/\/oxytronic.fr\/\",\"logo\":{\"@type\":\"ImageObject\",\"inLanguage\":\"en-US\",\"@id\":\"https:\/\/oxytronic.fr\/#\/schema\/logo\/image\/\",\"url\":\"https:\/\/oxytronic.fr\/assets\/uploads\/2020\/04\/oxytronic.svg\",\"contentUrl\":\"https:\/\/oxytronic.fr\/assets\/uploads\/2020\/04\/oxytronic.svg\",\"width\":1697,\"height\":250,\"caption\":\"Oxytronic\"},\"image\":{\"@id\":\"https:\/\/oxytronic.fr\/#\/schema\/logo\/image\/\"},\"sameAs\":[\"https:\/\/www.linkedin.com\/company\/oxytronic\/\",\"https:\/\/www.youtube.com\/channel\/UCzMjeiwK0ZJRcP4GqX72Ocg\"]}]}<\/script>\n<!-- \/ Yoast SEO plugin. -->","yoast_head_json":{"title":"Design Services | Oxytronic","robots":{"index":"index","follow":"follow","max-snippet":"max-snippet:-1","max-image-preview":"max-image-preview:large","max-video-preview":"max-video-preview:-1"},"canonical":"https:\/\/oxytronic.fr\/etudes-build-to-spec\/bureau-etudes\/","og_locale":"en_US","og_type":"article","og_title":"Design Services | Oxytronic","og_description":"FPGA, Boards and Embedded Systems design according to your specifications.","og_url":"https:\/\/oxytronic.fr\/etudes-build-to-spec\/bureau-etudes\/","og_site_name":"Oxytronic","article_modified_time":"2020-06-11T13:26:04+00:00","og_image":[{"width":2060,"height":1304,"url":"https:\/\/oxytronic.fr\/assets\/uploads\/2020\/06\/Bureau-d\u00e9tudes-R1.58.jpg","type":"image\/jpeg"}],"twitter_card":"summary_large_image","twitter_misc":{"Est. reading time":"1 minute"},"schema":{"@context":"https:\/\/schema.org","@graph":[{"@type":"WebPage","@id":"https:\/\/oxytronic.fr\/etudes-build-to-spec\/bureau-etudes\/","url":"https:\/\/oxytronic.fr\/etudes-build-to-spec\/bureau-etudes\/","name":"Design Services | Oxytronic","isPartOf":{"@id":"https:\/\/oxytronic.fr\/#website"},"primaryImageOfPage":{"@id":"https:\/\/oxytronic.fr\/etudes-build-to-spec\/bureau-etudes\/#primaryimage"},"image":{"@id":"https:\/\/oxytronic.fr\/etudes-build-to-spec\/bureau-etudes\/#primaryimage"},"thumbnailUrl":"https:\/\/oxytronic.fr\/assets\/uploads\/2020\/06\/Bureau-d\u00e9tudes-R1.58.jpg","datePublished":"2020-04-14T10:09:26+00:00","dateModified":"2020-06-11T13:26:04+00:00","breadcrumb":{"@id":"https:\/\/oxytronic.fr\/etudes-build-to-spec\/bureau-etudes\/#breadcrumb"},"inLanguage":"en-US","potentialAction":[{"@type":"ReadAction","target":["https:\/\/oxytronic.fr\/etudes-build-to-spec\/bureau-etudes\/"]}]},{"@type":"ImageObject","inLanguage":"en-US","@id":"https:\/\/oxytronic.fr\/etudes-build-to-spec\/bureau-etudes\/#primaryimage","url":"https:\/\/oxytronic.fr\/assets\/uploads\/2020\/06\/Bureau-d\u00e9tudes-R1.58.jpg","contentUrl":"https:\/\/oxytronic.fr\/assets\/uploads\/2020\/06\/Bureau-d\u00e9tudes-R1.58.jpg","width":2060,"height":1304},{"@type":"BreadcrumbList","@id":"https:\/\/oxytronic.fr\/etudes-build-to-spec\/bureau-etudes\/#breadcrumb","itemListElement":[{"@type":"ListItem","position":1,"name":"Accueil","item":"https:\/\/oxytronic.fr\/en\/accueil\/"},{"@type":"ListItem","position":2,"name":"Design Services and Build-to-Spec","item":"https:\/\/oxytronic.fr\/etudes-build-to-spec\/"},{"@type":"ListItem","position":3,"name":"Design Services"}]},{"@type":"WebSite","@id":"https:\/\/oxytronic.fr\/#website","url":"https:\/\/oxytronic.fr\/","name":"Oxytronic","description":"Entreprise sp\u00e9cialis\u00e9e dans les \u00e9quipements \u00e9lectroniques.","publisher":{"@id":"https:\/\/oxytronic.fr\/#organization"},"potentialAction":[{"@type":"SearchAction","target":{"@type":"EntryPoint","urlTemplate":"https:\/\/oxytronic.fr\/?s={search_term_string}"},"query-input":{"@type":"PropertyValueSpecification","valueRequired":true,"valueName":"search_term_string"}}],"inLanguage":"en-US"},{"@type":"Organization","@id":"https:\/\/oxytronic.fr\/#organization","name":"Oxytronic","url":"https:\/\/oxytronic.fr\/","logo":{"@type":"ImageObject","inLanguage":"en-US","@id":"https:\/\/oxytronic.fr\/#\/schema\/logo\/image\/","url":"https:\/\/oxytronic.fr\/assets\/uploads\/2020\/04\/oxytronic.svg","contentUrl":"https:\/\/oxytronic.fr\/assets\/uploads\/2020\/04\/oxytronic.svg","width":1697,"height":250,"caption":"Oxytronic"},"image":{"@id":"https:\/\/oxytronic.fr\/#\/schema\/logo\/image\/"},"sameAs":["https:\/\/www.linkedin.com\/company\/oxytronic\/","https:\/\/www.youtube.com\/channel\/UCzMjeiwK0ZJRcP4GqX72Ocg"]}]}},"_links":{"self":[{"href":"https:\/\/oxytronic.fr\/en\/wp-json\/wp\/v2\/pages\/871","targetHints":{"allow":["GET"]}}],"collection":[{"href":"https:\/\/oxytronic.fr\/en\/wp-json\/wp\/v2\/pages"}],"about":[{"href":"https:\/\/oxytronic.fr\/en\/wp-json\/wp\/v2\/types\/page"}],"author":[{"embeddable":true,"href":"https:\/\/oxytronic.fr\/en\/wp-json\/wp\/v2\/users\/1"}],"replies":[{"embeddable":true,"href":"https:\/\/oxytronic.fr\/en\/wp-json\/wp\/v2\/comments?post=871"}],"version-history":[{"count":0,"href":"https:\/\/oxytronic.fr\/en\/wp-json\/wp\/v2\/pages\/871\/revisions"}],"up":[{"embeddable":true,"href":"https:\/\/oxytronic.fr\/en\/wp-json\/wp\/v2\/pages\/851"}],"wp:featuredmedia":[{"embeddable":true,"href":"https:\/\/oxytronic.fr\/en\/wp-json\/wp\/v2\/media\/1629"}],"wp:attachment":[{"href":"https:\/\/oxytronic.fr\/en\/wp-json\/wp\/v2\/media?parent=871"}],"curies":[{"name":"wp","href":"https:\/\/api.w.org\/{rel}","templated":true}]}}