{"id":873,"date":"2020-04-14T09:19:54","date_gmt":"2020-04-14T09:19:54","guid":{"rendered":"https:\/\/oxytronic.fr\/recrutement\/"},"modified":"2020-06-18T13:19:14","modified_gmt":"2020-06-18T13:19:14","slug":"recruitment","status":"publish","type":"page","link":"https:\/\/oxytronic.fr\/en\/recruitment\/","title":{"rendered":"Recruitment"},"content":{"rendered":"<div class=\"job_listings\" data-location=\"\" data-keywords=\"\" data-show_filters=\"false\" data-show_pagination=\"false\" data-per_page=\"10\" data-orderby=\"featured\" data-order=\"DESC\" data-categories=\"\" data-disable-form-state-storage=\"\" data-featured_first=\"false\" data-post_id=\"1924\" ><ul class=\"job_listings\">\n\r\n<li class=\"post-1925 job_listing type-job_listing status-publish hentry job-type-cdi job_position_filled\" data-longitude=\"\" data-latitude=\"\">\r\n\t<a href=\"https:\/\/oxytronic.fr\/en\/job\/ingenieur-systemes-embarques-h-f-2\/\">\r\n\t\t<div class=\"position\">\r\n\t\t\t<span class=\"position__offre-pourvue\">Offre pourvue<\/span>\r\n\t\t\t<h3 class=\"h3\">Ing\u00e9nieur Syst\u00e8mes Embarqu\u00e9s (H\/F)<\/h3>\r\n\t\t\tSous la responsabilit\u00e9 de notre Directeur de bureau d\u2019\u00e9tude (17 personnes) et du Responsable de Projet, vous participerez au d\u00e9veloppement&hellip;\t\t\t<div class=\"company\">\r\n\t\t\t\t\t\t\t\t\t\t\t<\/div>\r\n\t\t<\/div>\r\n\t\t<div class=\"location\">\r\n\t\t\tMeylan\t\t<\/div>\r\n\t\t<ul class=\"meta\">\r\n\t\t\t\r\n\t\t\t\t\t\t\t\t\t\t\t\t\t\t\t\t<li class=\"job-type full-time-en\">CDI<\/li>\r\n\t\t\t\t\t\t\t\r\n\t\t\t<li class=\"date\">09\/10\/2019<\/li>\r\n\r\n\t\t\t\t\t<\/ul>\r\n\t<\/a>\r\n<\/li>\r\n\r\n<li class=\"post-1926 job_listing type-job_listing status-expired hentry job-type-cdi job_position_filled\" data-longitude=\"\" data-latitude=\"\">\r\n\t<a href=\"https:\/\/oxytronic.fr\/en\/?post_type=job_listing&#038;p=1926\">\r\n\t\t<div class=\"position\">\r\n\t\t\t<span class=\"position__offre-pourvue\">Offre pourvue<\/span>\r\n\t\t\t<h3 class=\"h3\">Ing\u00e9nieur Syst\u00e8mes Embarqu\u00e9s (H\/F)<\/h3>\r\n\t\t\tSous la responsabilit\u00e9 de notre Directeur de bureau d\u2019\u00e9tude (17 personnes) et du Responsable de Projet, vous participerez au d\u00e9veloppement&hellip;\t\t\t<div class=\"company\">\r\n\t\t\t\t\t\t\t\t\t\t\t<\/div>\r\n\t\t<\/div>\r\n\t\t<div class=\"location\">\r\n\t\t\tAubagne\t\t<\/div>\r\n\t\t<ul class=\"meta\">\r\n\t\t\t\r\n\t\t\t\t\t\t\t\t\t\t\t\t\t\t\t\t<li class=\"job-type full-time-en\">CDI<\/li>\r\n\t\t\t\t\t\t\t\r\n\t\t\t<li class=\"date\">09\/10\/2019<\/li>\r\n\r\n\t\t\t\t\t<\/ul>\r\n\t<\/a>\r\n<\/li>\r\n\r\n<li class=\"post-1923 job_listing type-job_listing status-expired hentry job-type-cdi job_position_filled\" data-longitude=\"\" data-latitude=\"\">\r\n\t<a href=\"https:\/\/oxytronic.fr\/en\/?post_type=job_listing&#038;p=1923\">\r\n\t\t<div class=\"position\">\r\n\t\t\t<span class=\"position__offre-pourvue\">Offre pourvue<\/span>\r\n\t\t\t<h3 class=\"h3\">Responsable BE M\u00e9ca et P\u00f4le &#8220;Faces Avant R\u00e9tro-\u00e9clair\u00e9es&#8221; (H\/F)<\/h3>\r\n\t\t\tSous la responsabilit\u00e9 de notre Directeur Technique, vous aurez comme principale mission d\u2019assurer la gestion du p\u00f4le \"Faces avant r\u00e9tro\u00e9clair\u00e9es\"&hellip;\t\t\t<div class=\"company\">\r\n\t\t\t\t\t\t\t\t\t\t\t<\/div>\r\n\t\t<\/div>\r\n\t\t<div class=\"location\">\r\n\t\t\tAubagne\t\t<\/div>\r\n\t\t<ul class=\"meta\">\r\n\t\t\t\r\n\t\t\t\t\t\t\t\t\t\t\t\t\t\t\t\t<li class=\"job-type full-time-en\">CDI<\/li>\r\n\t\t\t\t\t\t\t\r\n\t\t\t<li class=\"date\">04\/07\/2019<\/li>\r\n\r\n\t\t\t\t\t<\/ul>\r\n\t<\/a>\r\n<\/li>\r\n<\/ul>\n<\/div>\n\n\n<p><\/p>\n","protected":false},"excerpt":{"rendered":"","protected":false},"author":1,"featured_media":0,"parent":0,"menu_order":70,"comment_status":"closed","ping_status":"closed","template":"templates\/recrutement.php","meta":{"_acf_changed":false,"footnotes":""},"class_list":["post-873","page","type-page","status-publish","hentry"],"acf":[],"yoast_head":"<!-- This site is optimized with the Yoast SEO plugin v27.5 - https:\/\/yoast.com\/product\/yoast-seo-wordpress\/ -->\n<title>Recruitment | Oxytronic<\/title>\n<meta name=\"robots\" content=\"index, follow, max-snippet:-1, max-image-preview:large, max-video-preview:-1\" \/>\n<link rel=\"canonical\" href=\"https:\/\/oxytronic.fr\/recrutement\/\" \/>\n<meta property=\"og:locale\" content=\"en_US\" \/>\n<meta property=\"og:type\" content=\"article\" \/>\n<meta property=\"og:title\" content=\"Recruitment | Oxytronic\" \/>\n<meta property=\"og:url\" content=\"https:\/\/oxytronic.fr\/recrutement\/\" \/>\n<meta property=\"og:site_name\" content=\"Oxytronic\" \/>\n<meta property=\"article:modified_time\" content=\"2020-06-18T13:19:14+00:00\" \/>\n<meta name=\"twitter:card\" content=\"summary_large_image\" \/>\n<script type=\"application\/ld+json\" class=\"yoast-schema-graph\">{\"@context\":\"https:\\\/\\\/schema.org\",\"@graph\":[{\"@type\":\"WebPage\",\"@id\":\"https:\\\/\\\/oxytronic.fr\\\/recrutement\\\/\",\"url\":\"https:\\\/\\\/oxytronic.fr\\\/recrutement\\\/\",\"name\":\"Recruitment | Oxytronic\",\"isPartOf\":{\"@id\":\"https:\\\/\\\/oxytronic.fr\\\/#website\"},\"datePublished\":\"2020-04-14T09:19:54+00:00\",\"dateModified\":\"2020-06-18T13:19:14+00:00\",\"breadcrumb\":{\"@id\":\"https:\\\/\\\/oxytronic.fr\\\/recrutement\\\/#breadcrumb\"},\"inLanguage\":\"en-US\",\"potentialAction\":[{\"@type\":\"ReadAction\",\"target\":[\"https:\\\/\\\/oxytronic.fr\\\/recrutement\\\/\"]}]},{\"@type\":\"BreadcrumbList\",\"@id\":\"https:\\\/\\\/oxytronic.fr\\\/recrutement\\\/#breadcrumb\",\"itemListElement\":[{\"@type\":\"ListItem\",\"position\":1,\"name\":\"Accueil\",\"item\":\"https:\\\/\\\/oxytronic.fr\\\/en\\\/accueil\\\/\"},{\"@type\":\"ListItem\",\"position\":2,\"name\":\"Recruitment\"}]},{\"@type\":\"WebSite\",\"@id\":\"https:\\\/\\\/oxytronic.fr\\\/#website\",\"url\":\"https:\\\/\\\/oxytronic.fr\\\/\",\"name\":\"Oxytronic\",\"description\":\"Entreprise sp\u00e9cialis\u00e9e dans les \u00e9quipements \u00e9lectroniques.\",\"publisher\":{\"@id\":\"https:\\\/\\\/oxytronic.fr\\\/#organization\"},\"potentialAction\":[{\"@type\":\"SearchAction\",\"target\":{\"@type\":\"EntryPoint\",\"urlTemplate\":\"https:\\\/\\\/oxytronic.fr\\\/?s={search_term_string}\"},\"query-input\":{\"@type\":\"PropertyValueSpecification\",\"valueRequired\":true,\"valueName\":\"search_term_string\"}}],\"inLanguage\":\"en-US\"},{\"@type\":\"Organization\",\"@id\":\"https:\\\/\\\/oxytronic.fr\\\/#organization\",\"name\":\"Oxytronic\",\"url\":\"https:\\\/\\\/oxytronic.fr\\\/\",\"logo\":{\"@type\":\"ImageObject\",\"inLanguage\":\"en-US\",\"@id\":\"https:\\\/\\\/oxytronic.fr\\\/#\\\/schema\\\/logo\\\/image\\\/\",\"url\":\"https:\\\/\\\/oxytronic.fr\\\/assets\\\/uploads\\\/2020\\\/04\\\/oxytronic.svg\",\"contentUrl\":\"https:\\\/\\\/oxytronic.fr\\\/assets\\\/uploads\\\/2020\\\/04\\\/oxytronic.svg\",\"width\":1697,\"height\":250,\"caption\":\"Oxytronic\"},\"image\":{\"@id\":\"https:\\\/\\\/oxytronic.fr\\\/#\\\/schema\\\/logo\\\/image\\\/\"},\"sameAs\":[\"https:\\\/\\\/www.linkedin.com\\\/company\\\/oxytronic\\\/\",\"https:\\\/\\\/www.youtube.com\\\/channel\\\/UCzMjeiwK0ZJRcP4GqX72Ocg\"]}]}<\/script>\n<!-- \/ Yoast SEO plugin. -->","yoast_head_json":{"title":"Recruitment | Oxytronic","robots":{"index":"index","follow":"follow","max-snippet":"max-snippet:-1","max-image-preview":"max-image-preview:large","max-video-preview":"max-video-preview:-1"},"canonical":"https:\/\/oxytronic.fr\/recrutement\/","og_locale":"en_US","og_type":"article","og_title":"Recruitment | Oxytronic","og_url":"https:\/\/oxytronic.fr\/recrutement\/","og_site_name":"Oxytronic","article_modified_time":"2020-06-18T13:19:14+00:00","twitter_card":"summary_large_image","schema":{"@context":"https:\/\/schema.org","@graph":[{"@type":"WebPage","@id":"https:\/\/oxytronic.fr\/recrutement\/","url":"https:\/\/oxytronic.fr\/recrutement\/","name":"Recruitment | Oxytronic","isPartOf":{"@id":"https:\/\/oxytronic.fr\/#website"},"datePublished":"2020-04-14T09:19:54+00:00","dateModified":"2020-06-18T13:19:14+00:00","breadcrumb":{"@id":"https:\/\/oxytronic.fr\/recrutement\/#breadcrumb"},"inLanguage":"en-US","potentialAction":[{"@type":"ReadAction","target":["https:\/\/oxytronic.fr\/recrutement\/"]}]},{"@type":"BreadcrumbList","@id":"https:\/\/oxytronic.fr\/recrutement\/#breadcrumb","itemListElement":[{"@type":"ListItem","position":1,"name":"Accueil","item":"https:\/\/oxytronic.fr\/en\/accueil\/"},{"@type":"ListItem","position":2,"name":"Recruitment"}]},{"@type":"WebSite","@id":"https:\/\/oxytronic.fr\/#website","url":"https:\/\/oxytronic.fr\/","name":"Oxytronic","description":"Entreprise sp\u00e9cialis\u00e9e dans les \u00e9quipements \u00e9lectroniques.","publisher":{"@id":"https:\/\/oxytronic.fr\/#organization"},"potentialAction":[{"@type":"SearchAction","target":{"@type":"EntryPoint","urlTemplate":"https:\/\/oxytronic.fr\/?s={search_term_string}"},"query-input":{"@type":"PropertyValueSpecification","valueRequired":true,"valueName":"search_term_string"}}],"inLanguage":"en-US"},{"@type":"Organization","@id":"https:\/\/oxytronic.fr\/#organization","name":"Oxytronic","url":"https:\/\/oxytronic.fr\/","logo":{"@type":"ImageObject","inLanguage":"en-US","@id":"https:\/\/oxytronic.fr\/#\/schema\/logo\/image\/","url":"https:\/\/oxytronic.fr\/assets\/uploads\/2020\/04\/oxytronic.svg","contentUrl":"https:\/\/oxytronic.fr\/assets\/uploads\/2020\/04\/oxytronic.svg","width":1697,"height":250,"caption":"Oxytronic"},"image":{"@id":"https:\/\/oxytronic.fr\/#\/schema\/logo\/image\/"},"sameAs":["https:\/\/www.linkedin.com\/company\/oxytronic\/","https:\/\/www.youtube.com\/channel\/UCzMjeiwK0ZJRcP4GqX72Ocg"]}]}},"_links":{"self":[{"href":"https:\/\/oxytronic.fr\/en\/wp-json\/wp\/v2\/pages\/873","targetHints":{"allow":["GET"]}}],"collection":[{"href":"https:\/\/oxytronic.fr\/en\/wp-json\/wp\/v2\/pages"}],"about":[{"href":"https:\/\/oxytronic.fr\/en\/wp-json\/wp\/v2\/types\/page"}],"author":[{"embeddable":true,"href":"https:\/\/oxytronic.fr\/en\/wp-json\/wp\/v2\/users\/1"}],"replies":[{"embeddable":true,"href":"https:\/\/oxytronic.fr\/en\/wp-json\/wp\/v2\/comments?post=873"}],"version-history":[{"count":0,"href":"https:\/\/oxytronic.fr\/en\/wp-json\/wp\/v2\/pages\/873\/revisions"}],"wp:attachment":[{"href":"https:\/\/oxytronic.fr\/en\/wp-json\/wp\/v2\/media?parent=873"}],"curies":[{"name":"wp","href":"https:\/\/api.w.org\/{rel}","templated":true}]}}