{"id":875,"date":"2020-04-14T09:10:23","date_gmt":"2020-04-14T09:10:23","guid":{"rendered":"https:\/\/oxytronic.fr\/mentions-legales\/"},"modified":"2020-05-18T16:28:59","modified_gmt":"2020-05-18T16:28:59","slug":"legal-notice","status":"publish","type":"page","link":"https:\/\/oxytronic.fr\/en\/legal-notice\/","title":{"rendered":"Legal notice"},"content":{"rendered":"\n<p>LE SITE WWW.OXYTRONIC.FR EST \u00c9DIT\u00c9 PAR LA SOCI\u00c9T\u00c9 OXYTRONIC ET LE DIRECTEUR DE PUBLICATION MONSIEUR SERGE DE SENTI<br>SI\u00c8GE SOCIAL : 520 AV. DE JOUQUES<br>Z.I. LES PALUDS<br>13400 AUBAGNE<br>T\u00c9L. : 04 42 82 42 27<br>MAIL : INFO@OXYTRONIC.FR<\/p>\n\n\n\n<p>CONCEPTION DU SITE &amp; H\u00c9BERGEMENT : KR\u00c9ALID \u2013 SARL \u2013<br>RCS LILLE M\u00c9TROP\u00d4LE \u2013 519 828 032<br>SI\u00c8GE SOCIAL : 73 BIS BOULEVARD D\u2019ARMENTI\u00c8RES 59100 ROUBAIX<br>T\u00c9L. : 03 20 87 41 41<br>MAIL : CONTACT@KREALID.COM<\/p>\n\n\n\n<p>DROITS D\u2019AUTEUR<\/p>\n\n\n\n<p>EN APPLICATION DU CODE FRAN\u00c7AIS DE LA PROPRI\u00c9T\u00c9 INTELLECTUELLE ET, PLUS G\u00c9N\u00c9RALEMENT, DES TRAIT\u00c9S ET ACCORDS INTERNATIONAUX COMPORTANT DES DISPOSITIONS RELATIVES \u00c0 LA PROTECTION DES DROITS D\u2019AUTEURS, VOUS VOUS INTERDIREZ DE REPRODUIRE POUR UN USAGE AUTRE QUE PRIV\u00c9, VENDRE, DISTRIBUER, \u00c9METTRE, DIFFUSER, ADAPTER, MODIFIER, PUBLIER, COMMUNIQUER INT\u00c9GRALEMENT OU PARTIELLEMENT, SOUS QUELQUE FORME QUE CE SOIT, LES DONN\u00c9ES, LA PR\u00c9SENTATION OU L\u2019ORGANISATION DU SITE INTERNET OU LES \u0152UVRES PROT\u00c9G\u00c9ES PAR LE DROIT D\u2019AUTEUR QUI FIGURENT SUR LES SITES INTERNET DE L\u2019AGENCE DE CR\u00c9ATION DE SITE INTERNET TASSHA STUDIO SANS AUTORISATION \u00c9CRITE PARTICULI\u00c8RE ET PR\u00c9ALABLE DU D\u00c9TENTEUR DU DROIT D\u2019AUTEUR ATTACH\u00c9 \u00c0 L\u2019\u0152UVRE, \u00c0 LA PR\u00c9SENTATION OU \u00c0 L\u2019ORGANISATION DU SITE OU \u00c0 LA DONN\u00c9E REPRODUITE.<\/p>\n\n\n\n<p>DONN\u00c9ES PERSONNELLES<\/p>\n\n\n\n<p>LES INFORMATIONS COLLECT\u00c9ES SONT DESTIN\u00c9ES UNIQUEMENT \u00c0 L\u2019USAGE DE OXYTRONIC. ELLES SONT UTILIS\u00c9ES \u00c0 DES FINS DE TRAITEMENT DES DEMANDES FORMALIS\u00c9ES PAR LES INTERNAUTES, OU DE STATISTIQUES INTERNES. CES INFORMATIONS NE FONT L\u2019OBJET D\u2019AUCUNE REVENTE \u00c0 DES TIERS.<\/p>\n\n\n\n<p>CONFORM\u00c9MENT \u00c0 LA LOI DU 6 JANVIER 1978, RELATIVE \u00c0 L\u2019INFORMATIQUE, AUX FICHIERS ET AUX LIBERT\u00c9S, VOUS DISPOSEZ D\u2019UN DROIT D\u2019ACC\u00c8S, DE MODIFICATION, DE RECTIFICATION ET DE SUPPRESSION, POUR TOUTE INFORMATION VOUS CONCERNANT EN VOUS ADRESSANT \u00c0<\/p>\n\n\n\n<p>OXYTRONIC<br>520 AV. DE JOUQUES<br>Z.I. LES PALUDS<br>13400 AUBAGNE<br>T\u00c9L. : 04 42 82 42 27<br>MAIL : INFO@OXYTRONIC.FR<\/p>\n","protected":false},"excerpt":{"rendered":"<p>LE SITE WWW.OXYTRONIC.FR EST \u00c9DIT\u00c9 PAR LA SOCI\u00c9T\u00c9 OXYTRONIC ET LE DIRECTEUR DE PUBLICATION MONSIEUR SERGE DE SENTISI\u00c8GE SOCIAL : 520 AV. DE JOUQUESZ.I. LES PALUDS13400 AUBAGNET\u00c9L. : 04 42 82 42 27MAIL : INFO@OXYTRONIC.FR CONCEPTION DU SITE &amp; H\u00c9BERGEMENT : KR\u00c9ALID \u2013 SARL \u2013RCS LILLE M\u00c9TROP\u00d4LE \u2013 519 828 032SI\u00c8GE SOCIAL : 73 BIS [&hellip;]<\/p>\n","protected":false},"author":1,"featured_media":0,"parent":0,"menu_order":72,"comment_status":"closed","ping_status":"open","template":"templates\/legal-terms.php","meta":{"_acf_changed":false,"footnotes":""},"class_list":["post-875","page","type-page","status-publish","hentry"],"acf":[],"yoast_head":"<!-- This site is optimized with the Yoast SEO plugin v27.2 - https:\/\/yoast.com\/product\/yoast-seo-wordpress\/ -->\n<title>Legal notice | Oxytronic<\/title>\n<meta name=\"robots\" content=\"index, follow, max-snippet:-1, max-image-preview:large, max-video-preview:-1\" \/>\n<link rel=\"canonical\" href=\"https:\/\/oxytronic.fr\/mentions-legales\/\" \/>\n<meta property=\"og:locale\" content=\"en_US\" \/>\n<meta property=\"og:type\" content=\"article\" \/>\n<meta property=\"og:title\" content=\"Legal notice | Oxytronic\" \/>\n<meta property=\"og:description\" content=\"LE SITE WWW.OXYTRONIC.FR EST \u00c9DIT\u00c9 PAR LA SOCI\u00c9T\u00c9 OXYTRONIC ET LE DIRECTEUR DE PUBLICATION MONSIEUR SERGE DE SENTISI\u00c8GE SOCIAL : 520 AV. DE JOUQUESZ.I. LES PALUDS13400 AUBAGNET\u00c9L. : 04 42 82 42 27MAIL : INFO@OXYTRONIC.FR CONCEPTION DU SITE &amp; H\u00c9BERGEMENT : KR\u00c9ALID \u2013 SARL \u2013RCS LILLE M\u00c9TROP\u00d4LE \u2013 519 828 032SI\u00c8GE SOCIAL : 73 BIS [&hellip;]\" \/>\n<meta property=\"og:url\" content=\"https:\/\/oxytronic.fr\/mentions-legales\/\" \/>\n<meta property=\"og:site_name\" content=\"Oxytronic\" \/>\n<meta property=\"article:modified_time\" content=\"2020-05-18T16:28:59+00:00\" \/>\n<meta name=\"twitter:card\" content=\"summary_large_image\" \/>\n<meta name=\"twitter:label1\" content=\"Est. reading time\" \/>\n\t<meta name=\"twitter:data1\" content=\"1 minute\" \/>\n<script type=\"application\/ld+json\" class=\"yoast-schema-graph\">{\"@context\":\"https:\/\/schema.org\",\"@graph\":[{\"@type\":\"WebPage\",\"@id\":\"https:\/\/oxytronic.fr\/mentions-legales\/\",\"url\":\"https:\/\/oxytronic.fr\/mentions-legales\/\",\"name\":\"Legal notice | Oxytronic\",\"isPartOf\":{\"@id\":\"https:\/\/oxytronic.fr\/#website\"},\"datePublished\":\"2020-04-14T09:10:23+00:00\",\"dateModified\":\"2020-05-18T16:28:59+00:00\",\"breadcrumb\":{\"@id\":\"https:\/\/oxytronic.fr\/mentions-legales\/#breadcrumb\"},\"inLanguage\":\"en-US\",\"potentialAction\":[{\"@type\":\"ReadAction\",\"target\":[\"https:\/\/oxytronic.fr\/mentions-legales\/\"]}]},{\"@type\":\"BreadcrumbList\",\"@id\":\"https:\/\/oxytronic.fr\/mentions-legales\/#breadcrumb\",\"itemListElement\":[{\"@type\":\"ListItem\",\"position\":1,\"name\":\"Accueil\",\"item\":\"https:\/\/oxytronic.fr\/en\/accueil\/\"},{\"@type\":\"ListItem\",\"position\":2,\"name\":\"Legal notice\"}]},{\"@type\":\"WebSite\",\"@id\":\"https:\/\/oxytronic.fr\/#website\",\"url\":\"https:\/\/oxytronic.fr\/\",\"name\":\"Oxytronic\",\"description\":\"Entreprise sp\u00e9cialis\u00e9e dans les \u00e9quipements \u00e9lectroniques.\",\"publisher\":{\"@id\":\"https:\/\/oxytronic.fr\/#organization\"},\"potentialAction\":[{\"@type\":\"SearchAction\",\"target\":{\"@type\":\"EntryPoint\",\"urlTemplate\":\"https:\/\/oxytronic.fr\/?s={search_term_string}\"},\"query-input\":{\"@type\":\"PropertyValueSpecification\",\"valueRequired\":true,\"valueName\":\"search_term_string\"}}],\"inLanguage\":\"en-US\"},{\"@type\":\"Organization\",\"@id\":\"https:\/\/oxytronic.fr\/#organization\",\"name\":\"Oxytronic\",\"url\":\"https:\/\/oxytronic.fr\/\",\"logo\":{\"@type\":\"ImageObject\",\"inLanguage\":\"en-US\",\"@id\":\"https:\/\/oxytronic.fr\/#\/schema\/logo\/image\/\",\"url\":\"https:\/\/oxytronic.fr\/assets\/uploads\/2020\/04\/oxytronic.svg\",\"contentUrl\":\"https:\/\/oxytronic.fr\/assets\/uploads\/2020\/04\/oxytronic.svg\",\"width\":1697,\"height\":250,\"caption\":\"Oxytronic\"},\"image\":{\"@id\":\"https:\/\/oxytronic.fr\/#\/schema\/logo\/image\/\"},\"sameAs\":[\"https:\/\/www.linkedin.com\/company\/oxytronic\/\",\"https:\/\/www.youtube.com\/channel\/UCzMjeiwK0ZJRcP4GqX72Ocg\"]}]}<\/script>\n<!-- \/ Yoast SEO plugin. -->","yoast_head_json":{"title":"Legal notice | Oxytronic","robots":{"index":"index","follow":"follow","max-snippet":"max-snippet:-1","max-image-preview":"max-image-preview:large","max-video-preview":"max-video-preview:-1"},"canonical":"https:\/\/oxytronic.fr\/mentions-legales\/","og_locale":"en_US","og_type":"article","og_title":"Legal notice | Oxytronic","og_description":"LE SITE WWW.OXYTRONIC.FR EST \u00c9DIT\u00c9 PAR LA SOCI\u00c9T\u00c9 OXYTRONIC ET LE DIRECTEUR DE PUBLICATION MONSIEUR SERGE DE SENTISI\u00c8GE SOCIAL : 520 AV. DE JOUQUESZ.I. LES PALUDS13400 AUBAGNET\u00c9L. : 04 42 82 42 27MAIL : INFO@OXYTRONIC.FR CONCEPTION DU SITE &amp; H\u00c9BERGEMENT : KR\u00c9ALID \u2013 SARL \u2013RCS LILLE M\u00c9TROP\u00d4LE \u2013 519 828 032SI\u00c8GE SOCIAL : 73 BIS [&hellip;]","og_url":"https:\/\/oxytronic.fr\/mentions-legales\/","og_site_name":"Oxytronic","article_modified_time":"2020-05-18T16:28:59+00:00","twitter_card":"summary_large_image","twitter_misc":{"Est. reading time":"1 minute"},"schema":{"@context":"https:\/\/schema.org","@graph":[{"@type":"WebPage","@id":"https:\/\/oxytronic.fr\/mentions-legales\/","url":"https:\/\/oxytronic.fr\/mentions-legales\/","name":"Legal notice | Oxytronic","isPartOf":{"@id":"https:\/\/oxytronic.fr\/#website"},"datePublished":"2020-04-14T09:10:23+00:00","dateModified":"2020-05-18T16:28:59+00:00","breadcrumb":{"@id":"https:\/\/oxytronic.fr\/mentions-legales\/#breadcrumb"},"inLanguage":"en-US","potentialAction":[{"@type":"ReadAction","target":["https:\/\/oxytronic.fr\/mentions-legales\/"]}]},{"@type":"BreadcrumbList","@id":"https:\/\/oxytronic.fr\/mentions-legales\/#breadcrumb","itemListElement":[{"@type":"ListItem","position":1,"name":"Accueil","item":"https:\/\/oxytronic.fr\/en\/accueil\/"},{"@type":"ListItem","position":2,"name":"Legal notice"}]},{"@type":"WebSite","@id":"https:\/\/oxytronic.fr\/#website","url":"https:\/\/oxytronic.fr\/","name":"Oxytronic","description":"Entreprise sp\u00e9cialis\u00e9e dans les \u00e9quipements \u00e9lectroniques.","publisher":{"@id":"https:\/\/oxytronic.fr\/#organization"},"potentialAction":[{"@type":"SearchAction","target":{"@type":"EntryPoint","urlTemplate":"https:\/\/oxytronic.fr\/?s={search_term_string}"},"query-input":{"@type":"PropertyValueSpecification","valueRequired":true,"valueName":"search_term_string"}}],"inLanguage":"en-US"},{"@type":"Organization","@id":"https:\/\/oxytronic.fr\/#organization","name":"Oxytronic","url":"https:\/\/oxytronic.fr\/","logo":{"@type":"ImageObject","inLanguage":"en-US","@id":"https:\/\/oxytronic.fr\/#\/schema\/logo\/image\/","url":"https:\/\/oxytronic.fr\/assets\/uploads\/2020\/04\/oxytronic.svg","contentUrl":"https:\/\/oxytronic.fr\/assets\/uploads\/2020\/04\/oxytronic.svg","width":1697,"height":250,"caption":"Oxytronic"},"image":{"@id":"https:\/\/oxytronic.fr\/#\/schema\/logo\/image\/"},"sameAs":["https:\/\/www.linkedin.com\/company\/oxytronic\/","https:\/\/www.youtube.com\/channel\/UCzMjeiwK0ZJRcP4GqX72Ocg"]}]}},"_links":{"self":[{"href":"https:\/\/oxytronic.fr\/en\/wp-json\/wp\/v2\/pages\/875","targetHints":{"allow":["GET"]}}],"collection":[{"href":"https:\/\/oxytronic.fr\/en\/wp-json\/wp\/v2\/pages"}],"about":[{"href":"https:\/\/oxytronic.fr\/en\/wp-json\/wp\/v2\/types\/page"}],"author":[{"embeddable":true,"href":"https:\/\/oxytronic.fr\/en\/wp-json\/wp\/v2\/users\/1"}],"replies":[{"embeddable":true,"href":"https:\/\/oxytronic.fr\/en\/wp-json\/wp\/v2\/comments?post=875"}],"version-history":[{"count":0,"href":"https:\/\/oxytronic.fr\/en\/wp-json\/wp\/v2\/pages\/875\/revisions"}],"wp:attachment":[{"href":"https:\/\/oxytronic.fr\/en\/wp-json\/wp\/v2\/media?parent=875"}],"curies":[{"name":"wp","href":"https:\/\/api.w.org\/{rel}","templated":true}]}}